{"id":21972,"date":"2018-01-12T09:07:44","date_gmt":"2018-01-12T12:07:44","guid":{"rendered":"http:\/\/anprotec.org.br\/site\/?page_id=21972"},"modified":"2018-04-10T20:48:48","modified_gmt":"2018-04-10T23:48:48","slug":"projetos-nacionais","status":"publish","type":"page","link":"https:\/\/anprotec.org.br\/site\/servicos\/projetos-nacionais\/","title":{"rendered":"Projetos Nacionais"},"content":{"rendered":"<p style=\"text-align: justify\">Reiterando sua fun\u00e7\u00e3o de lideran\u00e7a no cen\u00e1rio do empreendedorismo inovador, a Anprotec busca a aproxima\u00e7\u00e3o de todos os entes desse movimento, por meio de iniciativas e projetos. Para a execu\u00e7\u00e3o destas atividades, destacadas a seguir, um parceiro fundamental tem sido o Servi\u00e7o Brasileiro de Apoio \u00e0s Micro e Pequenas Empresas (Sebrae).<\/p>\n<p style=\"text-align: justify\"><b>Cerne<\/b><\/p>\n<p style=\"text-align: justify\"><span style=\"line-height: 1.5em\">Com o crescimento do n\u00famero de incubadoras no Brasil, a Anprotec empenhou-se na consolida\u00e7\u00e3o de um modelo para promover a melhoria nos resultados apresentados por esses ambientes de inova\u00e7\u00e3o. Com esse objetivo, foi criado, em parceria com o Sebrae, o Centro de Refer\u00eancia para Apoio a Novos Empreendimentos (Cerne), uma plataforma de solu\u00e7\u00f5es para ampliar a capacidade da incubadora em gerar sistematicamente empreendimentos inovadores bem sucedidos. O modelo apresenta pr\u00e1ticas-chave associadas a n\u00edveis de maturidade (Cerne 1, Cerne 2, Cerne 3 e Cerne 4), que representam o avan\u00e7o da incubadora em rela\u00e7\u00e3o \u00e0 melhoria cont\u00ednua.\u00a0<a href=\"https:\/\/anprotec.org.br\/cerne\/\" target=\"_blank\" rel=\"noopener\">Saiba mais<\/a><\/span><\/p>\n<p style=\"text-align: justify\"><b>Programa Educacional Anprotec<\/b><\/p>\n<p style=\"text-align: justify\">Com o objetivo de contribuir para a forma\u00e7\u00e3o de profissionais habilitados a atuar em ambientes de inova\u00e7\u00e3o, em 2014 foi lan\u00e7ado o Programa Educacional Anprotec, em parceria com o Sebrae. \u00a0O programa foi idealizado em formato modular, permitindo a aprendizagem cont\u00ednua dos gestores, a fim de conduzir os ambientes de inova\u00e7\u00e3o brasileiros \u00e0 excel\u00eancia.\u00a0O primeiro curso, oferecido em vers\u00e3o piloto, foi voltado \u00e0 forma\u00e7\u00e3o de\u00a0gestores de incubadoras de empresas, com foco na gera\u00e7\u00e3o e no desenvolvimento de neg\u00f3cios inovadores. \u00a0Por isso, foi utilizada uma abordagem totalmente estrat\u00e9gica, deixando aspectos operacionais em segundo plano.<\/p>\n<p style=\"text-align: justify\"><b>Pr\u00eamio Nacional de Empreendedorismo Inovador<\/b><\/p>\n<p style=\"text-align: justify\"><span style=\"line-height: 1.5em\">Outra iniciativa que reconhece boas pr\u00e1ticas e os participantes do movimento \u00e9 o Pr\u00eamio Nacional de Empreendedorismo Inovador, que contempla seis categorias: melhor incubadora de empresas orientada para a gera\u00e7\u00e3o e uso intenso de tecnologias (PIT); melhor incubadora de empresas orientada para o desenvolvimento local e setorial (DLS); melhor parque tecnol\u00f3gico (PTH); melhor projeto de promo\u00e7\u00e3o da cultura do empreendedorismo inovador (CEI); melhor empresa incubada (EI); e melhor empresa graduada (EG). Consagrando novos vencedores a cada ano, o Pr\u00eamio \u00e9 uma iniciativa promovida em parceria com o Sebrae, que mostra \u00e0 sociedade o potencial de contribui\u00e7\u00e3o do movimento do empreendedorismo inovador para o desenvolvimento sustent\u00e1vel do Brasil.\u00a0<a href=\"https:\/\/anprotec.org.br\/site\/menu\/premio-nacional\/\" target=\"_blank\" rel=\"noopener\">Saiba mais<\/a><\/span><\/p>\n<p style=\"text-align: justify\"><b>Caf\u00e9 da Manh\u00e3<\/b><\/p>\n<p style=\"text-align: justify\">Ao fim de cada ano, a Anprotec promove uma s\u00e9rie de atividades para apresentar aos seus membros e parceiros os principais resultados alcan\u00e7ados e propor a\u00e7\u00f5es para os pr\u00f3ximos anos. Al\u00e9m de reuni\u00f5es de planejamento e assembleias, \u00e9 realizado o tradicional Caf\u00e9 da Manh\u00e3 Anprotec &amp; Parceiros, quando a Anprotec apresenta os projetos que desenvolve, e os representantes de institui\u00e7\u00f5es parceiras avaliam a contribui\u00e7\u00e3o da Associa\u00e7\u00e3o para o empreendedorismo inovador no Brasil. \u00c9 nesta ocasi\u00e3o que os parceiros costumam anunciar importantes medidas de fomento ao movimento.<\/p>\n<p style=\"text-align: justify\"><b>Confer\u00eancia Anprotec<\/b><\/p>\n<p style=\"text-align: justify\"><span style=\"line-height: 1.5em\">Para conversar com os diferentes p\u00fablicos ligados ao empreendedorismo e inova\u00e7\u00e3o, a Anprotec e o Sebrae promovem anualmente a Confer\u00eancia Anprotec, considerado o maior evento de empreendedorismo inovador da Am\u00e9rica Latina. As atividades incluem minicursos, f\u00f3runs e workshops al\u00e9m de sess\u00f5es plen\u00e1ria e interativas, e s\u00e3o frequentadas por um p\u00fablico cada vez mais amplo.\u00a0<a href=\"www.conferenciaanprotec.com.br\" target=\"_blank\" rel=\"noopener\">Saiba mais<\/a><\/span><\/p>\n<p style=\"text-align: justify\"><strong>Parcerias com grandes empresas<\/strong><\/p>\n<p style=\"text-align: justify\">Ciente de que o crescimento das empresas do movimento \u2013 instaladas em incubadoras de empresas e parques tecnol\u00f3gicos \u2013 depende de alian\u00e7as estrat\u00e9gicas como o setor privado, a Anprotec se empenhou para fomentar a aproxima\u00e7\u00e3o com grandes corpora\u00e7\u00f5es que t\u00eam a inova\u00e7\u00e3o como principal diferencial competitivo, como 3M, Natura e Samsung. Essa pr\u00e1tica, j\u00e1 consolidada no cen\u00e1rio internacional, tem contribu\u00eddo para potencializar o impacto dos produtos e solu\u00e7\u00f5es inovadores desenvolvidos por empresas de pequeno e m\u00e9dio portes, estimulando o desenvolvimento de ecossistemas de inova\u00e7\u00e3o.<\/p>\n<p style=\"text-align: justify\"><b style=\"line-height: 1.5em\">Publica\u00e7\u00f5es peri\u00f3dicas<\/b><\/p>\n<p style=\"text-align: justify\">Os a\u00e7\u00f5es e resultados da Anprotec s\u00e3o divulgadas \u00e0 toda a sociedade por meio de importantes ferramentas de comunica\u00e7\u00e3o, como a Revista Locus (publica\u00e7\u00e3o trimestral), o Info-e (newsletter eletr\u00f4nica semanal), o site da Associa\u00e7\u00e3o e m\u00eddias sociais, como o Facebook e Twitter. Al\u00e9m desses canais peri\u00f3dicos, a Anprotec lan\u00e7a publica\u00e7\u00f5es sobre o empreendedorismo inovador, que contam a hist\u00f3ria no movimento no pa\u00eds. A Associa\u00e7\u00e3o tamb\u00e9m edita e comercializa obras direcionadas aos gestores de parques tecnol\u00f3gicos e incubadoras de empresas que buscam aprimorar a gest\u00e3o dos ambientes de inova\u00e7\u00e3o, em temas como planejamento, marketing e governan\u00e7a.<\/p>\n<p>&nbsp;<\/p>\n","protected":false},"excerpt":{"rendered":"<p>Reiterando sua fun\u00e7\u00e3o de lideran\u00e7a no cen\u00e1rio do empreendedorismo inovador,<span class=\"excerpt-hellip\"> [\u2026]<\/span><\/p>\n","protected":false},"author":8,"featured_media":0,"parent":23317,"menu_order":1,"comment_status":"closed","ping_status":"closed","template":"","meta":{"footnotes":"","_links_to":"","_links_to_target":""},"_links":{"self":[{"href":"https:\/\/anprotec.org.br\/site\/wp-json\/wp\/v2\/pages\/21972"}],"collection":[{"href":"https:\/\/anprotec.org.br\/site\/wp-json\/wp\/v2\/pages"}],"about":[{"href":"https:\/\/anprotec.org.br\/site\/wp-json\/wp\/v2\/types\/page"}],"author":[{"embeddable":true,"href":"https:\/\/anprotec.org.br\/site\/wp-json\/wp\/v2\/users\/8"}],"replies":[{"embeddable":true,"href":"https:\/\/anprotec.org.br\/site\/wp-json\/wp\/v2\/comments?post=21972"}],"version-history":[{"count":2,"href":"https:\/\/anprotec.org.br\/site\/wp-json\/wp\/v2\/pages\/21972\/revisions"}],"predecessor-version":[{"id":24368,"href":"https:\/\/anprotec.org.br\/site\/wp-json\/wp\/v2\/pages\/21972\/revisions\/24368"}],"up":[{"embeddable":true,"href":"https:\/\/anprotec.org.br\/site\/wp-json\/wp\/v2\/pages\/23317"}],"wp:attachment":[{"href":"https:\/\/anprotec.org.br\/site\/wp-json\/wp\/v2\/media?parent=21972"}],"curies":[{"name":"wp","href":"https:\/\/api.w.org\/{rel}","templated":true}]}}