{"id":21950,"date":"2018-01-11T08:59:04","date_gmt":"2018-01-11T11:59:04","guid":{"rendered":"http:\/\/anprotec.org.br\/site\/?page_id=21950"},"modified":"2018-04-10T20:18:21","modified_gmt":"2018-04-10T23:18:21","slug":"economia-solidaria","status":"publish","type":"page","link":"https:\/\/anprotec.org.br\/site\/lideres-tematicos\/economia-solidaria\/","title":{"rendered":"Economia Solid\u00e1ria"},"content":{"rendered":"<p style=\"text-align: justify\">A Economia Solid\u00e1ria \u00e9 uma\u00a0\u200bforma de gerar e distribuir riqueza centrada\u00a0\u200bem\u200b\u00a0valores\u200b\u00a0de democracia, solidariedade e coopera\u00e7\u00e3o\u200b. Essas iniciativas\u00a0\u200bpodem envolver uma variedade de pr\u00e1ticas\u00a0\u200bs\u00f3cio\u200becon\u00f4micas organizadas sob a forma de cooperativas, associa\u00e7\u00f5es, empresas autogestion\u00e1rias e redes de coopera\u00e7\u00e3o, por exemplo, que realizam atividades de produ\u00e7\u00e3o de bens, presta\u00e7\u00e3o de servi\u00e7os, finan\u00e7as solid\u00e1rias, trocas, com\u00e9rcio justo e consumo solid\u00e1rio\u200b.<\/p>\n<p style=\"text-align: justify\">Tratam-se de novas maneiras de governan\u00e7a econ\u00f4mica e de combina\u00e7\u00f5es entre o estado, o mercado e a sociedade civil dentro de um quadro democr\u00e1tico em que s\u00e3o experimentadas inova\u00e7\u00f5es sociais voltadas para a constru\u00e7\u00e3o do bem comum.<\/p>\n<p style=\"text-align: justify\"><img decoding=\"async\" loading=\"lazy\" class=\"alignleft size-full wp-image-21958\" src=\"https:\/\/anprotec.org.br\/site\/wp-content\/uploads\/2018\/01\/leandro-leal_ok.jpg\" alt=\"leandro leal_ok\" width=\"133\" height=\"160\" \/> <strong>L\u00edder tem\u00e1tico: Leonardo Leal<\/strong><\/p>\n<p style=\"text-align: justify\">\u00c9 professor do curso de Administra\u00e7\u00e3o P\u00fablica da Universidade Federal de Alagoas &#8211; UFAL. Coordenador da Incubadora Tecnol\u00f3gica de Economia Solid\u00e1ria &#8211; ITES\/UFAL. Em 2015 foi ganhador do Pr\u00eamio ICE &#8211; Finan\u00e7as Sociais e Neg\u00f3cios de Impacto. \u00c9 doutorando em Ci\u00eancia Pol\u00edtica pelo Instituto Universit\u00e1rio de Lisboa (ISCTE-IUL), mestre em Administra\u00e7\u00e3o (Organiza\u00e7\u00e3o, Poder e Gest\u00e3o) pela Universidade Federal da Bahia (2013) e graduado em Administra\u00e7\u00e3o pela Universidade do Estado da Bahia (2009). \u00c9 coordenador de projetos de pesquisa e desenvolvimento tecnol\u00f3gico nos temas Economia Solidaria, Finan\u00e7as Solid\u00e1rias, Bens Comuns, Gest\u00e3o Social e Desenvolvimento Territorial.<\/p>\n","protected":false},"excerpt":{"rendered":"<p>A Economia Solid\u00e1ria \u00e9 uma\u00a0\u200bforma de gerar e distribuir riqueza<span class=\"excerpt-hellip\"> [\u2026]<\/span><\/p>\n","protected":false},"author":8,"featured_media":0,"parent":21946,"menu_order":0,"comment_status":"closed","ping_status":"closed","template":"","meta":{"footnotes":"","_links_to":"","_links_to_target":""},"_links":{"self":[{"href":"https:\/\/anprotec.org.br\/site\/wp-json\/wp\/v2\/pages\/21950"}],"collection":[{"href":"https:\/\/anprotec.org.br\/site\/wp-json\/wp\/v2\/pages"}],"about":[{"href":"https:\/\/anprotec.org.br\/site\/wp-json\/wp\/v2\/types\/page"}],"author":[{"embeddable":true,"href":"https:\/\/anprotec.org.br\/site\/wp-json\/wp\/v2\/users\/8"}],"replies":[{"embeddable":true,"href":"https:\/\/anprotec.org.br\/site\/wp-json\/wp\/v2\/comments?post=21950"}],"version-history":[{"count":3,"href":"https:\/\/anprotec.org.br\/site\/wp-json\/wp\/v2\/pages\/21950\/revisions"}],"predecessor-version":[{"id":24344,"href":"https:\/\/anprotec.org.br\/site\/wp-json\/wp\/v2\/pages\/21950\/revisions\/24344"}],"up":[{"embeddable":true,"href":"https:\/\/anprotec.org.br\/site\/wp-json\/wp\/v2\/pages\/21946"}],"wp:attachment":[{"href":"https:\/\/anprotec.org.br\/site\/wp-json\/wp\/v2\/media?parent=21950"}],"curies":[{"name":"wp","href":"https:\/\/api.w.org\/{rel}","templated":true}]}}