{"id":21946,"date":"2018-01-11T08:40:29","date_gmt":"2018-01-11T11:40:29","guid":{"rendered":"http:\/\/anprotec.org.br\/site\/?page_id=21946"},"modified":"2020-01-22T14:37:23","modified_gmt":"2020-01-22T17:37:23","slug":"lideres-tematicos","status":"publish","type":"page","link":"https:\/\/anprotec.org.br\/site\/lideres-tematicos\/","title":{"rendered":"L\u00edderes Tem\u00e1ticos"},"content":{"rendered":"<div class=\"wpb-content-wrapper\"><p>[vc_row][vc_column][vc_column_text]O Grupo Estendido de Dirigentes (GED) \u2013 ou apenas \u201cl\u00edderes tem\u00e1ticos\u201d \u2013 tem papel fundamental na apresenta\u00e7\u00e3o de temas relevantes para atua\u00e7\u00e3o da Anprotec. Uma das principais atividades \u00e9 a orienta\u00e7\u00e3o na elabora\u00e7\u00e3o de documentos de refer\u00eancia, estudos e pesquisas sobre os temas.<\/p>\n<p>O L\u00edder Tem\u00e1tico tamb\u00e9m poder\u00e1 liderar as microc\u00e2maras respons\u00e1veis por discutir, levantar sugest\u00f5es e propor projetos e a\u00e7\u00f5es que disseminem e fortale\u00e7am o tema no \u00e2mbito da Associa\u00e7\u00e3o.<\/p>\n<p>Para auxiliar na dissemina\u00e7\u00e3o, implanta\u00e7\u00e3o e conceitua\u00e7\u00e3o do tema, a atua\u00e7\u00e3o de cada L\u00edder Tem\u00e1tico est\u00e1 dispon\u00edvel na \u00e1rea restrita desse site para associados da Anprotec, onde \u00e9 poss\u00edvel apresentar opini\u00f5es e sugest\u00f5es.<\/p>\n<p>Al\u00e9m disso, os L\u00edderes Tem\u00e1ticos t\u00eam um grupo no Whatsapp para discuss\u00e3o dos temas e coleta de ideias e projetos. Se sua institui\u00e7\u00e3o \u00e9 associada \u00e0 Anprotec, fa\u00e7a parte do grupo de seu interesse. Envie um e-mail para o l\u00edder tem\u00e1tico com c\u00f3pia para\u00a0<a href=\"mailto:secretaria@anprotec.org.br\">secretaria@anprotec.org.br<\/a>\u00a0e\u00a0solicite sua entrada no grupo.<\/p>\n<p>Clique no tema de seu interesse e saiba mais![\/vc_column_text][\/vc_column][\/vc_row][vc_row equal_height=&#8221;yes&#8221;][vc_column][vc_row_inner][vc_column_inner width=&#8221;1\/4&#8243;][vc_single_image image=&#8221;27773&#8243; img_size=&#8221;150&#215;150&#8243; alignment=&#8221;center&#8221; style=&#8221;vc_box_circle_2&#8243; css=&#8221;.vc_custom_1546966391106{margin-top: 0px !important;margin-bottom: 0px !important;padding-top: 0px !important;padding-bottom: 0px !important;}&#8221;][vc_custom_heading text=&#8221;Sandro Cortezia, Ventiur \u2013 RS&#8221; font_container=&#8221;tag:h2|font_size:14px|text_align:center|line_height:14px&#8221; use_theme_fonts=&#8221;yes&#8221;][vc_column_text]<\/p>\n<p style=\"text-align: center\"><strong><a href=\"https:\/\/anprotec.org.br\/site\/lideres-tematicos\/aceleradoras\/\" target=\"_blank\" rel=\"noopener\">Aceleradoras<\/a><br \/>\n<\/strong><\/p>\n<p>[\/vc_column_text][\/vc_column_inner][vc_column_inner width=&#8221;1\/4&#8243;][vc_single_image image=&#8221;27774&#8243; img_size=&#8221;150&#215;150&#8243; alignment=&#8221;center&#8221; style=&#8221;vc_box_circle_2&#8243; css=&#8221;.vc_custom_1546966646642{margin-top: 0px !important;margin-bottom: 0px !important;padding-top: 0px !important;padding-bottom: 0px !important;}&#8221;][vc_custom_heading text=&#8221;Hector Gusm\u00e3o, F\u00e1brica de Startups \u2013 RJ&#8221; font_container=&#8221;tag:h2|font_size:14px|text_align:center|line_height:14px&#8221; use_theme_fonts=&#8221;yes&#8221;][vc_column_text]<\/p>\n<p style=\"text-align: center\"><strong>Aceleradoras para Corpora\u00e7\u00e3o<\/strong><\/p>\n<p>[\/vc_column_text][\/vc_column_inner][vc_column_inner width=&#8221;1\/4&#8243;][vc_single_image image=&#8221;27801&#8243; img_size=&#8221;150&#215;150&#8243; alignment=&#8221;center&#8221; style=&#8221;vc_box_circle_2&#8243; css=&#8221;.vc_custom_1547038530030{margin-top: 0px !important;margin-bottom: 0px !important;padding-top: 0px !important;padding-bottom: 0px !important;}&#8221;][vc_custom_heading text=&#8221;Diego Siqueira, NIT &#8211; SP&#8221; font_container=&#8221;tag:h2|font_size:14px|text_align:center|line_height:14px&#8221; use_theme_fonts=&#8221;yes&#8221;][vc_column_text]<\/p>\n<p style=\"text-align: center\"><strong><a href=\"https:\/\/anprotec.org.br\/site\/lideres-tematicos\/agrotech\/\" target=\"_blank\" rel=\"noopener\">Agrotech<\/a><\/strong><\/p>\n<p>[\/vc_column_text][\/vc_column_inner][vc_column_inner width=&#8221;1\/4&#8243;][vc_single_image image=&#8221;27776&#8243; img_size=&#8221;150&#215;150&#8243; alignment=&#8221;center&#8221; style=&#8221;vc_box_circle_2&#8243; css=&#8221;.vc_custom_1546966886044{margin-top: 0px !important;margin-bottom: 0px !important;padding-top: 0px !important;padding-bottom: 0px !important;}&#8221;][vc_custom_heading text=&#8221;Ghissia Hauser, UFRGS \u2013 RS&#8221; font_container=&#8221;tag:h2|font_size:14px|text_align:center|line_height:14px&#8221; use_theme_fonts=&#8221;yes&#8221;][vc_column_text]<\/p>\n<p style=\"text-align: center\"><strong><a href=\"https:\/\/anprotec.org.br\/site\/lideres-tematicos\/territorios-de-inovacao\/\" target=\"_blank\" rel=\"noopener\">Ambientes Urbanos de Inova\u00e7\u00e3o<\/a><\/strong><\/p>\n<p>[\/vc_column_text][\/vc_column_inner][\/vc_row_inner][vc_empty_space height=&#8221;20px&#8221;][vc_row_inner][vc_column_inner width=&#8221;1\/4&#8243;][vc_single_image image=&#8221;27777&#8243; img_size=&#8221;150&#215;150&#8243; alignment=&#8221;center&#8221; style=&#8221;vc_box_circle_2&#8243; css=&#8221;.vc_custom_1546966991032{margin-top: 0px !important;margin-bottom: 0px !important;padding-top: 0px !important;padding-bottom: 0px !important;}&#8221;][vc_custom_heading text=&#8221;Eduardo Enrich, Biominas \u2013 MG&#8221; font_container=&#8221;tag:h2|font_size:14px|text_align:center|line_height:14px&#8221; use_theme_fonts=&#8221;yes&#8221;][vc_column_text]<\/p>\n<p style=\"text-align: center\"><strong><a href=\"https:\/\/anprotec.org.br\/site\/lideres-tematicos\/biotech\/\" target=\"_blank\" rel=\"noopener\">Biotech<\/a><\/strong><\/p>\n<p>[\/vc_column_text][\/vc_column_inner][vc_column_inner width=&#8221;1\/4&#8243;][vc_single_image image=&#8221;27798&#8243; img_size=&#8221;150&#215;150&#8243; alignment=&#8221;center&#8221; style=&#8221;vc_box_circle_2&#8243; css=&#8221;.vc_custom_1547036347257{margin-top: 0px !important;margin-bottom: 0px !important;padding-top: 0px !important;padding-bottom: 0px !important;}&#8221;][vc_custom_heading text=&#8221;Jos\u00e9 Alberto Aranha &#8211; Anprotec \u2013 DF&#8221; font_container=&#8221;tag:h2|font_size:14px|text_align:center|line_height:14px&#8221; use_theme_fonts=&#8221;yes&#8221;][vc_column_text]<\/p>\n<p style=\"text-align: center\"><strong><a href=\"https:\/\/anprotec.org.br\/site\/lideres-tematicos\/capital-empreendedor\/\" target=\"_blank\" rel=\"noopener\">Capital Empreendedor<\/a><\/strong><\/p>\n<p>[\/vc_column_text][\/vc_column_inner][vc_column_inner width=&#8221;1\/4&#8243;][vc_single_image image=&#8221;27778&#8243; img_size=&#8221;150&#215;150&#8243; alignment=&#8221;center&#8221; style=&#8221;vc_box_circle_2&#8243; css=&#8221;.vc_custom_1546967254069{margin-top: 0px !important;margin-bottom: 0px !important;padding-top: 0px !important;padding-bottom: 0px !important;}&#8221;][vc_custom_heading text=&#8221;Rog\u00e9rio Abranches, Inatel \u2013 MG&#8221; font_container=&#8221;tag:h2|font_size:14px|text_align:center|line_height:14px&#8221; use_theme_fonts=&#8221;yes&#8221;][vc_column_text]<\/p>\n<p style=\"text-align: center\"><strong><a href=\"https:\/\/anprotec.org.br\/site\/lideres-tematicos\/cidades-empreendedoras\/\" target=\"_blank\" rel=\"noopener\">Cidades Empreendedoras<\/a><\/strong><\/p>\n<p>[\/vc_column_text][\/vc_column_inner][vc_column_inner width=&#8221;1\/4&#8243;][vc_single_image image=&#8221;27779&#8243; img_size=&#8221;150&#215;150&#8243; alignment=&#8221;center&#8221; style=&#8221;vc_box_circle_2&#8243; css=&#8221;.vc_custom_1546967327621{margin-top: 0px !important;margin-bottom: 0px !important;padding-top: 0px !important;padding-bottom: 0px !important;}&#8221;][vc_custom_heading text=&#8221;Jorge Augusto Callado, TECPAR &#8211; PR&#8221; font_container=&#8221;tag:h2|font_size:14px|text_align:center|line_height:14px&#8221; use_theme_fonts=&#8221;yes&#8221;][vc_column_text]<\/p>\n<p style=\"text-align: center\"><strong><a href=\"https:\/\/anprotec.org.br\/site\/lideres-tematicos\/cleantech\/\" target=\"_blank\" rel=\"noopener\">Cleantech<\/a><\/strong><\/p>\n<p>[\/vc_column_text][\/vc_column_inner][\/vc_row_inner][vc_empty_space height=&#8221;20px&#8221;][vc_row_inner][vc_column_inner width=&#8221;1\/4&#8243;][vc_single_image image=&#8221;27780&#8243; img_size=&#8221;150&#215;150&#8243; alignment=&#8221;center&#8221; style=&#8221;vc_box_circle_2&#8243; css=&#8221;.vc_custom_1546967398877{margin-top: 0px !important;margin-bottom: 0px !important;padding-top: 0px !important;padding-bottom: 0px !important;}&#8221;][vc_custom_heading text=&#8221;Rosangela Fraga Alves, IEITEC \u2013 RS&#8221; font_container=&#8221;tag:h2|font_size:14px|text_align:center|line_height:14px&#8221; use_theme_fonts=&#8221;yes&#8221;][vc_column_text]<\/p>\n<p style=\"text-align: center\"><strong><a href=\"https:\/\/anprotec.org.br\/site\/lideres-tematicos\/criacao-de-valor-compartilhado-com-impacto-positivo\/\" target=\"_blank\" rel=\"noopener\">Cria\u00e7\u00e3o de valor compartilhado com impacto positivo<\/a><\/strong><\/p>\n<p>[\/vc_column_text][\/vc_column_inner][vc_column_inner width=&#8221;1\/4&#8243;][vc_single_image image=&#8221;27781&#8243; img_size=&#8221;150&#215;150&#8243; alignment=&#8221;center&#8221; style=&#8221;vc_box_circle_2&#8243; css=&#8221;.vc_custom_1546967468389{margin-top: 0px !important;margin-bottom: 0px !important;padding-top: 0px !important;padding-bottom: 0px !important;}&#8221;][vc_custom_heading text=&#8221;Luis Humberto Villwock &#8211; PUCRS \u2013 RS&#8221; font_container=&#8221;tag:h2|font_size:14px|text_align:center|line_height:14px&#8221; use_theme_fonts=&#8221;yes&#8221;][vc_column_text]<\/p>\n<p style=\"text-align: center\"><strong><a href=\"https:\/\/anprotec.org.br\/site\/lideres-tematicos\/criatividade\/\" target=\"_blank\" rel=\"noopener\">Criatividade<\/a><\/strong><\/p>\n<p>[\/vc_column_text][\/vc_column_inner][vc_column_inner width=&#8221;1\/4&#8243;][vc_single_image image=&#8221;27782&#8243; img_size=&#8221;150&#215;150&#8243; alignment=&#8221;center&#8221; style=&#8221;vc_box_circle_2&#8243; css=&#8221;.vc_custom_1546967540757{margin-top: 0px !important;margin-bottom: 0px !important;padding-top: 0px !important;padding-bottom: 0px !important;}&#8221;][vc_custom_heading text=&#8221;Julia Zardo, PUC-Rio \u2013 RJ&#8221; font_container=&#8221;tag:h2|font_size:14px|text_align:center|line_height:14px&#8221; use_theme_fonts=&#8221;yes&#8221;][vc_column_text]<\/p>\n<p style=\"text-align: center\"><strong><a href=\"https:\/\/anprotec.org.br\/site\/?p=25435\" target=\"_blank\" rel=\"noopener\">Economia Criativa<\/a><\/strong><\/p>\n<p>[\/vc_column_text][\/vc_column_inner][vc_column_inner width=&#8221;1\/4&#8243;][vc_single_image image=&#8221;27783&#8243; img_size=&#8221;150&#215;150&#8243; alignment=&#8221;center&#8221; style=&#8221;vc_box_circle_2&#8243; css=&#8221;.vc_custom_1546967606486{margin-top: 0px !important;margin-bottom: 0px !important;padding-top: 0px !important;padding-bottom: 0px !important;}&#8221;][vc_custom_heading text=&#8221;Leonardo Leal, UFAL \u2013 AL&#8221; font_container=&#8221;tag:h2|font_size:14px|text_align:center|line_height:14px&#8221; use_theme_fonts=&#8221;yes&#8221;][vc_column_text]<\/p>\n<p style=\"text-align: center\"><strong><a href=\"https:\/\/anprotec.org.br\/site\/lideres-tematicos\/economia-solidaria\/\" target=\"_blank\" rel=\"noopener\">Economia Solid\u00e1ria<\/a><\/strong><\/p>\n<p>[\/vc_column_text][\/vc_column_inner][\/vc_row_inner][vc_row_inner][vc_column_inner width=&#8221;1\/4&#8243;][vc_single_image image=&#8221;27786&#8243; img_size=&#8221;150&#215;150&#8243; alignment=&#8221;center&#8221; style=&#8221;vc_box_circle_2&#8243; css=&#8221;.vc_custom_1546967910657{margin-top: 0px !important;margin-bottom: 0px !important;padding-top: 0px !important;padding-bottom: 0px !important;}&#8221;][vc_custom_heading text=&#8221;Luciano Toledo, IFES \u2013 ES&#8221; font_container=&#8221;tag:h2|font_size:14px|text_align:center|line_height:14px&#8221; use_theme_fonts=&#8221;yes&#8221;][vc_column_text]<\/p>\n<p style=\"text-align: center\"><strong><a href=\"https:\/\/anprotec.org.br\/site\/lideres-tematicos\/educacao-profissional-e-tecnologica\/\" target=\"_blank\" rel=\"noopener\">Educa\u00e7\u00e3o Profissional e Tecnol\u00f3gica<\/a><\/strong><\/p>\n<p>[\/vc_column_text][\/vc_column_inner][vc_column_inner width=&#8221;1\/4&#8243;][vc_single_image image=&#8221;27785&#8243; img_size=&#8221;150&#215;150&#8243; alignment=&#8221;center&#8221; style=&#8221;vc_box_circle_2&#8243; css=&#8221;.vc_custom_1546967806183{margin-top: 0px !important;margin-bottom: 0px !important;padding-top: 0px !important;padding-bottom: 0px !important;}&#8221;][vc_custom_heading text=&#8221;Nelson Destro Fragoso, Mackenzie \u2013 SP&#8221; font_container=&#8221;tag:h2|font_size:14px|text_align:center|line_height:14px&#8221; use_theme_fonts=&#8221;yes&#8221;][vc_column_text]<\/p>\n<p style=\"text-align: center\"><strong><a href=\"https:\/\/anprotec.org.br\/site\/?p=25078\" target=\"_blank\" rel=\"noopener\">Empreendedorismo<\/a><\/strong><\/p>\n<p>[\/vc_column_text][\/vc_column_inner][vc_column_inner width=&#8221;1\/4&#8243;][vc_single_image image=&#8221;28269&#8243; img_size=&#8221;150&#215;150&#8243; alignment=&#8221;center&#8221; style=&#8221;vc_box_circle_2&#8243; css=&#8221;.vc_custom_1552314699735{margin-top: 0px !important;margin-bottom: 0px !important;padding-top: 0px !important;padding-bottom: 0px !important;}&#8221;][vc_custom_heading text=&#8221;Rodney Albuquerque, IFRJ &#8211; RJ&#8221; font_container=&#8221;tag:h2|font_size:14px|text_align:center|line_height:14px&#8221; use_theme_fonts=&#8221;yes&#8221;][vc_column_text]<\/p>\n<p style=\"text-align: center\"><strong><a href=\"https:\/\/anprotec.org.br\/site\/lideres-tematicos\/games\/\" target=\"_blank\" rel=\"noopener\">Games<\/a><\/strong><\/p>\n<p>[\/vc_column_text][\/vc_column_inner][vc_column_inner width=&#8221;1\/4&#8243;][vc_single_image image=&#8221;27787&#8243; img_size=&#8221;150&#215;150&#8243; alignment=&#8221;center&#8221; style=&#8221;vc_box_circle_2&#8243; css=&#8221;.vc_custom_1546968124746{margin-top: 0px !important;margin-bottom: 0px !important;padding-top: 0px !important;padding-bottom: 0px !important;}&#8221;][vc_custom_heading text=&#8221;Eduardo Cicconi, Supera \u2013 SP&#8221; font_container=&#8221;tag:h2|font_size:14px|text_align:center|line_height:14px&#8221; use_theme_fonts=&#8221;yes&#8221;][vc_column_text]<\/p>\n<p style=\"text-align: center\"><strong><a href=\"https:\/\/anprotec.org.br\/site\/lideres-tematicos\/healthtech\/\" target=\"_blank\" rel=\"noopener\">Healthtech<\/a><\/strong><\/p>\n<p>[\/vc_column_text][\/vc_column_inner][\/vc_row_inner][vc_row_inner][vc_column_inner width=&#8221;1\/4&#8243;][vc_single_image image=&#8221;29187&#8243; img_size=&#8221;150&#215;150&#8243; alignment=&#8221;center&#8221; style=&#8221;vc_box_circle_2&#8243; css=&#8221;.vc_custom_1559827769618{margin-top: 0px !important;margin-bottom: 0px !important;padding-top: 0px !important;padding-bottom: 0px !important;}&#8221;][vc_custom_heading text=&#8221;Fl\u00e1via Maria Proen\u00e7a Guerra, RMI &#8211; MG&#8221; font_container=&#8221;tag:h2|font_size:14px|text_align:center|line_height:14px&#8221; use_theme_fonts=&#8221;yes&#8221;][vc_column_text]<\/p>\n<p style=\"text-align: center\"><strong><a href=\"https:\/\/anprotec.org.br\/site\/lideres-tematicos\/incubadoras-consolidadas\/\" target=\"_blank\" rel=\"noopener\">Incubadoras consolidadas<\/a><\/strong><\/p>\n<p>[\/vc_column_text][\/vc_column_inner][vc_column_inner width=&#8221;1\/4&#8243;][vc_single_image image=&#8221;27948&#8243; img_size=&#8221;150&#215;150&#8243; alignment=&#8221;center&#8221; style=&#8221;vc_box_circle_2&#8243; css=&#8221;.vc_custom_1549377509206{margin-top: 0px !important;margin-bottom: 0px !important;padding-top: 0px !important;padding-bottom: 0px !important;}&#8221;][vc_custom_heading text=&#8221;Claudine Pinheiro Carrilho, ITNC &#8211; RN&#8221; font_container=&#8221;tag:h2|font_size:14px|text_align:center|line_height:14px&#8221; use_theme_fonts=&#8221;yes&#8221;][vc_column_text]<\/p>\n<p style=\"text-align: center\"><strong><a href=\"https:\/\/anprotec.org.br\/site\/lideres-tematicos\/incubadoras-em-operacao\" target=\"_blank\" rel=\"noopener\">Incubadoras em Opera\u00e7\u00e3o<\/a><\/strong><\/p>\n<p>[\/vc_column_text][\/vc_column_inner][vc_column_inner width=&#8221;1\/4&#8243;][vc_single_image image=&#8221;27788&#8243; img_size=&#8221;150&#215;150&#8243; alignment=&#8221;center&#8221; style=&#8221;vc_box_circle_2&#8243; css=&#8221;.vc_custom_1546968362836{margin-top: 0px !important;margin-bottom: 0px !important;padding-top: 0px !important;padding-bottom: 0px !important;}&#8221;][vc_custom_heading text=&#8221;Flavio Marinho, Senai-Cimatec \u2013 BA&#8221; font_container=&#8221;tag:h2|font_size:14px|text_align:center|line_height:14px&#8221; use_theme_fonts=&#8221;yes&#8221;][vc_column_text]<\/p>\n<p style=\"text-align: center\"><strong><a href=\"https:\/\/anprotec.org.br\/site\/?p=25005\" target=\"_blank\" rel=\"noopener\">Institutos Senai de Inova\u00e7\u00e3o<\/a><\/strong><\/p>\n<p>[\/vc_column_text][\/vc_column_inner][vc_column_inner width=&#8221;1\/4&#8243;][vc_single_image image=&#8221;27789&#8243; img_size=&#8221;150&#215;150&#8243; alignment=&#8221;center&#8221; style=&#8221;vc_box_circle_2&#8243; css=&#8221;.vc_custom_1546968456971{margin-top: 0px !important;margin-bottom: 0px !important;padding-top: 0px !important;padding-bottom: 0px !important;}&#8221;][vc_custom_heading text=&#8221;Alex Jacobs, OBr Aceleradora \u2013 RJ&#8221; font_container=&#8221;tag:h2|font_size:14px|text_align:center|line_height:14px&#8221; use_theme_fonts=&#8221;yes&#8221;][vc_column_text]<\/p>\n<p style=\"text-align: center\"><strong><a href=\"https:\/\/anprotec.org.br\/site\/lideres-tematicos\/mentoring\/\" target=\"_blank\" rel=\"noopener\">Mentoring<\/a><\/strong><\/p>\n<p>[\/vc_column_text][\/vc_column_inner][\/vc_row_inner][vc_row_inner][vc_column_inner width=&#8221;1\/4&#8243;][vc_single_image image=&#8221;27784&#8243; img_size=&#8221;150&#215;150&#8243; alignment=&#8221;center&#8221; style=&#8221;vc_box_circle_2&#8243; css=&#8221;.vc_custom_1546967728479{margin-top: 0px !important;margin-bottom: 0px !important;padding-top: 0px !important;padding-bottom: 0px !important;}&#8221;][vc_custom_heading text=&#8221;Fernanda Bombardi, ICE \u2013 SP&#8221; font_container=&#8221;tag:h2|font_size:14px|text_align:center|line_height:14px&#8221; use_theme_fonts=&#8221;yes&#8221;][vc_column_text]<\/p>\n<p style=\"text-align: center\"><strong><a href=\"https:\/\/anprotec.org.br\/site\/lideres-tematicos\/negocios-de-impacto\/\" target=\"_blank\" rel=\"noopener\">Neg\u00f3cios de Impacto Social<\/a><\/strong><\/p>\n<p>[\/vc_column_text][\/vc_column_inner][vc_column_inner width=&#8221;1\/4&#8243;][vc_single_image image=&#8221;27790&#8243; img_size=&#8221;150&#215;150&#8243; alignment=&#8221;center&#8221; style=&#8221;vc_box_circle_2&#8243; css=&#8221;.vc_custom_1546968622734{margin-top: 0px !important;margin-bottom: 0px !important;padding-top: 0px !important;padding-bottom: 0px !important;}&#8221;][vc_custom_heading text=&#8221;Anderson Cruz, Pq. Tecnol\u00f3gico do RN \u2013 RN&#8221; font_container=&#8221;tag:h2|font_size:14px|text_align:center|line_height:14px&#8221; use_theme_fonts=&#8221;yes&#8221;][vc_column_text]<\/p>\n<p style=\"text-align: center\"><strong><a href=\"https:\/\/anprotec.org.br\/site\/?p=24825\" target=\"_blank\" rel=\"noopener\">Parques Integrados \u00e0s Smart Cities<\/a><\/strong><\/p>\n<p>[\/vc_column_text][\/vc_column_inner][vc_column_inner width=&#8221;1\/4&#8243;][vc_single_image image=&#8221;27791&#8243; img_size=&#8221;150&#215;150&#8243; alignment=&#8221;center&#8221; style=&#8221;vc_box_circle_2&#8243; css=&#8221;.vc_custom_1546968713661{margin-top: 0px !important;margin-bottom: 0px !important;padding-top: 0px !important;padding-bottom: 0px !important;}&#8221;][vc_custom_heading text=&#8221;Elso Alberti J\u00fanior, Parque SJCampos \u2013 SP&#8221; font_container=&#8221;tag:h2|font_size:14px|text_align:center|line_height:14px&#8221; use_theme_fonts=&#8221;yes&#8221;][vc_column_text]<\/p>\n<p style=\"text-align: center\"><strong><a href=\"https:\/\/anprotec.org.br\/site\/lideres-tematicos\/parques-consolidados\/\" target=\"_blank\" rel=\"noopener\">Parques Tecnol\u00f3gicos Consolidados<\/a><\/strong><\/p>\n<p>[\/vc_column_text][\/vc_column_inner][vc_column_inner width=&#8221;1\/4&#8243;][vc_single_image image=&#8221;27792&#8243; img_size=&#8221;150&#215;150&#8243; alignment=&#8221;center&#8221; style=&#8221;vc_box_circle_2&#8243; css=&#8221;.vc_custom_1546968783882{margin-top: 0px !important;margin-bottom: 0px !important;padding-top: 0px !important;padding-bottom: 0px !important;}&#8221;][vc_custom_heading text=&#8221;Rubens Fujiki Maeda, CPqD \u2013 SP&#8221; font_container=&#8221;tag:h2|font_size:14px|text_align:center|line_height:14px&#8221; use_theme_fonts=&#8221;yes&#8221;][vc_column_text]<\/p>\n<p style=\"text-align: center\"><strong><a href=\"https:\/\/anprotec.org.br\/site\/lideres-tematicos\/parques-tecnologicos-em-operacao\/\" target=\"_blank\" rel=\"noopener\">Parques Tecnol\u00f3gicos em Opera\u00e7\u00e3o<\/a><\/strong><\/p>\n<p>[\/vc_column_text][\/vc_column_inner][\/vc_row_inner][vc_row_inner][vc_column_inner width=&#8221;1\/4&#8243;][vc_single_image image=&#8221;29574&#8243; img_size=&#8221;150&#215;150&#8243; alignment=&#8221;center&#8221; style=&#8221;vc_box_circle_2&#8243; css=&#8221;.vc_custom_1563837112823{margin-top: 0px !important;margin-bottom: 0px !important;padding-top: 0px !important;padding-bottom: 0px !important;}&#8221;][vc_custom_heading text=&#8221;Carolina Leite Amaral Fontoura, Parque Tecnol\u00f3gico do Rio de Janeiro &#8211; RJ&#8221; font_container=&#8221;tag:h2|font_size:14px|text_align:center|line_height:14px&#8221; use_theme_fonts=&#8221;yes&#8221;][vc_column_text]<\/p>\n<p style=\"text-align: center\"><strong><a href=\"https:\/\/anprotec.org.br\/site\/lideres-tematicos\/praticas-e-casos-sobre-o-marco-legal-da-inovacao\/\" target=\"_blank\" rel=\"noopener\">Praticas e Casos sobre o Marco Legal da Inova\u00e7\u00e3o<br \/>\n<\/a><\/strong><\/p>\n<p>[\/vc_column_text][\/vc_column_inner][vc_column_inner width=&#8221;1\/4&#8243;][vc_single_image image=&#8221;27793&#8243; img_size=&#8221;150&#215;150&#8243; alignment=&#8221;center&#8221; style=&#8221;vc_box_circle_2&#8243; css=&#8221;.vc_custom_1546968863705{margin-top: 0px !important;margin-bottom: 0px !important;padding-top: 0px !important;padding-bottom: 0px !important;}&#8221;][vc_custom_heading text=&#8221;Camilo Castro, WISSEN TECH&#8221; font_container=&#8221;tag:h2|font_size:14px|text_align:center|line_height:14px&#8221; use_theme_fonts=&#8221;yes&#8221;][vc_column_text]<\/p>\n<p style=\"text-align: center\"><strong><a href=\"https:\/\/anprotec.org.br\/site\/lideres-tematicos\/propriedade-intelectual\/\" target=\"_blank\" rel=\"noopener\">Propriedade Intelectual<\/a><\/strong><\/p>\n<p>[\/vc_column_text][\/vc_column_inner][vc_column_inner width=&#8221;1\/4&#8243;][vc_single_image image=&#8221;27794&#8243; img_size=&#8221;150&#215;150&#8243; alignment=&#8221;center&#8221; style=&#8221;vc_box_circle_2&#8243; css=&#8221;.vc_custom_1546968931955{margin-top: 0px !important;margin-bottom: 0px !important;padding-top: 0px !important;padding-bottom: 0px !important;}&#8221;][vc_custom_heading text=&#8221;Ana Cristina Alvarenga Lage, RMI \u2013 MG&#8221; font_container=&#8221;tag:h2|font_size:14px|text_align:center|line_height:14px&#8221; use_theme_fonts=&#8221;yes&#8221;][vc_column_text]<\/p>\n<p style=\"text-align: center\"><strong><a href=\"https:\/\/anprotec.org.br\/site\/?p=25477\" target=\"_blank\" rel=\"noopener\">Redes<\/a><\/strong><\/p>\n<p>[\/vc_column_text][\/vc_column_inner][vc_column_inner width=&#8221;1\/4&#8243;][\/vc_column_inner][\/vc_row_inner][vc_empty_space height=&#8221;20px&#8221;][\/vc_column][\/vc_row][vc_row equal_height=&#8221;yes&#8221; content_placement=&#8221;top&#8221;][vc_column][vc_column_text]<\/p>\n<h2><strong>Transversalidade dos Temas<\/strong><\/h2>\n<p>[\/vc_column_text][vc_single_image image=&#8221;27503&#8243; img_size=&#8221;full&#8221; alignment=&#8221;center&#8221; css_animation=&#8221;fadeIn&#8221;][\/vc_column][\/vc_row][vc_row equal_height=&#8221;yes&#8221;][vc_column][vc_empty_space height=&#8221;20px&#8221;][vc_empty_space height=&#8221;20px&#8221;][\/vc_column][\/vc_row][vc_row][vc_column][\/vc_column][\/vc_row]<\/p>\n<\/div>","protected":false},"excerpt":{"rendered":"<p>[vc_row][vc_column][vc_column_text]O Grupo Estendido de Dirigentes (GED) \u2013 ou apenas \u201cl\u00edderes<span class=\"excerpt-hellip\"> [\u2026]<\/span><\/p>\n","protected":false},"author":8,"featured_media":0,"parent":0,"menu_order":0,"comment_status":"closed","ping_status":"closed","template":"","meta":{"footnotes":"","_links_to":"","_links_to_target":""},"_links":{"self":[{"href":"https:\/\/anprotec.org.br\/site\/wp-json\/wp\/v2\/pages\/21946"}],"collection":[{"href":"https:\/\/anprotec.org.br\/site\/wp-json\/wp\/v2\/pages"}],"about":[{"href":"https:\/\/anprotec.org.br\/site\/wp-json\/wp\/v2\/types\/page"}],"author":[{"embeddable":true,"href":"https:\/\/anprotec.org.br\/site\/wp-json\/wp\/v2\/users\/8"}],"replies":[{"embeddable":true,"href":"https:\/\/anprotec.org.br\/site\/wp-json\/wp\/v2\/comments?post=21946"}],"version-history":[{"count":4,"href":"https:\/\/anprotec.org.br\/site\/wp-json\/wp\/v2\/pages\/21946\/revisions"}],"predecessor-version":[{"id":31182,"href":"https:\/\/anprotec.org.br\/site\/wp-json\/wp\/v2\/pages\/21946\/revisions\/31182"}],"wp:attachment":[{"href":"https:\/\/anprotec.org.br\/site\/wp-json\/wp\/v2\/media?parent=21946"}],"curies":[{"name":"wp","href":"https:\/\/api.w.org\/{rel}","templated":true}]}}