{"id":20340,"date":"2017-09-27T18:00:53","date_gmt":"2017-09-27T21:00:53","guid":{"rendered":"http:\/\/anprotec.org.br\/site\/?p=20340"},"modified":"2018-08-02T12:49:57","modified_gmt":"2018-08-02T15:49:57","slug":"em-istambul-missao-da-anprotec-participa-da-34a-conferencia-da-iasp","status":"publish","type":"page","link":"https:\/\/anprotec.org.br\/site\/em-istambul-missao-da-anprotec-participa-da-34a-conferencia-da-iasp\/","title":{"rendered":"Em Istambul, Miss\u00e3o Anprotec participa da 34\u00aa Confer\u00eancia da IASP"},"content":{"rendered":"<p style=\"text-align: justify\"><img decoding=\"async\" loading=\"lazy\" class=\"alignleft size-thumbnail wp-image-20341\" src=\"https:\/\/anprotec.org.br\/site\/wp-content\/uploads\/2017\/09\/IASP-Conference_Destaque-270x160.jpg\" alt=\"IASP Conference_Destaque\" width=\"270\" height=\"160\" \/>Ap\u00f3s intensa agenda de visitas t\u00e9cnicas a institui\u00e7\u00f5es e ambientes de inova\u00e7\u00e3o na Espanha, a Miss\u00e3o T\u00e9cnica Anprotec est\u00e1 em Istambul, na Turquia, onde participa da 34\u00aa Confer\u00eancia da Associa\u00e7\u00e3o Internacional de Parques Tecnol\u00f3gicos e \u00c1reas de Inova\u00e7\u00e3o (IASP). Com o tema \u201cParques Cient\u00edficos e ecossistemas de inova\u00e7\u00e3o naturais: articulando tend\u00eancias e estrat\u00e9gias futuras\u201d, neste ano, a Confer\u00eancia totalizou, at\u00e9 o momento,\u00a0530 inscritos, dos quais 33 s\u00e3o brasileiros.<\/p>\n<p style=\"text-align: justify\">Um dos destaque da participa\u00e7\u00e3o brasileira na Confer\u00eancia fica por conta do Tecnosinos, associado da Anprotec e um dos 10 finalistas do Programa <em>Inspiring Solutions<\/em>, criado pela IASP, h\u00e1 quatro anos, para promover a troca de conhecimento e como forma de reconhecer iniciativas bem-sucedidas de parques tecnol\u00f3gicos e \u00e1reas de inova\u00e7\u00e3o.<\/p>\n<div class=\"mceTemp\" style=\"text-align: justify\">O Tecnosinos foi selecionado por seu Programa Greentech Park, que visa estabelecer par\u00e2metros ambientais e conex\u00f5es com iniciativas internacionais, compartilhando boas pr\u00e1ticas relacionadas a crit\u00e9rios ambientais de acordo com segmentos de mercados. O grande vencedor do <em>Inspiring Solutions<\/em> ser\u00e1 anunciado nesta quinta-feira (28), durante o Jantar de Gala da Confer\u00eancia.<\/div>\n<p style=\"text-align: justify\">O diretor executivo do Tecnosinos, Luis Felipe Maldaner, est\u00e1 na Confer\u00eancia e participou, nesta quarta-feira (27), do Painel <em>Rethinking space: new habitats of innovation, new space concepts for parks and AOIs<\/em>, ocasi\u00e3o em que destacou as iniciativas do Tecnosinos para manter bons relacionamento com empresas.<\/p>\n<p style=\"text-align: justify\">\u201cO painel foi muito bem organizado e integrado. Ap\u00f3s a primeira fala do chin\u00eas Herbert Chen, Josep Piqu\u00e9 falou sobre <em>open innovation<\/em>, mais precisamente sobre o que ele chama de <em>Candy Model<\/em>. O modelo \u00e9 bem adapt\u00e1vel ao que podemos fazer no Brasil e \u00e9 semelhante ao que estamos fazendo no Tecnosinos\u201d, ressalta Maldaner.<\/p>\n<p style=\"text-align: justify\">Rafael Prikladnicki, diretor do Tecnopuc e integrante da Miss\u00e3o T\u00e9cnica 2017, apresentou o case do Laborat\u00f3rio de Criatividade do Tecnopuc, o CriaLab, em um painel focado nos espa\u00e7os do futuro, que tamb\u00e9m contou com gestores da Eslov\u00eania, da Holanda e da Turquia.<\/p>\n<p style=\"text-align: justify\">\u201cPelas experi\u00eancias relatadas, ficou claro que os ambientes de inova\u00e7\u00e3o do futuro n\u00e3o s\u00e3o s\u00f3 ambientes com os famosos espa\u00e7os de incubadoras, de coworking e de \u00e1reas para empresas. Temos que pensar em espa\u00e7os diferentes, disruptivos, cada vez mais abertos, e que fomentem criatividade, colabora\u00e7\u00e3o e inova\u00e7\u00e3o de uma forma totalmente aberta\u201d, afirma Prikladnicki.<\/p>\n<p style=\"text-align: justify\"><strong>Miss\u00e3o T\u00e9cnica Anprotec teve primeira etapa na Espanha <\/strong><\/p>\n<p style=\"text-align: justify\">Antes de chegar em Istambul, a Miss\u00e3o T\u00e9cnica foi a M\u00e1laga, Bilbao e Barcelona, na Espanha. \u201cEm M\u00e1laga, fizemos uma visita muito proveitosa no PTA, um parque com 25 anos de hist\u00f3ria e um dos maiores da Espanha, onde est\u00e1 tamb\u00e9m a sede mundial da IASP. Visitamos um projeto fant\u00e1stico da Universidade de M\u00e1laga, o Raio Verde, ou Green Ray, em parceria com o PTA, que \u00e9 um pr\u00e9dio onde s\u00e3o realizadas diversas a\u00e7\u00f5es para estimular empreendedorismo e inova\u00e7\u00e3o\u201d, lembra Prikladnicki.<\/p>\n<p style=\"text-align: justify\">O Green Ray conecta os alunos com empreendedorismo e inova\u00e7\u00e3o fazendo com que os alunos percorram o caminho desde a ideia at\u00e9 a concep\u00e7\u00e3o e constru\u00e7\u00e3o de uma empresa. \u201cIsso certamente \u00e9 algo que a gente pode replicar no Brasil, nos nossos ambientes de inova\u00e7\u00e3o, principalmente em parques tecnol\u00f3gicos que est\u00e3o vinculados a unidades\u201d<\/p>\n<p style=\"text-align: justify\">Prikladnicki tamb\u00e9m ressalta as visitas ao Tecnalia e ao Parque Tecnol\u00f3gico da regi\u00e3o de Bizkaia, em Bilbao. \u201cEm Barcelona, na regi\u00e3o da Catalunha, visitamos o 22@, projeto da renova\u00e7\u00e3o do distrito industrial da cidade, e diversos outros espa\u00e7os. Pudemos ver <em>in loco <\/em>toda a transforma\u00e7\u00e3o que a cidade de Barcelona vem tendo para fomentar \u00e1reas de est\u00edmulo \u00e0 criatividade, inova\u00e7\u00e3o, de ind\u00fastria criativa e de fomento a startups\u201d.<\/p>\n<p style=\"text-align: justify\">\u201cA parte da Espanha foi muito proveitosa para aprender, compartilhar experi\u00eancias e, certamente, trazer boa parte dessas experi\u00eancias para os nossos ambientes de inova\u00e7\u00e3o no Brasil\u201d, conclui Prikladnicki.<\/p>\n<p>&nbsp;<\/p>\n","protected":false},"excerpt":{"rendered":"<p>[:pt]Associado da Anprotec, Tecnosinos \u00e9 um dos finalistas do Programa Inspiring Solutions; resultado ser\u00e1 anunciando amanh\u00e3 durante a Confer\u00eancia. <\/p>\n<p>[:]<\/p>\n","protected":false},"author":8,"featured_media":20341,"parent":0,"menu_order":0,"comment_status":"open","ping_status":"open","template":"","meta":{"footnotes":"","_links_to":"","_links_to_target":""},"_links":{"self":[{"href":"https:\/\/anprotec.org.br\/site\/wp-json\/wp\/v2\/pages\/20340"}],"collection":[{"href":"https:\/\/anprotec.org.br\/site\/wp-json\/wp\/v2\/pages"}],"about":[{"href":"https:\/\/anprotec.org.br\/site\/wp-json\/wp\/v2\/types\/page"}],"author":[{"embeddable":true,"href":"https:\/\/anprotec.org.br\/site\/wp-json\/wp\/v2\/users\/8"}],"replies":[{"embeddable":true,"href":"https:\/\/anprotec.org.br\/site\/wp-json\/wp\/v2\/comments?post=20340"}],"version-history":[{"count":3,"href":"https:\/\/anprotec.org.br\/site\/wp-json\/wp\/v2\/pages\/20340\/revisions"}],"predecessor-version":[{"id":24698,"href":"https:\/\/anprotec.org.br\/site\/wp-json\/wp\/v2\/pages\/20340\/revisions\/24698"}],"wp:featuredmedia":[{"embeddable":true,"href":"https:\/\/anprotec.org.br\/site\/wp-json\/wp\/v2\/media\/20341"}],"wp:attachment":[{"href":"https:\/\/anprotec.org.br\/site\/wp-json\/wp\/v2\/media?parent=20340"}],"curies":[{"name":"wp","href":"https:\/\/api.w.org\/{rel}","templated":true}]}}