{"id":20251,"date":"2017-09-22T18:05:45","date_gmt":"2017-09-22T21:05:45","guid":{"rendered":"http:\/\/anprotec.org.br\/site\/?p=20251"},"modified":"2018-08-02T12:49:57","modified_gmt":"2018-08-02T15:49:57","slug":"missao-anprotec-finaliza-etapa-espanhola-em-barcelona","status":"publish","type":"page","link":"https:\/\/anprotec.org.br\/site\/missao-anprotec-finaliza-etapa-espanhola-em-barcelona\/","title":{"rendered":"Miss\u00e3o Anprotec finaliza etapa espanhola em Barcelona"},"content":{"rendered":"<div id=\"attachment_20253\" style=\"width: 280px\" class=\"wp-caption alignleft\"><img aria-describedby=\"caption-attachment-20253\" decoding=\"async\" loading=\"lazy\" class=\"size-thumbnail wp-image-20253\" src=\"https:\/\/anprotec.org.br\/site\/wp-content\/uploads\/2017\/09\/Missa\u0303o-em-Barcelona_Parque-Cienti\u0301fico-de-BCN001-2-270x160.jpg\" alt=\"Delega\u00e7\u00e3o no Parque Cient\u00edfico de Barcelona\" width=\"270\" height=\"160\" srcset=\"https:\/\/anprotec.org.br\/site\/wp-content\/uploads\/2017\/09\/Missa\u0303o-em-Barcelona_Parque-Cienti\u0301fico-de-BCN001-2-270x160.jpg 270w, https:\/\/anprotec.org.br\/site\/wp-content\/uploads\/2017\/09\/Missa\u0303o-em-Barcelona_Parque-Cienti\u0301fico-de-BCN001-2-300x178.jpg 300w, https:\/\/anprotec.org.br\/site\/wp-content\/uploads\/2017\/09\/Missa\u0303o-em-Barcelona_Parque-Cienti\u0301fico-de-BCN001-2-768x455.jpg 768w, https:\/\/anprotec.org.br\/site\/wp-content\/uploads\/2017\/09\/Missa\u0303o-em-Barcelona_Parque-Cienti\u0301fico-de-BCN001-2-1024x607.jpg 1024w, https:\/\/anprotec.org.br\/site\/wp-content\/uploads\/2017\/09\/Missa\u0303o-em-Barcelona_Parque-Cienti\u0301fico-de-BCN001-2.jpg 1215w\" sizes=\"(max-width: 270px) 100vw, 270px\" \/><p id=\"caption-attachment-20253\" class=\"wp-caption-text\">Delega\u00e7\u00e3o no Parque Cient\u00edfico de Barcelona<\/p><\/div>\n<p style=\"text-align: justify\">Nesta quinta (21) e sexta-feira (22), a Miss\u00e3o T\u00e9cnica Anprotec 2017 esteve em Barcelona, na Espanha, onde visitou importantes institui\u00e7\u00f5es como a\u00a0La Salle Technova Barcelona, o Parque Cient\u00edfico de Barcelona, o Distrito 22@Barcelona, entre outras. A delega\u00e7\u00e3o tamb\u00e9m se reuniu com Josep Piqu\u00e9, presidente executivo da La Salle Technova e presidente da Associa\u00e7\u00e3o Internacional de Parques Tecnol\u00f3gicos e \u00c1reas de Inova\u00e7\u00e3o (IASP).<\/p>\n<p style=\"text-align: justify\">A programa\u00e7\u00e3o contou com uma visita t\u00e9cnica ao Parque Cient\u00edfico de Barcelona, criado em 1997 como\u00a0primeiro parque cient\u00edfico da Espanha. O parque possui 105 empresas instaladas, diversas plataformas tecnol\u00f3gicas, unidades tecnol\u00f3gicas e quatro institutos de pesquisa, com atua\u00e7\u00e3o destacada nas \u00e1reas de biomedicina, ambiental, TIC e setores agroalimentares.<\/p>\n<p style=\"text-align: justify\">Durante a visita, a delega\u00e7\u00e3o conheceu iniciativas da Funda\u00e7\u00e3o Bosch i Gimpera (FBG), focada na promo\u00e7\u00e3o e gerenciamento da transfer\u00eancia de conhecimento e tecnologia gerada na Universidade de Barcelona ao setor privado.<\/p>\n<p style=\"text-align: justify\">A delega\u00e7\u00e3o tamb\u00e9m esteve no Barcelona Biomedical Research Park, um dos maiores hubs de pesquisa na \u00e1rea biom\u00e9dica do sul da Europa, e o Barcelona Ativa, organiza\u00e7\u00e3o respons\u00e1vel pela promo\u00e7\u00e3o de pol\u00edticas e pr\u00e1ticas que promovam o desenvolvimento socioecon\u00f4mico, o emprego e o empreendedorismo, e forne\u00e7am apoio a empresas na perspectiva da economia plural.<\/p>\n<p style=\"text-align: justify\">Outro destino da Miss\u00e3o foi o Distrito 22@Barcelona, polo econ\u00f4mico que concentra neg\u00f3cios ligados a novas tecnologias, informa\u00e7\u00e3o e conhecimento. Situada na antiga regi\u00e3o industrial no bairro de Poblenou, o projeto transformou uma regi\u00e3o praticamente abandonada da cidade em um moderno reduto de startups, entidades de pesquisa e iniciativas ligadas a universidades.<\/p>\n<p style=\"text-align: justify\">Na sexta-feira, \u00faltimo dia de visitas t\u00e9cnicas em Barcelona, a delega\u00e7\u00e3o visitou uma das principais incubadoras de tecnologia da Europa, a La Salle Technova, apontada por um estudo da Fundaci\u00f3n de las Cajas de Ahorros (Funcas) como a terceira melhor incubadora de empresas da Espanha em 2016. O levantamento, realizado em parceria com a Universidade Rey Juan Carlos de Madrid, analisou, ao todo, 227 iniciativas.<\/p>\n<p style=\"text-align: justify\">A Miss\u00e3o foi recebida pelo presidente executivo da La Salle Technova, Josep Piqu\u00e9, e teve a oportunidade de conhecer detalhes do modelo de incuba\u00e7\u00e3o desenvolvido pela institui\u00e7\u00e3o. Piqu\u00e9, que tamb\u00e9m \u00e9 presidente da Associa\u00e7\u00e3o Internacional de Parques Tecnol\u00f3gicos e \u00c1reas de Inova\u00e7\u00e3o (IASP), conversou com os integrantes da delega\u00e7\u00e3o sobre as caracter\u00edsticas do ecossistema de inova\u00e7\u00e3o da Catalunha e suas liga\u00e7\u00f5es com outros ecossistemas espanh\u00f3is e globais.<\/p>\n<p style=\"text-align: justify\">Finalizada a etapa espanhola da Miss\u00e3o, a delega\u00e7\u00e3o vai a Istambul, na Turquia, onde participa da 34\u00aa Confer\u00eancia da Associa\u00e7\u00e3o Internacional de Parques Tecnol\u00f3gicos e \u00c1reas de Inova\u00e7\u00e3o (IASP), que tem como tema central \u201cParques Cient\u00edficos e ecossistemas de inova\u00e7\u00e3o naturais: articulando tend\u00eancias e estrat\u00e9gias futuras\u201d.<\/p>\n","protected":false},"excerpt":{"rendered":"<p>[:pt]Visitas a importantes institui\u00e7\u00f5es, como o o Parque Cient\u00edfico de Barcelona e a La Salle Technova, e workshop com Josep Pique marcaram programa\u00e7\u00e3o.[:]<\/p>\n","protected":false},"author":8,"featured_media":20253,"parent":0,"menu_order":0,"comment_status":"open","ping_status":"open","template":"","meta":{"footnotes":"","_links_to":"","_links_to_target":""},"_links":{"self":[{"href":"https:\/\/anprotec.org.br\/site\/wp-json\/wp\/v2\/pages\/20251"}],"collection":[{"href":"https:\/\/anprotec.org.br\/site\/wp-json\/wp\/v2\/pages"}],"about":[{"href":"https:\/\/anprotec.org.br\/site\/wp-json\/wp\/v2\/types\/page"}],"author":[{"embeddable":true,"href":"https:\/\/anprotec.org.br\/site\/wp-json\/wp\/v2\/users\/8"}],"replies":[{"embeddable":true,"href":"https:\/\/anprotec.org.br\/site\/wp-json\/wp\/v2\/comments?post=20251"}],"version-history":[{"count":2,"href":"https:\/\/anprotec.org.br\/site\/wp-json\/wp\/v2\/pages\/20251\/revisions"}],"predecessor-version":[{"id":24700,"href":"https:\/\/anprotec.org.br\/site\/wp-json\/wp\/v2\/pages\/20251\/revisions\/24700"}],"wp:featuredmedia":[{"embeddable":true,"href":"https:\/\/anprotec.org.br\/site\/wp-json\/wp\/v2\/media\/20253"}],"wp:attachment":[{"href":"https:\/\/anprotec.org.br\/site\/wp-json\/wp\/v2\/media?parent=20251"}],"curies":[{"name":"wp","href":"https:\/\/api.w.org\/{rel}","templated":true}]}}