{"id":15609,"date":"2016-07-18T10:07:23","date_gmt":"2016-07-18T13:07:23","guid":{"rendered":"http:\/\/anprotec.org.br\/site\/?page_id=15609"},"modified":"2022-10-17T13:55:05","modified_gmt":"2022-10-17T16:55:05","slug":"ebooks","status":"publish","type":"page","link":"https:\/\/anprotec.org.br\/site\/publicacoes-anprotec\/ebooks\/","title":{"rendered":"E-books"},"content":{"rendered":"<div class=\"wpb-content-wrapper\"><p>[vc_row][vc_column][vc_column_text]Gerar e compartilhar conhecimento sobre empreendedorismo e inova\u00e7\u00e3o \u00e9 uma marca da Anprotec. Por isso preparamos ebooks exclusivos, nos quais voc\u00ea encontra informa\u00e7\u00f5es essenciais para compreender melhor os fundamentos e as tend\u00eancias de nosso movimento. Confira:[\/vc_column_text][\/vc_column][\/vc_row][vc_row][vc_column][vc_empty_space height=&#8221;40px&#8221;][vc_custom_heading text=&#8221;Neg\u00f3cios de Impacto&#8221; font_container=&#8221;tag:h4|text_align:left&#8221; use_theme_fonts=&#8221;yes&#8221;][\/vc_column][vc_column width=&#8221;1\/4&#8243;][vc_single_image image=&#8221;43356&#8243; img_size=&#8221;150&#215;200&#8243; alignment=&#8221;center&#8221; onclick=&#8221;custom_link&#8221; link=&#8221;https:\/\/informativo.anprotec.org.br\/ebook-negocios-de-impacto-76868d3f243216cf9e0f&#8221;][\/vc_column][vc_column width=&#8221;3\/4&#8243;][vc_column_text]Reda\u00e7\u00e3o: Gabriela Ferreira<br \/>\nRevis\u00e3o T\u00e9cnica: Vivian Rubia, Fernanda Bombardi e Guilherme Calheiros<br \/>\nRealiza\u00e7\u00e3o: Anprotec e ICE[\/vc_column_text][vc_btn title=&#8221;Download&#8221; style=&#8221;classic&#8221; color=&#8221;warning&#8221; size=&#8221;sm&#8221; link=&#8221;url:https%3A%2F%2Finformativo.anprotec.org.br%2Febook-negocios-de-impacto-76868d3f243216cf9e0f||target:%20_blank|rel:nofollow&#8221;][\/vc_column][vc_column][vc_empty_space height=&#8221;40px&#8221;][\/vc_column][\/vc_row][vc_row][vc_column][vc_custom_heading text=&#8221;Smart City: Cen\u00e1rios urbanos da inova\u00e7\u00e3o \u2013 Inova\u00e7\u00e3o e as novas din\u00e2micas sociais e econ\u00f4micas nas cidades&#8221; font_container=&#8221;tag:h4|text_align:left&#8221; use_theme_fonts=&#8221;yes&#8221;][\/vc_column][vc_column width=&#8221;1\/4&#8243;][vc_single_image image=&#8221;36103&#8243; img_size=&#8221;full&#8221;][\/vc_column][vc_column width=&#8221;3\/4&#8243;][vc_column_text]Autores: Ghissia Hauser e Thais Caetano Bochi<br \/>\nRealiza\u00e7\u00e3o: Anprotec<br \/>\nApoio: Sebrae<br \/>\nS\u00e9rie: Tend\u00eancias[\/vc_column_text][vc_btn title=&#8221;Download&#8221; style=&#8221;classic&#8221; color=&#8221;warning&#8221; size=&#8221;sm&#8221; link=&#8221;url:https%3A%2F%2Finformativo.anprotec.org.br%2Febook-serie-tendencias-smart-cities||target:%20_blank|rel:nofollow&#8221;][\/vc_column][vc_column][vc_empty_space height=&#8221;40px&#8221;][\/vc_column][\/vc_row][vc_row][vc_column][vc_custom_heading text=&#8221;Dos parques cient\u00edficos e tecnol\u00f3gicos aos ecossistemas de inova\u00e7\u00e3o \u2013 Desenvolvimento social e econ\u00f4mico na sociedade do conhecimento&#8221; font_container=&#8221;tag:h4|text_align:left&#8221; use_theme_fonts=&#8221;yes&#8221;][\/vc_column][vc_column width=&#8221;1\/4&#8243;][vc_single_image image=&#8221;36104&#8243; img_size=&#8221;full&#8221;][\/vc_column][vc_column width=&#8221;3\/4&#8243;][vc_column_text]Autores: Jorge Audy e Josep Piqu\u00e9<br \/>\nRealiza\u00e7\u00e3o: Anprotec<br \/>\nApoio: Sebrae<br \/>\nS\u00e9rie: Tend\u00eancias[\/vc_column_text][vc_btn title=&#8221;Download&#8221; style=&#8221;classic&#8221; color=&#8221;warning&#8221; size=&#8221;sm&#8221; link=&#8221;url:https%3A%2F%2Finformativo.anprotec.org.br%2Febook-serie-tendencias-dos-parques-cientificos-e-tecnologicos-aos-ecossistemas-de-inovacao||target:%20_blank|rel:nofollow&#8221;][\/vc_column][vc_column][vc_empty_space height=&#8221;40px&#8221;][\/vc_column][\/vc_row][vc_row][vc_column][vc_custom_heading text=&#8221;Mecanismos de Gera\u00e7\u00e3o de Empreendimentos Inovadores \u2013 Mudan\u00e7as na organiza\u00e7\u00e3o e na din\u00e2mica dos ambientes e o surgimento de novos atores&#8221; font_container=&#8221;tag:h4|text_align:left&#8221; use_theme_fonts=&#8221;yes&#8221;][\/vc_column][vc_column width=&#8221;1\/4&#8243;][vc_single_image image=&#8221;36105&#8243; img_size=&#8221;full&#8221;][\/vc_column][vc_column width=&#8221;3\/4&#8243;][vc_column_text]Autor: Jos\u00e9 Alberto Sampaio Aranha<br \/>\nRealiza\u00e7\u00e3o: Anprotec<br \/>\nApoio: Sebrae<\/p>\n<p>S\u00e9rie: Tend\u00eancias[\/vc_column_text][vc_btn title=&#8221;Download&#8221; style=&#8221;classic&#8221; color=&#8221;warning&#8221; size=&#8221;sm&#8221; link=&#8221;url:https%3A%2F%2Finformativo.anprotec.org.br%2Febook-serie-tendencias-mecanismos-de-geracao-de-empreendimentos-inovadores||target:%20_blank|rel:nofollow&#8221;][\/vc_column][vc_column][vc_empty_space height=&#8221;40px&#8221;][\/vc_column][\/vc_row][vc_row][vc_column][vc_custom_heading text=&#8221;Incubadoras de empresas&#8221; font_container=&#8221;tag:h4|text_align:left&#8221; use_theme_fonts=&#8221;yes&#8221;][\/vc_column][vc_column width=&#8221;1\/4&#8243;][vc_single_image image=&#8221;36106&#8243; img_size=&#8221;full&#8221;][\/vc_column][vc_column width=&#8221;3\/4&#8243;][vc_column_text]Autores: Carlos Eduardo Bizzotto, Sheila Oliveira Pires e Tony Chierighini<br \/>\nRealiza\u00e7\u00e3o: Anprotec<br \/>\nApoio: Sebrae<br \/>\nS\u00e9rie: Fundamentos[\/vc_column_text][vc_btn title=&#8221;Download&#8221; style=&#8221;classic&#8221; color=&#8221;warning&#8221; size=&#8221;sm&#8221; link=&#8221;url:https%3A%2F%2Finformativo.anprotec.org.br%2Febook-serie-fundamentos-incubadoras-de-empresas||target:%20_blank|rel:nofollow&#8221;][\/vc_column][vc_column][vc_empty_space height=&#8221;40px&#8221;][\/vc_column][\/vc_row][vc_row][vc_column][vc_custom_heading text=&#8221;Modelos Jur\u00eddicos para Parques Cient\u00edficos e Tecnol\u00f3gicos&#8221; font_container=&#8221;tag:h4|text_align:left&#8221; use_theme_fonts=&#8221;yes&#8221;][\/vc_column][vc_column width=&#8221;1\/4&#8243;][vc_single_image image=&#8221;36107&#8243; img_size=&#8221;full&#8221;][\/vc_column][vc_column width=&#8221;3\/4&#8243;][vc_column_text]Produ\u00e7\u00e3o: Assessoria de Comunica\u00e7\u00e3o da Anprotec<br \/>\nRealiza\u00e7\u00e3o: Anprotec<br \/>\nConsultoria e supervis\u00e3o: Julio Santiago<br \/>\nColabora\u00e7\u00e3o: Sebasti\u00e3o do Esp\u00edrito Santo Neto<br \/>\nApoio: Sebrae<br \/>\nS\u00e9rie: Fundamentos[\/vc_column_text][vc_btn title=&#8221;Download&#8221; style=&#8221;classic&#8221; color=&#8221;warning&#8221; size=&#8221;sm&#8221; link=&#8221;url:https%3A%2F%2Finformativo.anprotec.org.br%2Febook-serie-fundamentos-modelo-juridicos-para-parques-cientificos-e-tecnologicos||target:%20_blank|rel:nofollow&#8221;][\/vc_column][vc_column][vc_empty_space height=&#8221;40px&#8221;][\/vc_column][\/vc_row]<\/p>\n<\/div>","protected":false},"excerpt":{"rendered":"<p>[vc_row][vc_column][vc_column_text]Gerar e compartilhar conhecimento sobre empreendedorismo e inova\u00e7\u00e3o \u00e9 uma<span class=\"excerpt-hellip\"> [\u2026]<\/span><\/p>\n","protected":false},"author":8,"featured_media":0,"parent":11032,"menu_order":2,"comment_status":"closed","ping_status":"closed","template":"","meta":{"footnotes":"","_links_to":"","_links_to_target":""},"_links":{"self":[{"href":"https:\/\/anprotec.org.br\/site\/wp-json\/wp\/v2\/pages\/15609"}],"collection":[{"href":"https:\/\/anprotec.org.br\/site\/wp-json\/wp\/v2\/pages"}],"about":[{"href":"https:\/\/anprotec.org.br\/site\/wp-json\/wp\/v2\/types\/page"}],"author":[{"embeddable":true,"href":"https:\/\/anprotec.org.br\/site\/wp-json\/wp\/v2\/users\/8"}],"replies":[{"embeddable":true,"href":"https:\/\/anprotec.org.br\/site\/wp-json\/wp\/v2\/comments?post=15609"}],"version-history":[{"count":4,"href":"https:\/\/anprotec.org.br\/site\/wp-json\/wp\/v2\/pages\/15609\/revisions"}],"predecessor-version":[{"id":43373,"href":"https:\/\/anprotec.org.br\/site\/wp-json\/wp\/v2\/pages\/15609\/revisions\/43373"}],"up":[{"embeddable":true,"href":"https:\/\/anprotec.org.br\/site\/wp-json\/wp\/v2\/pages\/11032"}],"wp:attachment":[{"href":"https:\/\/anprotec.org.br\/site\/wp-json\/wp\/v2\/media?parent=15609"}],"curies":[{"name":"wp","href":"https:\/\/api.w.org\/{rel}","templated":true}]}}