{"id":11032,"date":"2015-07-22T09:02:35","date_gmt":"2015-07-22T12:02:35","guid":{"rendered":"http:\/\/anprotec.org.br\/site\/?page_id=11032"},"modified":"2025-02-05T16:53:49","modified_gmt":"2025-02-05T19:53:49","slug":"publicacoes-anprotec","status":"publish","type":"page","link":"https:\/\/anprotec.org.br\/site\/publicacoes-anprotec\/","title":{"rendered":"Publica\u00e7\u00f5es"},"content":{"rendered":"<div class=\"wpb-content-wrapper\"><p>[vc_row][vc_column][vc_column_text]A fim de contribuir para a expans\u00e3o do conhecimento acerca dos temas relacionados ao empreendedorismo inovador, a Anprotec oferece diversos tipos de publica\u00e7\u00f5es voltadas a diferentes p\u00fablicos. Acesse, nos links abaixo, a revista gratuita <i>Locus<\/i>, livros e e-books, al\u00e9m dos estudos e pesquisas que a Associa\u00e7\u00e3o desenvolve com institui\u00e7\u00f5es parceiras.<i><\/i>[\/vc_column_text][\/vc_column][\/vc_row][vc_row][vc_column width=&#8221;1\/2&#8243;]<div class=\"sliding_box\"><a href=\"https:\/\/anprotec.org.br\/site\/publicacoes-anprotec\/anais-conferencia-anprotec\/\" target=\"_blank\"><div class=\"photo_wrapper\"><img class=\"scale-with-grid\" src=\"https:\/\/anprotec.org.br\/site\/wp-content\/uploads\/2025\/02\/Captura-de-tela-2025-01-29-153611-e1738785446168.png\" alt=\"\" width=\"\" height=\"\"\/><\/div><div class=\"desc_wrapper\"><h4>Anais - Confer\u00eancia Anprotec<\/h4><\/div><\/a><\/div>\n[\/vc_column][vc_column width=&#8221;1\/2&#8243;]<div class=\"sliding_box\"><a href=\"https:\/\/anprotec.org.br\/site\/publicacoes-anprotec\/livros\/\" target=\"_blank\"><div class=\"photo_wrapper\"><img class=\"scale-with-grid\" src=\"https:\/\/anprotec.org.br\/site\/wp-content\/uploads\/2019\/02\/livros-anprotec-publicacoes-1.png\" alt=\"livros-anprotec-publicacoes\" width=\"582\" height=\"308\"\/><\/div><div class=\"desc_wrapper\"><h4>Livros<\/h4><\/div><\/a><\/div>\n[\/vc_column][\/vc_row][vc_row equal_height=&#8221;yes&#8221;][vc_column width=&#8221;1\/2&#8243;]<div class=\"sliding_box\"><a href=\"https:\/\/anprotec.org.br\/site\/publicacoes-anprotec\/revista-locus\/\" target=\"_blank\"><div class=\"photo_wrapper\"><img class=\"scale-with-grid\" src=\"https:\/\/anprotec.org.br\/site\/wp-content\/uploads\/2019\/10\/Locus-Capa_86.jpg\" alt=\"Web\" width=\"582\" height=\"308\"\/><\/div><div class=\"desc_wrapper\"><h4>Revista Locus<\/h4><\/div><\/a><\/div>\n[\/vc_column][vc_column width=&#8221;1\/2&#8243;]<div class=\"sliding_box\"><a href=\"https:\/\/anprotec.org.br\/site\/publicacoes-anprotec\/revista-locus-cientifico\/\" target=\"_blank\"><div class=\"photo_wrapper\"><img class=\"scale-with-grid\" src=\"https:\/\/anprotec.org.br\/site\/wp-content\/uploads\/2018\/12\/Locus-Cientifivco-dezembro-2018.jpg\" alt=\"Locus Cientifivco dezembro-2018\" width=\"582\" height=\"308\"\/><\/div><div class=\"desc_wrapper\"><h4>Locus Cient\u00edfico<\/h4><\/div><\/a><\/div>\n[\/vc_column][\/vc_row][vc_row][vc_column width=&#8221;1\/2&#8243;]<div class=\"sliding_box\"><a href=\"https:\/\/anprotec.org.br\/site\/publicacoes-anprotec\/ebooks\/\" target=\"_blank\"><div class=\"photo_wrapper\"><img class=\"scale-with-grid\" src=\"https:\/\/anprotec.org.br\/site\/wp-content\/uploads\/2018\/06\/e-book_Negocios-de-Impacto-ok.jpg\" alt=\"e-book_Negocios de Impacto-ok\" width=\"582\" height=\"308\"\/><\/div><div class=\"desc_wrapper\"><h4>E-books<\/h4><\/div><\/a><\/div>\n[\/vc_column][vc_column width=&#8221;1\/2&#8243;]<div class=\"sliding_box\"><a href=\"https:\/\/anprotec.org.br\/site\/publicacoes-anprotec\/estudos-e-pesquisas\/\" target=\"_blank\"><div class=\"photo_wrapper\"><img class=\"scale-with-grid\" src=\"https:\/\/anprotec.org.br\/site\/wp-content\/uploads\/2018\/03\/Estudos-ok-1.jpg\" alt=\"Estudos-ok-1\" width=\"582\" height=\"308\"\/><\/div><div class=\"desc_wrapper\"><h4>Estudos<\/h4><\/div><\/a><\/div>\n[\/vc_column][\/vc_row]<\/p>\n<\/div>","protected":false},"excerpt":{"rendered":"<p>[vc_row][vc_column][vc_column_text]A fim de contribuir para a expans\u00e3o do conhecimento acerca<span class=\"excerpt-hellip\"> [\u2026]<\/span><\/p>\n","protected":false},"author":8,"featured_media":0,"parent":0,"menu_order":0,"comment_status":"open","ping_status":"closed","template":"","meta":{"footnotes":"","_links_to":"","_links_to_target":""},"_links":{"self":[{"href":"https:\/\/anprotec.org.br\/site\/wp-json\/wp\/v2\/pages\/11032"}],"collection":[{"href":"https:\/\/anprotec.org.br\/site\/wp-json\/wp\/v2\/pages"}],"about":[{"href":"https:\/\/anprotec.org.br\/site\/wp-json\/wp\/v2\/types\/page"}],"author":[{"embeddable":true,"href":"https:\/\/anprotec.org.br\/site\/wp-json\/wp\/v2\/users\/8"}],"replies":[{"embeddable":true,"href":"https:\/\/anprotec.org.br\/site\/wp-json\/wp\/v2\/comments?post=11032"}],"version-history":[{"count":2,"href":"https:\/\/anprotec.org.br\/site\/wp-json\/wp\/v2\/pages\/11032\/revisions"}],"predecessor-version":[{"id":49146,"href":"https:\/\/anprotec.org.br\/site\/wp-json\/wp\/v2\/pages\/11032\/revisions\/49146"}],"wp:attachment":[{"href":"https:\/\/anprotec.org.br\/site\/wp-json\/wp\/v2\/media?parent=11032"}],"curies":[{"name":"wp","href":"https:\/\/api.w.org\/{rel}","templated":true}]}}