{"id":2269,"date":"2023-09-12T12:54:14","date_gmt":"2023-09-12T15:54:14","guid":{"rendered":"https:\/\/anprotec.org.br\/conferencia2023\/?page_id=2269"},"modified":"2023-09-14T11:50:35","modified_gmt":"2023-09-14T14:50:35","slug":"trabalhos","status":"publish","type":"page","link":"https:\/\/anprotec.org.br\/conferencia2023\/trabalhos\/","title":{"rendered":"Trabalhos"},"content":{"rendered":"\t\t<div data-elementor-type=\"wp-page\" data-elementor-id=\"2269\" class=\"elementor elementor-2269\">\n\t\t\t\t\t\t<section class=\"ob-is-breaking-bad elementor-section elementor-top-section elementor-element elementor-element-35e5e6f elementor-section-full_width elementor-section-stretched elementor-section-height-default elementor-section-height-default\" data-dce-background-image-url=\"https:\/\/anprotec.org.br\/conferencia2023\/wp-content\/uploads\/2023\/06\/Grupo-65.png\" data-id=\"35e5e6f\" data-element_type=\"section\" data-settings=\"{&quot;stretch_section&quot;:&quot;section-stretched&quot;,&quot;jet_parallax_layout_list&quot;:[],&quot;background_background&quot;:&quot;classic&quot;,&quot;_ob_bbad_use_it&quot;:&quot;yes&quot;,&quot;_ob_bbad_sssic_use&quot;:&quot;no&quot;}\">\n\t\t\t\t\t\t<div class=\"elementor-container elementor-column-gap-default\">\n\t\t\t\t\t<div class=\"elementor-column elementor-col-100 elementor-top-column elementor-element elementor-element-3f3ee23\" data-id=\"3f3ee23\" data-element_type=\"column\" data-settings=\"{&quot;_ob_bbad_is_stalker&quot;:&quot;no&quot;}\">\n\t\t\t<div class=\"elementor-widget-wrap elementor-element-populated\">\n\t\t\t\t\t\t<div class=\"elementor-element elementor-element-db98379 elementor-widget elementor-widget-heading\" data-id=\"db98379\" data-element_type=\"widget\" data-widget_type=\"heading.default\">\n\t\t\t\t<div class=\"elementor-widget-container\">\n\t\t\t<h2 class=\"elementor-heading-title elementor-size-default\">Chamadas de Trabalhos<\/h2>\t\t<\/div>\n\t\t\t\t<\/div>\n\t\t\t\t\t<\/div>\n\t\t<\/div>\n\t\t\t\t\t<\/div>\n\t\t<\/section>\n\t\t\t\t<section class=\"ob-is-breaking-bad elementor-section elementor-top-section elementor-element elementor-element-659db90 elementor-section-boxed elementor-section-height-default elementor-section-height-default\" data-id=\"659db90\" data-element_type=\"section\" data-settings=\"{&quot;jet_parallax_layout_list&quot;:[],&quot;_ob_bbad_use_it&quot;:&quot;yes&quot;,&quot;_ob_bbad_sssic_use&quot;:&quot;no&quot;}\">\n\t\t\t\t\t\t<div class=\"elementor-container elementor-column-gap-default\">\n\t\t\t\t\t<div class=\"elementor-column elementor-col-100 elementor-top-column elementor-element elementor-element-4f8ffc3\" data-id=\"4f8ffc3\" data-element_type=\"column\" data-settings=\"{&quot;_ob_bbad_is_stalker&quot;:&quot;no&quot;}\">\n\t\t\t<div class=\"elementor-widget-wrap elementor-element-populated\">\n\t\t\t\t\t\t<div class=\"elementor-element elementor-element-108997c elementor-widget elementor-widget-heading\" data-id=\"108997c\" data-element_type=\"widget\" data-widget_type=\"heading.default\">\n\t\t\t\t<div class=\"elementor-widget-container\">\n\t\t\t<h2 class=\"elementor-heading-title elementor-size-default\">Confer\u00eancia Anprotec 2023 tem recorde de 140 submiss\u00f5es na sua Chamada de Trabalhos<\/h2>\t\t<\/div>\n\t\t\t\t<\/div>\n\t\t\t\t\t<\/div>\n\t\t<\/div>\n\t\t\t\t\t<\/div>\n\t\t<\/section>\n\t\t\t\t<section class=\"ob-is-breaking-bad elementor-section elementor-top-section elementor-element elementor-element-e442b37 elementor-section-boxed elementor-section-height-default elementor-section-height-default\" data-id=\"e442b37\" data-element_type=\"section\" data-settings=\"{&quot;jet_parallax_layout_list&quot;:[],&quot;_ob_bbad_use_it&quot;:&quot;yes&quot;,&quot;_ob_bbad_sssic_use&quot;:&quot;no&quot;}\">\n\t\t\t\t\t\t<div class=\"elementor-container elementor-column-gap-default\">\n\t\t\t\t\t<div class=\"elementor-column elementor-col-100 elementor-top-column elementor-element elementor-element-c571674\" data-id=\"c571674\" data-element_type=\"column\" data-settings=\"{&quot;_ob_bbad_is_stalker&quot;:&quot;no&quot;}\">\n\t\t\t<div class=\"elementor-widget-wrap elementor-element-populated\">\n\t\t\t\t\t\t<div class=\"elementor-element elementor-element-9a6844a elementor-widget elementor-widget-text-editor\" data-id=\"9a6844a\" data-element_type=\"widget\" data-widget_type=\"text-editor.default\">\n\t\t\t\t<div class=\"elementor-widget-container\">\n\t\t\t\t\t\t\t<p><span style=\"font-weight: 400;\">A Confer\u00eancia Anprotec, consolidada como um dos principais pontos de encontro para discuss\u00f5es sobre inova\u00e7\u00e3o e empreendedorismo no Brasil, alcan\u00e7ou um novo patamar de destaque este ano. Com incr\u00edveis 140 submiss\u00f5es para a Chamada de Trabalhos, estabeleceu-se um recorde que refor\u00e7a sua relev\u00e2ncia acad\u00eamica e profissional no panorama nacional.<\/span><\/p><p><span style=\"font-weight: 400;\">Este marco n\u00e3o s\u00f3 atesta o crescimento e fortalecimento do evento ao longo dos anos, mas tamb\u00e9m ressalta o aumento do interesse em debater e compartilhar conhecimentos sobre os ambientes de inova\u00e7\u00e3o, como aceleradoras, incubadoras e parques tecnol\u00f3gicos. Esses mecanismos t\u00eam sido vitais para o desenvolvimento tecnol\u00f3gico e econ\u00f4mico do Brasil, servindo como catalisadores de inova\u00e7\u00f5es que agregam valor e transformam cen\u00e1rios.<\/span><\/p><p><span style=\"font-weight: 400;\">O n\u00famero expressivo de submiss\u00f5es reflete a confian\u00e7a e expectativa depositadas no evento da Anprotec por parte da comunidade cient\u00edfica e profissional.<\/span><\/p><p><span style=\"font-weight: 400;\">Os trabalhos foram apresentados nas categorias:<\/span><span style=\"font-weight: 400;\"><br \/><\/span><span style=\"font-weight: 400;\">(1) Artigo Completo (at\u00e9 4.000 palavras);<\/span><span style=\"font-weight: 400;\"><br \/><\/span><span style=\"font-weight: 400;\">(2) Relato de Boas Pr\u00e1ticas em empresas e ambientes de inova\u00e7\u00e3o (at\u00e9 2.000 palavras).<\/span><\/p><p><span style=\"font-weight: 400;\">Os trabalhos foram produzidos com base nas trilhas que ser\u00e3o abordadas ao longo da 33\u00aa Confer\u00eancia Anprotec, sendo elas:<\/span><\/p><p><span style=\"font-weight: 400;\">Trilha 1 \u2013 Ecossistemas empreendedores em meio \u00e0s transforma\u00e7\u00f5es tecnol\u00f3gicas<\/span><span style=\"font-weight: 400;\"><br \/><\/span><span style=\"font-weight: 400;\">Trilha 2 \u2013 Tecnologia e Inova\u00e7\u00e3o para uma sociedade sustent\u00e1vel<\/span><span style=\"font-weight: 400;\"><br \/><\/span><span style=\"font-weight: 400;\">Trilha 3 \u2013 Futuros emergentes: impactos na sociedade<\/span><span style=\"font-weight: 400;\"><br \/><\/span><span style=\"font-weight: 400;\">Trilha 4 \u2013 Empreendedorismo inovador, inclusivo, diverso e de periferia<\/span><\/p><p><span style=\"font-weight: 400;\">Com esta Chamada de Trabalhos, pretendemos aprofundar a compreens\u00e3o das pr\u00e1ticas e ferramentas necess\u00e1rias para criar neg\u00f3cios, aumentar a produtividade e escala, e impulsionar a inova\u00e7\u00e3o e o desenvolvimento sustent\u00e1vel no pa\u00eds.<\/span><\/p><p><span style=\"font-weight: 400;\">Os trabalhos selecionados ser\u00e3o comunicados at\u00e9 o dia 29 de setembro de 2023.<\/span><\/p><p><a href=\"https:\/\/anprotec.org.br\/conferencia2023\/conferencia-anprotec-2023-tem-recorde-de-140-submissoes-na-sua-chamada-de-trabalho\/\"><b>Confira a programa\u00e7\u00e3o do evento!<\/b><\/a><b>\u00a0<\/b><\/p><p><strong><a href=\"https:\/\/anprotec.org.br\/site\/wp-content\/uploads\/2023\/08\/Chamada-de-Trabalhos-Confere%CC%82ncia-Anprotec-20231.pdf\">Acesse o Edital da Chamada de Trabalhos.\u00a0<\/a><\/strong><\/p><p><span style=\"font-weight: 400;\">Estamos esperando por voc\u00ea na 33\u00aa Confer\u00eancia Anprotec!<\/span><\/p>\t\t\t\t\t\t<\/div>\n\t\t\t\t<\/div>\n\t\t\t\t\t<\/div>\n\t\t<\/div>\n\t\t\t\t\t<\/div>\n\t\t<\/section>\n\t\t\t\t<\/div>\n\t\t","protected":false},"excerpt":{"rendered":"<p>Chamadas de Trabalhos Confer\u00eancia Anprotec 2023 tem recorde de 140 submiss\u00f5es na sua Chamada de Trabalhos A Confer\u00eancia Anprotec, consolidada como um dos principais pontos de encontro para discuss\u00f5es sobre inova\u00e7\u00e3o e empreendedorismo no Brasil, alcan\u00e7ou um novo patamar de destaque este ano. Com incr\u00edveis 140 submiss\u00f5es para a Chamada de Trabalhos, estabeleceu-se um recorde [&hellip;]<\/p>\n","protected":false},"author":1,"featured_media":0,"parent":0,"menu_order":0,"comment_status":"closed","ping_status":"closed","template":"","meta":{"footnotes":""},"class_list":["post-2269","page","type-page","status-publish","hentry"],"yoast_head":"<!-- This site is optimized with the Yoast SEO plugin v23.0 - https:\/\/yoast.com\/wordpress\/plugins\/seo\/ -->\n<title>Trabalhos - Confer\u00eancia 2023 Anprotec<\/title>\n<meta name=\"robots\" content=\"index, follow, max-snippet:-1, max-image-preview:large, max-video-preview:-1\" \/>\n<link rel=\"canonical\" href=\"https:\/\/anprotec.org.br\/conferencia2023\/trabalhos\/\" \/>\n<meta property=\"og:locale\" content=\"pt_BR\" \/>\n<meta property=\"og:type\" content=\"article\" \/>\n<meta property=\"og:title\" content=\"Trabalhos - Confer\u00eancia 2023 Anprotec\" \/>\n<meta property=\"og:description\" content=\"Chamadas de Trabalhos Confer\u00eancia Anprotec 2023 tem recorde de 140 submiss\u00f5es na sua Chamada de Trabalhos A Confer\u00eancia Anprotec, consolidada como um dos principais pontos de encontro para discuss\u00f5es sobre inova\u00e7\u00e3o e empreendedorismo no Brasil, alcan\u00e7ou um novo patamar de destaque este ano. Com incr\u00edveis 140 submiss\u00f5es para a Chamada de Trabalhos, estabeleceu-se um recorde [&hellip;]\" \/>\n<meta property=\"og:url\" content=\"https:\/\/anprotec.org.br\/conferencia2023\/trabalhos\/\" \/>\n<meta property=\"og:site_name\" content=\"Confer\u00eancia 2023 Anprotec\" \/>\n<meta property=\"article:modified_time\" content=\"2023-09-14T14:50:35+00:00\" \/>\n<meta name=\"twitter:card\" content=\"summary_large_image\" \/>\n<meta name=\"twitter:label1\" content=\"Est. tempo de leitura\" \/>\n\t<meta name=\"twitter:data1\" content=\"2 minutos\" \/>\n<script type=\"application\/ld+json\" class=\"yoast-schema-graph\">{\"@context\":\"https:\/\/schema.org\",\"@graph\":[{\"@type\":\"WebPage\",\"@id\":\"https:\/\/anprotec.org.br\/conferencia2023\/trabalhos\/\",\"url\":\"https:\/\/anprotec.org.br\/conferencia2023\/trabalhos\/\",\"name\":\"Trabalhos - Confer\u00eancia 2023 Anprotec\",\"isPartOf\":{\"@id\":\"https:\/\/anprotec.org.br\/conferencia2023\/#website\"},\"datePublished\":\"2023-09-12T15:54:14+00:00\",\"dateModified\":\"2023-09-14T14:50:35+00:00\",\"breadcrumb\":{\"@id\":\"https:\/\/anprotec.org.br\/conferencia2023\/trabalhos\/#breadcrumb\"},\"inLanguage\":\"pt-BR\",\"potentialAction\":[{\"@type\":\"ReadAction\",\"target\":[\"https:\/\/anprotec.org.br\/conferencia2023\/trabalhos\/\"]}]},{\"@type\":\"BreadcrumbList\",\"@id\":\"https:\/\/anprotec.org.br\/conferencia2023\/trabalhos\/#breadcrumb\",\"itemListElement\":[{\"@type\":\"ListItem\",\"position\":1,\"name\":\"In\u00edcio\",\"item\":\"https:\/\/anprotec.org.br\/conferencia2023\/\"},{\"@type\":\"ListItem\",\"position\":2,\"name\":\"Trabalhos\"}]},{\"@type\":\"WebSite\",\"@id\":\"https:\/\/anprotec.org.br\/conferencia2023\/#website\",\"url\":\"https:\/\/anprotec.org.br\/conferencia2023\/\",\"name\":\"Confer\u00eancia 2023 Anprotec\",\"description\":\"\",\"publisher\":{\"@id\":\"https:\/\/anprotec.org.br\/conferencia2023\/#organization\"},\"potentialAction\":[{\"@type\":\"SearchAction\",\"target\":{\"@type\":\"EntryPoint\",\"urlTemplate\":\"https:\/\/anprotec.org.br\/conferencia2023\/?s={search_term_string}\"},\"query-input\":\"required name=search_term_string\"}],\"inLanguage\":\"pt-BR\"},{\"@type\":\"Organization\",\"@id\":\"https:\/\/anprotec.org.br\/conferencia2023\/#organization\",\"name\":\"Confer\u00eancia 2023 Anprotec\",\"url\":\"https:\/\/anprotec.org.br\/conferencia2023\/\",\"logo\":{\"@type\":\"ImageObject\",\"inLanguage\":\"pt-BR\",\"@id\":\"https:\/\/anprotec.org.br\/conferencia2023\/#\/schema\/logo\/image\/\",\"url\":\"\",\"contentUrl\":\"\",\"caption\":\"Confer\u00eancia 2023 Anprotec\"},\"image\":{\"@id\":\"https:\/\/anprotec.org.br\/conferencia2023\/#\/schema\/logo\/image\/\"}}]}<\/script>\n<!-- \/ Yoast SEO plugin. -->","yoast_head_json":{"title":"Trabalhos - Confer\u00eancia 2023 Anprotec","robots":{"index":"index","follow":"follow","max-snippet":"max-snippet:-1","max-image-preview":"max-image-preview:large","max-video-preview":"max-video-preview:-1"},"canonical":"https:\/\/anprotec.org.br\/conferencia2023\/trabalhos\/","og_locale":"pt_BR","og_type":"article","og_title":"Trabalhos - Confer\u00eancia 2023 Anprotec","og_description":"Chamadas de Trabalhos Confer\u00eancia Anprotec 2023 tem recorde de 140 submiss\u00f5es na sua Chamada de Trabalhos A Confer\u00eancia Anprotec, consolidada como um dos principais pontos de encontro para discuss\u00f5es sobre inova\u00e7\u00e3o e empreendedorismo no Brasil, alcan\u00e7ou um novo patamar de destaque este ano. Com incr\u00edveis 140 submiss\u00f5es para a Chamada de Trabalhos, estabeleceu-se um recorde [&hellip;]","og_url":"https:\/\/anprotec.org.br\/conferencia2023\/trabalhos\/","og_site_name":"Confer\u00eancia 2023 Anprotec","article_modified_time":"2023-09-14T14:50:35+00:00","twitter_card":"summary_large_image","twitter_misc":{"Est. tempo de leitura":"2 minutos"},"schema":{"@context":"https:\/\/schema.org","@graph":[{"@type":"WebPage","@id":"https:\/\/anprotec.org.br\/conferencia2023\/trabalhos\/","url":"https:\/\/anprotec.org.br\/conferencia2023\/trabalhos\/","name":"Trabalhos - Confer\u00eancia 2023 Anprotec","isPartOf":{"@id":"https:\/\/anprotec.org.br\/conferencia2023\/#website"},"datePublished":"2023-09-12T15:54:14+00:00","dateModified":"2023-09-14T14:50:35+00:00","breadcrumb":{"@id":"https:\/\/anprotec.org.br\/conferencia2023\/trabalhos\/#breadcrumb"},"inLanguage":"pt-BR","potentialAction":[{"@type":"ReadAction","target":["https:\/\/anprotec.org.br\/conferencia2023\/trabalhos\/"]}]},{"@type":"BreadcrumbList","@id":"https:\/\/anprotec.org.br\/conferencia2023\/trabalhos\/#breadcrumb","itemListElement":[{"@type":"ListItem","position":1,"name":"In\u00edcio","item":"https:\/\/anprotec.org.br\/conferencia2023\/"},{"@type":"ListItem","position":2,"name":"Trabalhos"}]},{"@type":"WebSite","@id":"https:\/\/anprotec.org.br\/conferencia2023\/#website","url":"https:\/\/anprotec.org.br\/conferencia2023\/","name":"Confer\u00eancia 2023 Anprotec","description":"","publisher":{"@id":"https:\/\/anprotec.org.br\/conferencia2023\/#organization"},"potentialAction":[{"@type":"SearchAction","target":{"@type":"EntryPoint","urlTemplate":"https:\/\/anprotec.org.br\/conferencia2023\/?s={search_term_string}"},"query-input":"required name=search_term_string"}],"inLanguage":"pt-BR"},{"@type":"Organization","@id":"https:\/\/anprotec.org.br\/conferencia2023\/#organization","name":"Confer\u00eancia 2023 Anprotec","url":"https:\/\/anprotec.org.br\/conferencia2023\/","logo":{"@type":"ImageObject","inLanguage":"pt-BR","@id":"https:\/\/anprotec.org.br\/conferencia2023\/#\/schema\/logo\/image\/","url":"","contentUrl":"","caption":"Confer\u00eancia 2023 Anprotec"},"image":{"@id":"https:\/\/anprotec.org.br\/conferencia2023\/#\/schema\/logo\/image\/"}}]}},"_links":{"self":[{"href":"https:\/\/anprotec.org.br\/conferencia2023\/wp-json\/wp\/v2\/pages\/2269","targetHints":{"allow":["GET"]}}],"collection":[{"href":"https:\/\/anprotec.org.br\/conferencia2023\/wp-json\/wp\/v2\/pages"}],"about":[{"href":"https:\/\/anprotec.org.br\/conferencia2023\/wp-json\/wp\/v2\/types\/page"}],"author":[{"embeddable":true,"href":"https:\/\/anprotec.org.br\/conferencia2023\/wp-json\/wp\/v2\/users\/1"}],"replies":[{"embeddable":true,"href":"https:\/\/anprotec.org.br\/conferencia2023\/wp-json\/wp\/v2\/comments?post=2269"}],"version-history":[{"count":16,"href":"https:\/\/anprotec.org.br\/conferencia2023\/wp-json\/wp\/v2\/pages\/2269\/revisions"}],"predecessor-version":[{"id":2483,"href":"https:\/\/anprotec.org.br\/conferencia2023\/wp-json\/wp\/v2\/pages\/2269\/revisions\/2483"}],"wp:attachment":[{"href":"https:\/\/anprotec.org.br\/conferencia2023\/wp-json\/wp\/v2\/media?parent=2269"}],"curies":[{"name":"wp","href":"https:\/\/api.w.org\/{rel}","templated":true}]}}