{"id":1596,"date":"2023-08-18T10:31:06","date_gmt":"2023-08-18T13:31:06","guid":{"rendered":"https:\/\/anprotec.org.br\/conferencia2023\/?page_id=1596"},"modified":"2023-11-03T16:57:00","modified_gmt":"2023-11-03T19:57:00","slug":"comites","status":"publish","type":"page","link":"https:\/\/anprotec.org.br\/conferencia2023\/comites\/","title":{"rendered":"Comites"},"content":{"rendered":"\t\t<div data-elementor-type=\"wp-page\" data-elementor-id=\"1596\" class=\"elementor elementor-1596\">\n\t\t\t\t\t\t<section class=\"ob-is-breaking-bad elementor-section elementor-top-section elementor-element elementor-element-45dddbc elementor-section-full_width elementor-section-height-default elementor-section-height-default\" data-dce-background-image-url=\"https:\/\/anprotec.org.br\/conferencia2023\/wp-content\/uploads\/2023\/08\/Grupo-193-1.png\" data-id=\"45dddbc\" data-element_type=\"section\" data-settings=\"{&quot;jet_parallax_layout_list&quot;:[],&quot;background_background&quot;:&quot;classic&quot;,&quot;_ob_bbad_use_it&quot;:&quot;yes&quot;,&quot;_ob_bbad_sssic_use&quot;:&quot;no&quot;}\">\n\t\t\t\t\t\t<div class=\"elementor-container elementor-column-gap-no\">\n\t\t\t\t\t<div class=\"elementor-column elementor-col-100 elementor-top-column elementor-element elementor-element-06da2cd\" data-id=\"06da2cd\" data-element_type=\"column\" data-settings=\"{&quot;_ob_bbad_is_stalker&quot;:&quot;no&quot;}\">\n\t\t\t<div class=\"elementor-widget-wrap elementor-element-populated\">\n\t\t\t\t\t\t<div class=\"elementor-element elementor-element-b49c8be elementor-widget elementor-widget-heading\" data-id=\"b49c8be\" data-element_type=\"widget\" data-widget_type=\"heading.default\">\n\t\t\t\t<div class=\"elementor-widget-container\">\n\t\t\t<h1 class=\"elementor-heading-title elementor-size-default\">Comit\u00eas<\/h1>\t\t<\/div>\n\t\t\t\t<\/div>\n\t\t\t\t\t<\/div>\n\t\t<\/div>\n\t\t\t\t\t<\/div>\n\t\t<\/section>\n\t\t\t\t<section class=\"ob-is-breaking-bad elementor-section elementor-top-section elementor-element elementor-element-5ab36f7 elementor-section-full_width elementor-section-height-default elementor-section-height-default\" data-id=\"5ab36f7\" data-element_type=\"section\" data-settings=\"{&quot;jet_parallax_layout_list&quot;:[],&quot;_ob_bbad_use_it&quot;:&quot;yes&quot;,&quot;_ob_bbad_sssic_use&quot;:&quot;no&quot;}\">\n\t\t\t\t\t\t<div class=\"elementor-container elementor-column-gap-no\">\n\t\t\t\t\t<div class=\"elementor-column elementor-col-100 elementor-top-column elementor-element elementor-element-9fcf6ab elementor-invisible\" data-id=\"9fcf6ab\" data-element_type=\"column\" data-settings=\"{&quot;animation&quot;:&quot;fadeInUp&quot;,&quot;_ob_bbad_is_stalker&quot;:&quot;no&quot;}\">\n\t\t\t<div class=\"elementor-widget-wrap elementor-element-populated\">\n\t\t\t\t\t\t<div class=\"elementor-element elementor-element-a876236 elementor-widget elementor-widget-menu-anchor\" data-id=\"a876236\" data-element_type=\"widget\" data-widget_type=\"menu-anchor.default\">\n\t\t\t\t<div class=\"elementor-widget-container\">\n\t\t\t\t\t<div class=\"elementor-menu-anchor\" id=\"organizador\"><\/div>\n\t\t\t\t<\/div>\n\t\t\t\t<\/div>\n\t\t\t\t<div data-dce-advanced-background-image-url=\"https:\/\/anprotec.org.br\/conferencia2023\/wp-content\/uploads\/2023\/08\/Caminho-15.png\" class=\"elementor-element elementor-element-42cb26c elementor-widget elementor-widget-heading\" data-id=\"42cb26c\" data-element_type=\"widget\" data-widget_type=\"heading.default\">\n\t\t\t\t<div class=\"elementor-widget-container\">\n\t\t\t<h2 class=\"elementor-heading-title elementor-size-default\">Comit\u00ea Organizador<\/h2>\t\t<\/div>\n\t\t\t\t<\/div>\n\t\t\t\t<div class=\"elementor-element elementor-element-449a3ca elementor-widget elementor-widget-text-editor\" data-id=\"449a3ca\" data-element_type=\"widget\" data-widget_type=\"text-editor.default\">\n\t\t\t\t<div class=\"elementor-widget-container\">\n\t\t\t\t\t\t\t<p>Leonardo J Melo &#8211; Superintendente Executivo (Anprotec)<br \/>Polyana Targino &#8211; Chief Innovation Officer (Anprotec)<br \/>M\u00e1rcia Vanderlei &#8211; Coordenadora de Eventos (Anprotec)<br \/>Luciano Valente &#8211; Coordenador de Comunica\u00e7\u00e3o (Anprotec)<br \/>Emanoel Querette &#8211; Pesquisador Associado (Anprotec)<br \/>Krishna Aum de Faria &#8211; Coordenador de Programas (Sebrae)<br \/>W\u00e9bia Pereira &#8211; Gestora de Projetos (Sebrae)<br \/>Vanusa Leitoguinho de S\u00e1 (Coordenadora de Atendimento ao Associado)<\/p>\t\t\t\t\t\t<\/div>\n\t\t\t\t<\/div>\n\t\t\t\t\t<\/div>\n\t\t<\/div>\n\t\t\t\t\t<\/div>\n\t\t<\/section>\n\t\t\t\t<section class=\"ob-is-breaking-bad elementor-section elementor-top-section elementor-element elementor-element-cd0c574 elementor-section-full_width elementor-section-height-default elementor-section-height-default\" data-id=\"cd0c574\" data-element_type=\"section\" data-settings=\"{&quot;jet_parallax_layout_list&quot;:[],&quot;_ob_bbad_use_it&quot;:&quot;yes&quot;,&quot;_ob_bbad_sssic_use&quot;:&quot;no&quot;}\">\n\t\t\t\t\t\t<div class=\"elementor-container elementor-column-gap-no\">\n\t\t\t\t\t<div class=\"elementor-column elementor-col-100 elementor-top-column elementor-element elementor-element-3685df0 elementor-invisible\" data-id=\"3685df0\" data-element_type=\"column\" data-settings=\"{&quot;animation&quot;:&quot;fadeInUp&quot;,&quot;_ob_bbad_is_stalker&quot;:&quot;no&quot;}\">\n\t\t\t<div class=\"elementor-widget-wrap elementor-element-populated\">\n\t\t\t\t\t\t<div class=\"elementor-element elementor-element-03c87ce elementor-widget elementor-widget-menu-anchor\" data-id=\"03c87ce\" data-element_type=\"widget\" data-widget_type=\"menu-anchor.default\">\n\t\t\t\t<div class=\"elementor-widget-container\">\n\t\t\t\t\t<div class=\"elementor-menu-anchor\" id=\"curador\"><\/div>\n\t\t\t\t<\/div>\n\t\t\t\t<\/div>\n\t\t\t\t<div data-dce-advanced-background-image-url=\"https:\/\/anprotec.org.br\/conferencia2023\/wp-content\/uploads\/2023\/08\/Caminho-15.png\" class=\"elementor-element elementor-element-19a1dfc elementor-widget elementor-widget-heading\" data-id=\"19a1dfc\" data-element_type=\"widget\" data-widget_type=\"heading.default\">\n\t\t\t\t<div class=\"elementor-widget-container\">\n\t\t\t<h2 class=\"elementor-heading-title elementor-size-default\">Comit\u00ea Curador<\/h2>\t\t<\/div>\n\t\t\t\t<\/div>\n\t\t\t\t<div class=\"elementor-element elementor-element-f68157b elementor-widget elementor-widget-text-editor\" data-id=\"f68157b\" data-element_type=\"widget\" data-widget_type=\"text-editor.default\">\n\t\t\t\t<div class=\"elementor-widget-container\">\n\t\t\t\t\t\t\t<p>Adriana Faria &#8211; Diretora Executiva (Univ. Vi\u00e7osa) <br \/>Ana Cal\u00e7ado &#8211; Chief Executive Officer (Wylinka) <br \/>Cl\u00e1udio Nascimento &#8211; Cofundador (Lab Gri\u00f4) <br \/>Fernanda Bombardi &#8211; Vice-Diretora (ICE) <br \/>Heloisa Menezes &#8211; Professora Convidada (Funda\u00e7\u00e3o Dom Cabral) <br \/>Karine Oliveira &#8211; Chief Executive Officer (Wakanda Educa\u00e7\u00e3o)<br \/>Kauan von Novack &#8211; Global Managing Director (Startupbootcamp)<br \/>Marcelo Camargo &#8211; Gerente (Finep) <br \/>Sheila Pires &#8211; Diretora de Apoio aos Ecossistemas de Inova\u00e7\u00e3o &#8211; (DEPAI, Secretaria de Desenvolvimento Tecnol\u00f3gico e Inova\u00e7\u00e3o do Minist\u00e9rio da Ci\u00eancia, Tecnologia e Inova\u00e7\u00e3o)<br \/>Phillippe Figueiredo &#8211; Analista de Inova\u00e7\u00e3o (SEBRAE)<\/p>\t\t\t\t\t\t<\/div>\n\t\t\t\t<\/div>\n\t\t\t\t\t<\/div>\n\t\t<\/div>\n\t\t\t\t\t<\/div>\n\t\t<\/section>\n\t\t\t\t<section class=\"ob-is-breaking-bad elementor-section elementor-top-section elementor-element elementor-element-ef7302d elementor-section-full_width elementor-section-height-default elementor-section-height-default\" data-id=\"ef7302d\" data-element_type=\"section\" data-settings=\"{&quot;jet_parallax_layout_list&quot;:[],&quot;_ob_bbad_use_it&quot;:&quot;yes&quot;,&quot;_ob_bbad_sssic_use&quot;:&quot;no&quot;}\">\n\t\t\t\t\t\t<div class=\"elementor-container elementor-column-gap-no\">\n\t\t\t\t\t<div class=\"elementor-column elementor-col-100 elementor-top-column elementor-element elementor-element-a9b3826 elementor-invisible\" data-id=\"a9b3826\" data-element_type=\"column\" data-settings=\"{&quot;animation&quot;:&quot;fadeInUp&quot;,&quot;_ob_bbad_is_stalker&quot;:&quot;no&quot;}\">\n\t\t\t<div class=\"elementor-widget-wrap elementor-element-populated\">\n\t\t\t\t\t\t<div class=\"elementor-element elementor-element-a7a26fe elementor-widget elementor-widget-menu-anchor\" data-id=\"a7a26fe\" data-element_type=\"widget\" data-widget_type=\"menu-anchor.default\">\n\t\t\t\t<div class=\"elementor-widget-container\">\n\t\t\t\t\t<div class=\"elementor-menu-anchor\" id=\"cientifico\"><\/div>\n\t\t\t\t<\/div>\n\t\t\t\t<\/div>\n\t\t\t\t<div data-dce-advanced-background-image-url=\"https:\/\/anprotec.org.br\/conferencia2023\/wp-content\/uploads\/2023\/08\/Caminho-15.png\" class=\"elementor-element elementor-element-919e37a elementor-widget elementor-widget-heading\" data-id=\"919e37a\" data-element_type=\"widget\" data-widget_type=\"heading.default\">\n\t\t\t\t<div class=\"elementor-widget-container\">\n\t\t\t<h2 class=\"elementor-heading-title elementor-size-default\">Comit\u00ea Cient\u00edfico<\/h2>\t\t<\/div>\n\t\t\t\t<\/div>\n\t\t\t\t<div class=\"elementor-element elementor-element-a7a4013 elementor-widget elementor-widget-text-editor\" data-id=\"a7a4013\" data-element_type=\"widget\" data-widget_type=\"text-editor.default\">\n\t\t\t\t<div class=\"elementor-widget-container\">\n\t\t\t\t\t\t\t<p>Rafael Prikladnicki &#8211; Professor Adjunto e Consultor de Inova\u00e7\u00e3o (PUCRS)<br \/>Rodrigo Quites &#8211; Diretor Presidente (Funda\u00e7\u00e3o Guam\u00e1)<br \/><br \/><\/p>\t\t\t\t\t\t<\/div>\n\t\t\t\t<\/div>\n\t\t\t\t\t<\/div>\n\t\t<\/div>\n\t\t\t\t\t<\/div>\n\t\t<\/section>\n\t\t\t\t<\/div>\n\t\t","protected":false},"excerpt":{"rendered":"<p>Comit\u00eas Comit\u00ea Organizador Leonardo J Melo &#8211; Superintendente Executivo (Anprotec)Polyana Targino &#8211; Chief Innovation Officer (Anprotec)M\u00e1rcia Vanderlei &#8211; Coordenadora de Eventos (Anprotec)Luciano Valente &#8211; Coordenador de Comunica\u00e7\u00e3o (Anprotec)Emanoel Querette &#8211; Pesquisador Associado (Anprotec)Krishna Aum de Faria &#8211; Coordenador de Programas (Sebrae)W\u00e9bia Pereira &#8211; Gestora de Projetos (Sebrae)Vanusa Leitoguinho de S\u00e1 (Coordenadora de Atendimento ao Associado) [&hellip;]<\/p>\n","protected":false},"author":1,"featured_media":0,"parent":0,"menu_order":0,"comment_status":"closed","ping_status":"closed","template":"","meta":{"footnotes":""},"class_list":["post-1596","page","type-page","status-publish","hentry"],"yoast_head":"<!-- This site is optimized with the Yoast SEO plugin v23.0 - https:\/\/yoast.com\/wordpress\/plugins\/seo\/ -->\n<title>Comites - Confer\u00eancia 2023 Anprotec<\/title>\n<meta name=\"robots\" content=\"index, follow, max-snippet:-1, max-image-preview:large, max-video-preview:-1\" \/>\n<link rel=\"canonical\" href=\"https:\/\/anprotec.org.br\/conferencia2023\/comites\/\" \/>\n<meta property=\"og:locale\" content=\"pt_BR\" \/>\n<meta property=\"og:type\" content=\"article\" \/>\n<meta property=\"og:title\" content=\"Comites - Confer\u00eancia 2023 Anprotec\" \/>\n<meta property=\"og:description\" content=\"Comit\u00eas Comit\u00ea Organizador Leonardo J Melo &#8211; Superintendente Executivo (Anprotec)Polyana Targino &#8211; Chief Innovation Officer (Anprotec)M\u00e1rcia Vanderlei &#8211; Coordenadora de Eventos (Anprotec)Luciano Valente &#8211; Coordenador de Comunica\u00e7\u00e3o (Anprotec)Emanoel Querette &#8211; Pesquisador Associado (Anprotec)Krishna Aum de Faria &#8211; Coordenador de Programas (Sebrae)W\u00e9bia Pereira &#8211; Gestora de Projetos (Sebrae)Vanusa Leitoguinho de S\u00e1 (Coordenadora de Atendimento ao Associado) [&hellip;]\" \/>\n<meta property=\"og:url\" content=\"https:\/\/anprotec.org.br\/conferencia2023\/comites\/\" \/>\n<meta property=\"og:site_name\" content=\"Confer\u00eancia 2023 Anprotec\" \/>\n<meta property=\"article:modified_time\" content=\"2023-11-03T19:57:00+00:00\" \/>\n<meta name=\"twitter:card\" content=\"summary_large_image\" \/>\n<meta name=\"twitter:label1\" content=\"Est. tempo de leitura\" \/>\n\t<meta name=\"twitter:data1\" content=\"1 minuto\" \/>\n<script type=\"application\/ld+json\" class=\"yoast-schema-graph\">{\"@context\":\"https:\/\/schema.org\",\"@graph\":[{\"@type\":\"WebPage\",\"@id\":\"https:\/\/anprotec.org.br\/conferencia2023\/comites\/\",\"url\":\"https:\/\/anprotec.org.br\/conferencia2023\/comites\/\",\"name\":\"Comites - Confer\u00eancia 2023 Anprotec\",\"isPartOf\":{\"@id\":\"https:\/\/anprotec.org.br\/conferencia2023\/#website\"},\"datePublished\":\"2023-08-18T13:31:06+00:00\",\"dateModified\":\"2023-11-03T19:57:00+00:00\",\"breadcrumb\":{\"@id\":\"https:\/\/anprotec.org.br\/conferencia2023\/comites\/#breadcrumb\"},\"inLanguage\":\"pt-BR\",\"potentialAction\":[{\"@type\":\"ReadAction\",\"target\":[\"https:\/\/anprotec.org.br\/conferencia2023\/comites\/\"]}]},{\"@type\":\"BreadcrumbList\",\"@id\":\"https:\/\/anprotec.org.br\/conferencia2023\/comites\/#breadcrumb\",\"itemListElement\":[{\"@type\":\"ListItem\",\"position\":1,\"name\":\"In\u00edcio\",\"item\":\"https:\/\/anprotec.org.br\/conferencia2023\/\"},{\"@type\":\"ListItem\",\"position\":2,\"name\":\"Comites\"}]},{\"@type\":\"WebSite\",\"@id\":\"https:\/\/anprotec.org.br\/conferencia2023\/#website\",\"url\":\"https:\/\/anprotec.org.br\/conferencia2023\/\",\"name\":\"Confer\u00eancia 2023 Anprotec\",\"description\":\"\",\"publisher\":{\"@id\":\"https:\/\/anprotec.org.br\/conferencia2023\/#organization\"},\"potentialAction\":[{\"@type\":\"SearchAction\",\"target\":{\"@type\":\"EntryPoint\",\"urlTemplate\":\"https:\/\/anprotec.org.br\/conferencia2023\/?s={search_term_string}\"},\"query-input\":\"required name=search_term_string\"}],\"inLanguage\":\"pt-BR\"},{\"@type\":\"Organization\",\"@id\":\"https:\/\/anprotec.org.br\/conferencia2023\/#organization\",\"name\":\"Confer\u00eancia 2023 Anprotec\",\"url\":\"https:\/\/anprotec.org.br\/conferencia2023\/\",\"logo\":{\"@type\":\"ImageObject\",\"inLanguage\":\"pt-BR\",\"@id\":\"https:\/\/anprotec.org.br\/conferencia2023\/#\/schema\/logo\/image\/\",\"url\":\"\",\"contentUrl\":\"\",\"caption\":\"Confer\u00eancia 2023 Anprotec\"},\"image\":{\"@id\":\"https:\/\/anprotec.org.br\/conferencia2023\/#\/schema\/logo\/image\/\"}}]}<\/script>\n<!-- \/ Yoast SEO plugin. -->","yoast_head_json":{"title":"Comites - Confer\u00eancia 2023 Anprotec","robots":{"index":"index","follow":"follow","max-snippet":"max-snippet:-1","max-image-preview":"max-image-preview:large","max-video-preview":"max-video-preview:-1"},"canonical":"https:\/\/anprotec.org.br\/conferencia2023\/comites\/","og_locale":"pt_BR","og_type":"article","og_title":"Comites - Confer\u00eancia 2023 Anprotec","og_description":"Comit\u00eas Comit\u00ea Organizador Leonardo J Melo &#8211; Superintendente Executivo (Anprotec)Polyana Targino &#8211; Chief Innovation Officer (Anprotec)M\u00e1rcia Vanderlei &#8211; Coordenadora de Eventos (Anprotec)Luciano Valente &#8211; Coordenador de Comunica\u00e7\u00e3o (Anprotec)Emanoel Querette &#8211; Pesquisador Associado (Anprotec)Krishna Aum de Faria &#8211; Coordenador de Programas (Sebrae)W\u00e9bia Pereira &#8211; Gestora de Projetos (Sebrae)Vanusa Leitoguinho de S\u00e1 (Coordenadora de Atendimento ao Associado) [&hellip;]","og_url":"https:\/\/anprotec.org.br\/conferencia2023\/comites\/","og_site_name":"Confer\u00eancia 2023 Anprotec","article_modified_time":"2023-11-03T19:57:00+00:00","twitter_card":"summary_large_image","twitter_misc":{"Est. tempo de leitura":"1 minuto"},"schema":{"@context":"https:\/\/schema.org","@graph":[{"@type":"WebPage","@id":"https:\/\/anprotec.org.br\/conferencia2023\/comites\/","url":"https:\/\/anprotec.org.br\/conferencia2023\/comites\/","name":"Comites - Confer\u00eancia 2023 Anprotec","isPartOf":{"@id":"https:\/\/anprotec.org.br\/conferencia2023\/#website"},"datePublished":"2023-08-18T13:31:06+00:00","dateModified":"2023-11-03T19:57:00+00:00","breadcrumb":{"@id":"https:\/\/anprotec.org.br\/conferencia2023\/comites\/#breadcrumb"},"inLanguage":"pt-BR","potentialAction":[{"@type":"ReadAction","target":["https:\/\/anprotec.org.br\/conferencia2023\/comites\/"]}]},{"@type":"BreadcrumbList","@id":"https:\/\/anprotec.org.br\/conferencia2023\/comites\/#breadcrumb","itemListElement":[{"@type":"ListItem","position":1,"name":"In\u00edcio","item":"https:\/\/anprotec.org.br\/conferencia2023\/"},{"@type":"ListItem","position":2,"name":"Comites"}]},{"@type":"WebSite","@id":"https:\/\/anprotec.org.br\/conferencia2023\/#website","url":"https:\/\/anprotec.org.br\/conferencia2023\/","name":"Confer\u00eancia 2023 Anprotec","description":"","publisher":{"@id":"https:\/\/anprotec.org.br\/conferencia2023\/#organization"},"potentialAction":[{"@type":"SearchAction","target":{"@type":"EntryPoint","urlTemplate":"https:\/\/anprotec.org.br\/conferencia2023\/?s={search_term_string}"},"query-input":"required name=search_term_string"}],"inLanguage":"pt-BR"},{"@type":"Organization","@id":"https:\/\/anprotec.org.br\/conferencia2023\/#organization","name":"Confer\u00eancia 2023 Anprotec","url":"https:\/\/anprotec.org.br\/conferencia2023\/","logo":{"@type":"ImageObject","inLanguage":"pt-BR","@id":"https:\/\/anprotec.org.br\/conferencia2023\/#\/schema\/logo\/image\/","url":"","contentUrl":"","caption":"Confer\u00eancia 2023 Anprotec"},"image":{"@id":"https:\/\/anprotec.org.br\/conferencia2023\/#\/schema\/logo\/image\/"}}]}},"_links":{"self":[{"href":"https:\/\/anprotec.org.br\/conferencia2023\/wp-json\/wp\/v2\/pages\/1596","targetHints":{"allow":["GET"]}}],"collection":[{"href":"https:\/\/anprotec.org.br\/conferencia2023\/wp-json\/wp\/v2\/pages"}],"about":[{"href":"https:\/\/anprotec.org.br\/conferencia2023\/wp-json\/wp\/v2\/types\/page"}],"author":[{"embeddable":true,"href":"https:\/\/anprotec.org.br\/conferencia2023\/wp-json\/wp\/v2\/users\/1"}],"replies":[{"embeddable":true,"href":"https:\/\/anprotec.org.br\/conferencia2023\/wp-json\/wp\/v2\/comments?post=1596"}],"version-history":[{"count":25,"href":"https:\/\/anprotec.org.br\/conferencia2023\/wp-json\/wp\/v2\/pages\/1596\/revisions"}],"predecessor-version":[{"id":3670,"href":"https:\/\/anprotec.org.br\/conferencia2023\/wp-json\/wp\/v2\/pages\/1596\/revisions\/3670"}],"wp:attachment":[{"href":"https:\/\/anprotec.org.br\/conferencia2023\/wp-json\/wp\/v2\/media?parent=1596"}],"curies":[{"name":"wp","href":"https:\/\/api.w.org\/{rel}","templated":true}]}}