{"id":1349,"date":"2023-08-15T15:45:31","date_gmt":"2023-08-15T18:45:31","guid":{"rendered":"https:\/\/anprotec.org.br\/conferencia2023\/?page_id=1349"},"modified":"2023-09-12T14:08:00","modified_gmt":"2023-09-12T17:08:00","slug":"o-evento","status":"publish","type":"page","link":"https:\/\/anprotec.org.br\/conferencia2023\/o-evento\/","title":{"rendered":"O Evento"},"content":{"rendered":"\t\t<div data-elementor-type=\"wp-page\" data-elementor-id=\"1349\" class=\"elementor elementor-1349\">\n\t\t\t\t\t\t<section class=\"ob-is-breaking-bad elementor-section elementor-top-section elementor-element elementor-element-45dddbc elementor-section-full_width elementor-section-height-default elementor-section-height-default\" data-dce-background-image-url=\"https:\/\/anprotec.org.br\/conferencia2023\/wp-content\/uploads\/2023\/08\/Grupo-193-1.png\" data-id=\"45dddbc\" data-element_type=\"section\" data-settings=\"{&quot;jet_parallax_layout_list&quot;:[],&quot;background_background&quot;:&quot;classic&quot;,&quot;_ob_bbad_use_it&quot;:&quot;yes&quot;,&quot;_ob_bbad_sssic_use&quot;:&quot;no&quot;}\">\n\t\t\t\t\t\t<div class=\"elementor-container elementor-column-gap-no\">\n\t\t\t\t\t<div class=\"elementor-column elementor-col-100 elementor-top-column elementor-element elementor-element-06da2cd\" data-id=\"06da2cd\" data-element_type=\"column\" data-settings=\"{&quot;_ob_bbad_is_stalker&quot;:&quot;no&quot;}\">\n\t\t\t<div class=\"elementor-widget-wrap elementor-element-populated\">\n\t\t\t\t\t\t<div class=\"elementor-element elementor-element-b49c8be elementor-widget elementor-widget-heading\" data-id=\"b49c8be\" data-element_type=\"widget\" data-widget_type=\"heading.default\">\n\t\t\t\t<div class=\"elementor-widget-container\">\n\t\t\t<h1 class=\"elementor-heading-title elementor-size-default\">A Confer\u00eancia Anprotec 2023<\/h1>\t\t<\/div>\n\t\t\t\t<\/div>\n\t\t\t\t\t<\/div>\n\t\t<\/div>\n\t\t\t\t\t<\/div>\n\t\t<\/section>\n\t\t\t\t<section class=\"ob-is-breaking-bad elementor-section elementor-top-section elementor-element elementor-element-5ab36f7 elementor-section-full_width elementor-section-height-default elementor-section-height-default\" data-id=\"5ab36f7\" data-element_type=\"section\" data-settings=\"{&quot;jet_parallax_layout_list&quot;:[],&quot;_ob_bbad_use_it&quot;:&quot;yes&quot;,&quot;_ob_bbad_sssic_use&quot;:&quot;no&quot;}\">\n\t\t\t\t\t\t<div class=\"elementor-container elementor-column-gap-no\">\n\t\t\t\t\t<div class=\"elementor-column elementor-col-100 elementor-top-column elementor-element elementor-element-9fcf6ab elementor-invisible\" data-id=\"9fcf6ab\" data-element_type=\"column\" data-settings=\"{&quot;animation&quot;:&quot;fadeInUp&quot;,&quot;_ob_bbad_is_stalker&quot;:&quot;no&quot;}\">\n\t\t\t<div class=\"elementor-widget-wrap elementor-element-populated\">\n\t\t\t\t\t\t<div data-dce-advanced-background-image-url=\"https:\/\/anprotec.org.br\/conferencia2023\/wp-content\/uploads\/2023\/08\/Caminho-121.png\" class=\"elementor-element elementor-element-1b7cdbe elementor-widget elementor-widget-heading\" data-id=\"1b7cdbe\" data-element_type=\"widget\" data-widget_type=\"heading.default\">\n\t\t\t\t<div class=\"elementor-widget-container\">\n\t\t\t<h2 class=\"elementor-heading-title elementor-size-default\">O Evento<\/h2>\t\t<\/div>\n\t\t\t\t<\/div>\n\t\t\t\t<div class=\"elementor-element elementor-element-81592f1 elementor-widget elementor-widget-heading\" data-id=\"81592f1\" data-element_type=\"widget\" data-widget_type=\"heading.default\">\n\t\t\t\t<div class=\"elementor-widget-container\">\n\t\t\t<h2 class=\"elementor-heading-title elementor-size-default\">SOBRE O NOSSO ENCONTRO<\/h2>\t\t<\/div>\n\t\t\t\t<\/div>\n\t\t\t\t<section class=\"ob-is-breaking-bad ob-bb-inner elementor-section elementor-inner-section elementor-element elementor-element-25fbe1a elementor-section-full_width elementor-section-height-default elementor-section-height-default\" data-id=\"25fbe1a\" data-element_type=\"section\" data-settings=\"{&quot;jet_parallax_layout_list&quot;:[],&quot;_ob_bbad_use_it&quot;:&quot;yes&quot;,&quot;_ob_bbad_sssic_use&quot;:&quot;no&quot;}\">\n\t\t\t\t\t\t<div class=\"elementor-container elementor-column-gap-default\">\n\t\t\t\t\t<div class=\"elementor-column elementor-col-50 elementor-inner-column elementor-element elementor-element-0828a92\" data-id=\"0828a92\" data-element_type=\"column\" data-settings=\"{&quot;_ob_bbad_is_stalker&quot;:&quot;no&quot;}\">\n\t\t\t<div class=\"elementor-widget-wrap elementor-element-populated\">\n\t\t\t\t\t\t<div class=\"elementor-element elementor-element-a12ffae elementor-widget elementor-widget-image\" data-id=\"a12ffae\" data-element_type=\"widget\" data-widget_type=\"image.default\">\n\t\t\t\t<div class=\"elementor-widget-container\">\n\t\t\t\t\t\t\t\t\t\t\t\t\t<img fetchpriority=\"high\" decoding=\"async\" width=\"757\" height=\"505\" src=\"https:\/\/anprotec.org.br\/conferencia2023\/wp-content\/uploads\/2023\/08\/Retangulo-265.png\" class=\"attachment-large size-large wp-image-1361\" alt=\"\" srcset=\"https:\/\/anprotec.org.br\/conferencia2023\/wp-content\/uploads\/2023\/08\/Retangulo-265.png 757w, https:\/\/anprotec.org.br\/conferencia2023\/wp-content\/uploads\/2023\/08\/Retangulo-265-300x200.png 300w\" sizes=\"(max-width: 757px) 100vw, 757px\" \/>\t\t\t\t\t\t\t\t\t\t\t\t\t<\/div>\n\t\t\t\t<\/div>\n\t\t\t\t\t<\/div>\n\t\t<\/div>\n\t\t\t\t<div class=\"elementor-column elementor-col-50 elementor-inner-column elementor-element elementor-element-8e3a188\" data-id=\"8e3a188\" data-element_type=\"column\" data-settings=\"{&quot;_ob_bbad_is_stalker&quot;:&quot;no&quot;}\">\n\t\t\t<div class=\"elementor-widget-wrap elementor-element-populated\">\n\t\t\t\t\t\t<div class=\"elementor-element elementor-element-78d1eeb elementor-widget elementor-widget-text-editor\" data-id=\"78d1eeb\" data-element_type=\"widget\" data-widget_type=\"text-editor.default\">\n\t\t\t\t<div class=\"elementor-widget-container\">\n\t\t\t\t\t\t\t<p>A Confer\u00eancia Anprotec de Empreendedorismo e Ambientes de Inova\u00e7\u00e3o \u00e9 uma realiza\u00e7\u00e3o conjunta da Anprotec \u2013 Associa\u00e7\u00e3o Nacional de Entidades Promotoras de Empreendimentos Inovadores \u2013 e do Sebrae \u2013 Servi\u00e7o Brasileiro de Apoio \u00e0s Micro e Pequenas Empresas.<br \/><br \/>Completando 36 anos em 2023, a Anprotec re\u00fane mais de 350 associados entre incubadoras, aceleradoras, parques tecnol\u00f3gicos, coworkings, hub de inova\u00e7\u00e3o, institui\u00e7\u00f5es de ensino e pesquisa, \u00f3rg\u00e3os p\u00fablicos e outras entidades ligadas ao empreendedorismo e \u00e0 inova\u00e7\u00e3o.<br \/><br \/>Nossa confer\u00eancia \u00e9 realizada anualmente para reunir, fortalecer conex\u00f5es e promover o compartilhamento de conhecimentos e pr\u00e1ticas entre os atores do ecossistema brasileiro de empreendedorismo e inova\u00e7\u00e3o. Nas suas 32 edi\u00e7\u00f5es o evento j\u00e1 contou com a participa\u00e7\u00e3o de mais de 16 mil pessoas.<br \/><br \/>Nesse ano, a 33\u00aa Confer\u00eancia Anprotec ser\u00e1 realizada em Bras\u00edlia (DF), de 6 a 9 de novembro de 2023. <\/p>\t\t\t\t\t\t<\/div>\n\t\t\t\t<\/div>\n\t\t\t\t\t<\/div>\n\t\t<\/div>\n\t\t\t\t\t<\/div>\n\t\t<\/section>\n\t\t\t\t\t<\/div>\n\t\t<\/div>\n\t\t\t\t\t<\/div>\n\t\t<\/section>\n\t\t\t\t<section class=\"ob-is-breaking-bad elementor-section elementor-top-section elementor-element elementor-element-16a1bba elementor-section-full_width elementor-section-height-default elementor-section-height-default\" data-id=\"16a1bba\" data-element_type=\"section\" data-settings=\"{&quot;jet_parallax_layout_list&quot;:[],&quot;_ob_bbad_use_it&quot;:&quot;yes&quot;,&quot;_ob_bbad_sssic_use&quot;:&quot;no&quot;}\">\n\t\t\t\t\t\t<div class=\"elementor-container elementor-column-gap-no\">\n\t\t\t\t\t<div class=\"elementor-column elementor-col-50 elementor-top-column elementor-element elementor-element-4216c12 elementor-invisible\" data-id=\"4216c12\" data-element_type=\"column\" data-settings=\"{&quot;animation&quot;:&quot;fadeInUp&quot;,&quot;_ob_bbad_is_stalker&quot;:&quot;no&quot;}\">\n\t\t\t<div class=\"elementor-widget-wrap elementor-element-populated\">\n\t\t\t\t\t\t<div data-dce-advanced-background-image-url=\"https:\/\/anprotec.org.br\/conferencia2023\/wp-content\/uploads\/2023\/08\/Caminho-15.png\" class=\"elementor-element elementor-element-4c41624 elementor-widget elementor-widget-heading\" data-id=\"4c41624\" data-element_type=\"widget\" data-widget_type=\"heading.default\">\n\t\t\t\t<div class=\"elementor-widget-container\">\n\t\t\t<h2 class=\"elementor-heading-title elementor-size-default\">Nosso tema para 2023<\/h2>\t\t<\/div>\n\t\t\t\t<\/div>\n\t\t\t\t<div class=\"elementor-element elementor-element-381d889 elementor-widget elementor-widget-heading\" data-id=\"381d889\" data-element_type=\"widget\" data-widget_type=\"heading.default\">\n\t\t\t\t<div class=\"elementor-widget-container\">\n\t\t\t<h2 class=\"elementor-heading-title elementor-size-default\">INOVA\u00c7\u00c3O E SOCIEDADE: TECNOLOGIAS EMERGENTES E A TRANSFORMA\u00c7\u00c3O DO EMPREENDEDORISMO<\/h2>\t\t<\/div>\n\t\t\t\t<\/div>\n\t\t\t\t<div class=\"elementor-element elementor-element-c881562 elementor-widget elementor-widget-text-editor\" data-id=\"c881562\" data-element_type=\"widget\" data-widget_type=\"text-editor.default\">\n\t\t\t\t<div class=\"elementor-widget-container\">\n\t\t\t\t\t\t\t<p>A 33\u00aa Confer\u00eancia Anprotec discutir\u00e1 os impactos, oportunidades e desafios das mudan\u00e7as provocadas pelas tecnologias emergentes sobre o campo de empreendedorismo inovador no Brasil, pr\u00e1ticas e ferramentas para ambientes e ecossistemas de inova\u00e7\u00e3o para a cria\u00e7\u00e3o de neg\u00f3cios, ganhos de produtividade e escala, para a inova\u00e7\u00e3o e para o desenvolvimento sustent\u00e1vel no pa\u00eds.<\/p>\t\t\t\t\t\t<\/div>\n\t\t\t\t<\/div>\n\t\t\t\t<div data-dce-background-color=\"#F18300\" class=\"elementor-element elementor-element-cfea33d elementor-widget elementor-widget-button\" data-id=\"cfea33d\" data-element_type=\"widget\" data-widget_type=\"button.default\">\n\t\t\t\t<div class=\"elementor-widget-container\">\n\t\t\t\t\t<div class=\"elementor-button-wrapper\">\n\t\t\t<a class=\"elementor-button elementor-button-link elementor-size-sm elementor-animation-grow\" href=\"https:\/\/anprotec.org.br\/conferencia2023\/fundamentacao-tematica\/\">\n\t\t\t\t\t\t<span class=\"elementor-button-content-wrapper\">\n\t\t\t\t\t\t\t\t\t<span class=\"elementor-button-text\">SAIBA MAIS<\/span>\n\t\t\t\t\t<\/span>\n\t\t\t\t\t<\/a>\n\t\t<\/div>\n\t\t\t\t<\/div>\n\t\t\t\t<\/div>\n\t\t\t\t\t<\/div>\n\t\t<\/div>\n\t\t\t\t<div data-dce-background-color=\"#02930C\" class=\"elementor-column elementor-col-50 elementor-top-column elementor-element elementor-element-7e5ffe2 elementor-invisible\" data-id=\"7e5ffe2\" data-element_type=\"column\" data-settings=\"{&quot;background_background&quot;:&quot;classic&quot;,&quot;animation&quot;:&quot;fadeInDown&quot;,&quot;_ob_bbad_is_stalker&quot;:&quot;no&quot;}\">\n\t\t\t<div class=\"elementor-widget-wrap elementor-element-populated\">\n\t\t\t\t\t<div class=\"elementor-background-overlay\"><\/div>\n\t\t\t\t\t\t<div data-dce-advanced-background-image-url=\"https:\/\/anprotec.org.br\/conferencia2023\/wp-content\/uploads\/2023\/08\/Caminho-121.png\" class=\"elementor-element elementor-element-d23e6a4 elementor-widget elementor-widget-heading\" data-id=\"d23e6a4\" data-element_type=\"widget\" data-widget_type=\"heading.default\">\n\t\t\t\t<div class=\"elementor-widget-container\">\n\t\t\t<h2 class=\"elementor-heading-title elementor-size-default\">Comit\u00ea<\/h2>\t\t<\/div>\n\t\t\t\t<\/div>\n\t\t\t\t<div class=\"elementor-element elementor-element-96cc3bf elementor-widget elementor-widget-heading\" data-id=\"96cc3bf\" data-element_type=\"widget\" data-widget_type=\"heading.default\">\n\t\t\t\t<div class=\"elementor-widget-container\">\n\t\t\t<h2 class=\"elementor-heading-title elementor-size-default\">QUEM FAZ A CONFER\u00caNCIA<\/h2>\t\t<\/div>\n\t\t\t\t<\/div>\n\t\t\t\t<div class=\"elementor-element elementor-element-ddb8e0d elementor-widget elementor-widget-text-editor\" data-id=\"ddb8e0d\" data-element_type=\"widget\" data-widget_type=\"text-editor.default\">\n\t\t\t\t<div class=\"elementor-widget-container\">\n\t\t\t\t\t\t\t<p>Confira os membros dos Comit\u00eas Organizador, Cient\u00edfico e Curador da 33\u00aa Confer\u00eancia Anprotec.<\/p>\t\t\t\t\t\t<\/div>\n\t\t\t\t<\/div>\n\t\t\t\t<div data-dce-background-color=\"#F18300\" class=\"elementor-element elementor-element-deff4d5 elementor-widget elementor-widget-button\" data-id=\"deff4d5\" data-element_type=\"widget\" data-widget_type=\"button.default\">\n\t\t\t\t<div class=\"elementor-widget-container\">\n\t\t\t\t\t<div class=\"elementor-button-wrapper\">\n\t\t\t<a class=\"elementor-button elementor-button-link elementor-size-sm elementor-animation-grow\" href=\"https:\/\/anprotec.org.br\/conferencia2023\/comites\/\">\n\t\t\t\t\t\t<span class=\"elementor-button-content-wrapper\">\n\t\t\t\t\t\t\t\t\t<span class=\"elementor-button-text\">CONFIRA AQUI<\/span>\n\t\t\t\t\t<\/span>\n\t\t\t\t\t<\/a>\n\t\t<\/div>\n\t\t\t\t<\/div>\n\t\t\t\t<\/div>\n\t\t\t\t\t<\/div>\n\t\t<\/div>\n\t\t\t\t\t<\/div>\n\t\t<\/section>\n\t\t\t\t<section class=\"ob-is-breaking-bad elementor-section elementor-top-section elementor-element elementor-element-b0af318 elementor-section-full_width elementor-section-height-default elementor-section-height-default elementor-invisible\" data-id=\"b0af318\" data-element_type=\"section\" data-settings=\"{&quot;jet_parallax_layout_list&quot;:[],&quot;animation&quot;:&quot;fadeIn&quot;,&quot;_ob_bbad_use_it&quot;:&quot;yes&quot;,&quot;_ob_bbad_sssic_use&quot;:&quot;no&quot;}\">\n\t\t\t\t\t\t<div class=\"elementor-container elementor-column-gap-no\">\n\t\t\t\t\t<div data-dce-background-image-url=\"https:\/\/anprotec.org.br\/conferencia2023\/wp-content\/uploads\/2023\/08\/Grupo-64.png\" class=\"elementor-column elementor-col-100 elementor-top-column elementor-element elementor-element-7d70aa5\" data-id=\"7d70aa5\" data-element_type=\"column\" data-settings=\"{&quot;background_background&quot;:&quot;classic&quot;,&quot;_ob_bbad_is_stalker&quot;:&quot;no&quot;}\">\n\t\t\t<div class=\"elementor-widget-wrap elementor-element-populated\">\n\t\t\t\t\t\t<section class=\"ob-is-breaking-bad ob-bb-inner elementor-section elementor-inner-section elementor-element elementor-element-1ab5127 elementor-section-full_width elementor-section-height-default elementor-section-height-default\" data-id=\"1ab5127\" data-element_type=\"section\" data-settings=\"{&quot;jet_parallax_layout_list&quot;:[],&quot;_ob_bbad_use_it&quot;:&quot;yes&quot;,&quot;_ob_bbad_sssic_use&quot;:&quot;no&quot;}\">\n\t\t\t\t\t\t<div class=\"elementor-container elementor-column-gap-no\">\n\t\t\t\t\t<div data-dce-background-color=\"#004B85\" class=\"elementor-column elementor-col-50 elementor-inner-column elementor-element elementor-element-5a5b839\" data-id=\"5a5b839\" data-element_type=\"column\" data-settings=\"{&quot;background_background&quot;:&quot;classic&quot;,&quot;_ob_bbad_is_stalker&quot;:&quot;no&quot;}\">\n\t\t\t<div class=\"elementor-widget-wrap elementor-element-populated\">\n\t\t\t\t\t\t<div class=\"elementor-element elementor-element-cda957a elementor-widget elementor-widget-heading\" data-id=\"cda957a\" data-element_type=\"widget\" data-widget_type=\"heading.default\">\n\t\t\t\t<div class=\"elementor-widget-container\">\n\t\t\t<h2 class=\"elementor-heading-title elementor-size-default\">Confira a localiza\u00e7\u00e3o\ndo evento<\/h2>\t\t<\/div>\n\t\t\t\t<\/div>\n\t\t\t\t<div class=\"elementor-element elementor-element-c7a66a9 elementor-widget elementor-widget-text-editor\" data-id=\"c7a66a9\" data-element_type=\"widget\" data-widget_type=\"text-editor.default\">\n\t\t\t\t<div class=\"elementor-widget-container\">\n\t\t\t\t\t\t\t<p>SHS Qd 06, Lote 01, Conjunto A, SHS &#8211; Asa Sul, Bras\u00edlia &#8211; DF<\/p>\t\t\t\t\t\t<\/div>\n\t\t\t\t<\/div>\n\t\t\t\t\t<\/div>\n\t\t<\/div>\n\t\t\t\t<div class=\"elementor-column elementor-col-50 elementor-inner-column elementor-element elementor-element-c34d596\" data-id=\"c34d596\" data-element_type=\"column\" data-settings=\"{&quot;_ob_bbad_is_stalker&quot;:&quot;no&quot;}\">\n\t\t\t<div class=\"elementor-widget-wrap\">\n\t\t\t\t\t\t\t<\/div>\n\t\t<\/div>\n\t\t\t\t\t<\/div>\n\t\t<\/section>\n\t\t\t\t\t<\/div>\n\t\t<\/div>\n\t\t\t\t\t<\/div>\n\t\t<\/section>\n\t\t\t\t<\/div>\n\t\t","protected":false},"excerpt":{"rendered":"<p>A Confer\u00eancia Anprotec 2023 O Evento SOBRE O NOSSO ENCONTRO A Confer\u00eancia Anprotec de Empreendedorismo e Ambientes de Inova\u00e7\u00e3o \u00e9 uma realiza\u00e7\u00e3o conjunta da Anprotec \u2013 Associa\u00e7\u00e3o Nacional de Entidades Promotoras de Empreendimentos Inovadores \u2013 e do Sebrae \u2013 Servi\u00e7o Brasileiro de Apoio \u00e0s Micro e Pequenas Empresas. Completando 36 anos em 2023, a Anprotec [&hellip;]<\/p>\n","protected":false},"author":1,"featured_media":0,"parent":0,"menu_order":0,"comment_status":"closed","ping_status":"closed","template":"","meta":{"footnotes":""},"class_list":["post-1349","page","type-page","status-publish","hentry"],"yoast_head":"<!-- This site is optimized with the Yoast SEO plugin v23.0 - https:\/\/yoast.com\/wordpress\/plugins\/seo\/ -->\n<title>O Evento - Confer\u00eancia 2023 Anprotec<\/title>\n<meta name=\"robots\" content=\"index, follow, max-snippet:-1, max-image-preview:large, max-video-preview:-1\" \/>\n<link rel=\"canonical\" href=\"https:\/\/anprotec.org.br\/conferencia2023\/o-evento\/\" \/>\n<meta property=\"og:locale\" content=\"pt_BR\" \/>\n<meta property=\"og:type\" content=\"article\" \/>\n<meta property=\"og:title\" content=\"O Evento - Confer\u00eancia 2023 Anprotec\" \/>\n<meta property=\"og:description\" content=\"A Confer\u00eancia Anprotec 2023 O Evento SOBRE O NOSSO ENCONTRO A Confer\u00eancia Anprotec de Empreendedorismo e Ambientes de Inova\u00e7\u00e3o \u00e9 uma realiza\u00e7\u00e3o conjunta da Anprotec \u2013 Associa\u00e7\u00e3o Nacional de Entidades Promotoras de Empreendimentos Inovadores \u2013 e do Sebrae \u2013 Servi\u00e7o Brasileiro de Apoio \u00e0s Micro e Pequenas Empresas. Completando 36 anos em 2023, a Anprotec [&hellip;]\" \/>\n<meta property=\"og:url\" content=\"https:\/\/anprotec.org.br\/conferencia2023\/o-evento\/\" \/>\n<meta property=\"og:site_name\" content=\"Confer\u00eancia 2023 Anprotec\" \/>\n<meta property=\"article:modified_time\" content=\"2023-09-12T17:08:00+00:00\" \/>\n<meta property=\"og:image\" content=\"https:\/\/anprotec.org.br\/conferencia2023\/wp-content\/uploads\/2023\/08\/Retangulo-265.png\" \/>\n<meta name=\"twitter:card\" content=\"summary_large_image\" \/>\n<meta name=\"twitter:label1\" content=\"Est. tempo de leitura\" \/>\n\t<meta name=\"twitter:data1\" content=\"2 minutos\" \/>\n<script type=\"application\/ld+json\" class=\"yoast-schema-graph\">{\"@context\":\"https:\/\/schema.org\",\"@graph\":[{\"@type\":\"WebPage\",\"@id\":\"https:\/\/anprotec.org.br\/conferencia2023\/o-evento\/\",\"url\":\"https:\/\/anprotec.org.br\/conferencia2023\/o-evento\/\",\"name\":\"O Evento - Confer\u00eancia 2023 Anprotec\",\"isPartOf\":{\"@id\":\"https:\/\/anprotec.org.br\/conferencia2023\/#website\"},\"primaryImageOfPage\":{\"@id\":\"https:\/\/anprotec.org.br\/conferencia2023\/o-evento\/#primaryimage\"},\"image\":{\"@id\":\"https:\/\/anprotec.org.br\/conferencia2023\/o-evento\/#primaryimage\"},\"thumbnailUrl\":\"https:\/\/anprotec.org.br\/conferencia2023\/wp-content\/uploads\/2023\/08\/Retangulo-265.png\",\"datePublished\":\"2023-08-15T18:45:31+00:00\",\"dateModified\":\"2023-09-12T17:08:00+00:00\",\"breadcrumb\":{\"@id\":\"https:\/\/anprotec.org.br\/conferencia2023\/o-evento\/#breadcrumb\"},\"inLanguage\":\"pt-BR\",\"potentialAction\":[{\"@type\":\"ReadAction\",\"target\":[\"https:\/\/anprotec.org.br\/conferencia2023\/o-evento\/\"]}]},{\"@type\":\"ImageObject\",\"inLanguage\":\"pt-BR\",\"@id\":\"https:\/\/anprotec.org.br\/conferencia2023\/o-evento\/#primaryimage\",\"url\":\"https:\/\/anprotec.org.br\/conferencia2023\/wp-content\/uploads\/2023\/08\/Retangulo-265.png\",\"contentUrl\":\"https:\/\/anprotec.org.br\/conferencia2023\/wp-content\/uploads\/2023\/08\/Retangulo-265.png\",\"width\":757,\"height\":505},{\"@type\":\"BreadcrumbList\",\"@id\":\"https:\/\/anprotec.org.br\/conferencia2023\/o-evento\/#breadcrumb\",\"itemListElement\":[{\"@type\":\"ListItem\",\"position\":1,\"name\":\"In\u00edcio\",\"item\":\"https:\/\/anprotec.org.br\/conferencia2023\/\"},{\"@type\":\"ListItem\",\"position\":2,\"name\":\"O Evento\"}]},{\"@type\":\"WebSite\",\"@id\":\"https:\/\/anprotec.org.br\/conferencia2023\/#website\",\"url\":\"https:\/\/anprotec.org.br\/conferencia2023\/\",\"name\":\"Confer\u00eancia 2023 Anprotec\",\"description\":\"\",\"publisher\":{\"@id\":\"https:\/\/anprotec.org.br\/conferencia2023\/#organization\"},\"potentialAction\":[{\"@type\":\"SearchAction\",\"target\":{\"@type\":\"EntryPoint\",\"urlTemplate\":\"https:\/\/anprotec.org.br\/conferencia2023\/?s={search_term_string}\"},\"query-input\":\"required name=search_term_string\"}],\"inLanguage\":\"pt-BR\"},{\"@type\":\"Organization\",\"@id\":\"https:\/\/anprotec.org.br\/conferencia2023\/#organization\",\"name\":\"Confer\u00eancia 2023 Anprotec\",\"url\":\"https:\/\/anprotec.org.br\/conferencia2023\/\",\"logo\":{\"@type\":\"ImageObject\",\"inLanguage\":\"pt-BR\",\"@id\":\"https:\/\/anprotec.org.br\/conferencia2023\/#\/schema\/logo\/image\/\",\"url\":\"\",\"contentUrl\":\"\",\"caption\":\"Confer\u00eancia 2023 Anprotec\"},\"image\":{\"@id\":\"https:\/\/anprotec.org.br\/conferencia2023\/#\/schema\/logo\/image\/\"}}]}<\/script>\n<!-- \/ Yoast SEO plugin. -->","yoast_head_json":{"title":"O Evento - Confer\u00eancia 2023 Anprotec","robots":{"index":"index","follow":"follow","max-snippet":"max-snippet:-1","max-image-preview":"max-image-preview:large","max-video-preview":"max-video-preview:-1"},"canonical":"https:\/\/anprotec.org.br\/conferencia2023\/o-evento\/","og_locale":"pt_BR","og_type":"article","og_title":"O Evento - Confer\u00eancia 2023 Anprotec","og_description":"A Confer\u00eancia Anprotec 2023 O Evento SOBRE O NOSSO ENCONTRO A Confer\u00eancia Anprotec de Empreendedorismo e Ambientes de Inova\u00e7\u00e3o \u00e9 uma realiza\u00e7\u00e3o conjunta da Anprotec \u2013 Associa\u00e7\u00e3o Nacional de Entidades Promotoras de Empreendimentos Inovadores \u2013 e do Sebrae \u2013 Servi\u00e7o Brasileiro de Apoio \u00e0s Micro e Pequenas Empresas. Completando 36 anos em 2023, a Anprotec [&hellip;]","og_url":"https:\/\/anprotec.org.br\/conferencia2023\/o-evento\/","og_site_name":"Confer\u00eancia 2023 Anprotec","article_modified_time":"2023-09-12T17:08:00+00:00","og_image":[{"url":"https:\/\/anprotec.org.br\/conferencia2023\/wp-content\/uploads\/2023\/08\/Retangulo-265.png"}],"twitter_card":"summary_large_image","twitter_misc":{"Est. tempo de leitura":"2 minutos"},"schema":{"@context":"https:\/\/schema.org","@graph":[{"@type":"WebPage","@id":"https:\/\/anprotec.org.br\/conferencia2023\/o-evento\/","url":"https:\/\/anprotec.org.br\/conferencia2023\/o-evento\/","name":"O Evento - Confer\u00eancia 2023 Anprotec","isPartOf":{"@id":"https:\/\/anprotec.org.br\/conferencia2023\/#website"},"primaryImageOfPage":{"@id":"https:\/\/anprotec.org.br\/conferencia2023\/o-evento\/#primaryimage"},"image":{"@id":"https:\/\/anprotec.org.br\/conferencia2023\/o-evento\/#primaryimage"},"thumbnailUrl":"https:\/\/anprotec.org.br\/conferencia2023\/wp-content\/uploads\/2023\/08\/Retangulo-265.png","datePublished":"2023-08-15T18:45:31+00:00","dateModified":"2023-09-12T17:08:00+00:00","breadcrumb":{"@id":"https:\/\/anprotec.org.br\/conferencia2023\/o-evento\/#breadcrumb"},"inLanguage":"pt-BR","potentialAction":[{"@type":"ReadAction","target":["https:\/\/anprotec.org.br\/conferencia2023\/o-evento\/"]}]},{"@type":"ImageObject","inLanguage":"pt-BR","@id":"https:\/\/anprotec.org.br\/conferencia2023\/o-evento\/#primaryimage","url":"https:\/\/anprotec.org.br\/conferencia2023\/wp-content\/uploads\/2023\/08\/Retangulo-265.png","contentUrl":"https:\/\/anprotec.org.br\/conferencia2023\/wp-content\/uploads\/2023\/08\/Retangulo-265.png","width":757,"height":505},{"@type":"BreadcrumbList","@id":"https:\/\/anprotec.org.br\/conferencia2023\/o-evento\/#breadcrumb","itemListElement":[{"@type":"ListItem","position":1,"name":"In\u00edcio","item":"https:\/\/anprotec.org.br\/conferencia2023\/"},{"@type":"ListItem","position":2,"name":"O Evento"}]},{"@type":"WebSite","@id":"https:\/\/anprotec.org.br\/conferencia2023\/#website","url":"https:\/\/anprotec.org.br\/conferencia2023\/","name":"Confer\u00eancia 2023 Anprotec","description":"","publisher":{"@id":"https:\/\/anprotec.org.br\/conferencia2023\/#organization"},"potentialAction":[{"@type":"SearchAction","target":{"@type":"EntryPoint","urlTemplate":"https:\/\/anprotec.org.br\/conferencia2023\/?s={search_term_string}"},"query-input":"required name=search_term_string"}],"inLanguage":"pt-BR"},{"@type":"Organization","@id":"https:\/\/anprotec.org.br\/conferencia2023\/#organization","name":"Confer\u00eancia 2023 Anprotec","url":"https:\/\/anprotec.org.br\/conferencia2023\/","logo":{"@type":"ImageObject","inLanguage":"pt-BR","@id":"https:\/\/anprotec.org.br\/conferencia2023\/#\/schema\/logo\/image\/","url":"","contentUrl":"","caption":"Confer\u00eancia 2023 Anprotec"},"image":{"@id":"https:\/\/anprotec.org.br\/conferencia2023\/#\/schema\/logo\/image\/"}}]}},"_links":{"self":[{"href":"https:\/\/anprotec.org.br\/conferencia2023\/wp-json\/wp\/v2\/pages\/1349","targetHints":{"allow":["GET"]}}],"collection":[{"href":"https:\/\/anprotec.org.br\/conferencia2023\/wp-json\/wp\/v2\/pages"}],"about":[{"href":"https:\/\/anprotec.org.br\/conferencia2023\/wp-json\/wp\/v2\/types\/page"}],"author":[{"embeddable":true,"href":"https:\/\/anprotec.org.br\/conferencia2023\/wp-json\/wp\/v2\/users\/1"}],"replies":[{"embeddable":true,"href":"https:\/\/anprotec.org.br\/conferencia2023\/wp-json\/wp\/v2\/comments?post=1349"}],"version-history":[{"count":100,"href":"https:\/\/anprotec.org.br\/conferencia2023\/wp-json\/wp\/v2\/pages\/1349\/revisions"}],"predecessor-version":[{"id":2176,"href":"https:\/\/anprotec.org.br\/conferencia2023\/wp-json\/wp\/v2\/pages\/1349\/revisions\/2176"}],"wp:attachment":[{"href":"https:\/\/anprotec.org.br\/conferencia2023\/wp-json\/wp\/v2\/media?parent=1349"}],"curies":[{"name":"wp","href":"https:\/\/api.w.org\/{rel}","templated":true}]}}