{"id":547,"date":"2021-08-03T21:51:35","date_gmt":"2021-08-04T00:51:35","guid":{"rendered":"https:\/\/anprotec.org.br\/conferencia2021\/?page_id=547"},"modified":"2021-11-10T12:15:28","modified_gmt":"2021-11-10T15:15:28","slug":"chamada-de-trabalhos","status":"publish","type":"page","link":"https:\/\/anprotec.org.br\/conferencia2021\/chamada-de-trabalhos\/","title":{"rendered":"Chamada de Trabalhos"},"content":{"rendered":"<p>A Anprotec tem a satisfa\u00e7\u00e3o de convid\u00e1-lo a submeter seu(s) trabalho(s) para a 31\u00aa Confer\u00eancia Anprotec de Empreendedorismo e Ambientes de Inova\u00e7\u00e3o, que acontecer\u00e1 de 9 a 12 de novembro de 2021.<\/p>\n<p>Neste ano, os trabalhos devem estar vinculados a pelo menos um dos subtemas do evento, compondo quatro categorias, respectivamente:<\/p>\n<ul>\n<li><b>Omnichannel: a entrega de valor on e off-line<\/b> \u2013 <a href=\"https:\/\/anprotec.org.br\/site\/2021\/05\/31a-conferencia-anprotec-trilha-1-omnichannel-a-entrega-de-valor-on-e-off-line\/\" target=\"_blank\" rel=\"noopener\">Saiba mais sobre o tema clicando aqui<\/a>.<\/li>\n<li><b>Transformando pesquisa em solu\u00e7\u00f5es para a sociedade<\/b> \u2013 <a href=\"https:\/\/anprotec.org.br\/site\/2021\/05\/31a-conferencia-anprotec-trilha-2-transformando-pesquisa-em-solucoes-para-a-sociedade\/\" target=\"_blank\" rel=\"noopener\">Leia mais sobre o tema neste link.<\/a><\/li>\n<li><b>Ambientes de inova\u00e7\u00e3o como Living Labs<\/b> \u2013 <a href=\"https:\/\/anprotec.org.br\/site\/2021\/05\/31a-conferencia-anprotec-trilha-3-transformando-pesquisa-em-solucoes-para-a-sociedade\/\" target=\"_blank\" rel=\"noopener\">Confira a mat\u00e9ria completa sobre o tema.<\/a><\/li>\n<li><b>Gest\u00e3o do capital humano em um mundo sem fronteiras<\/b> \u2013 <a href=\"https:\/\/anprotec.org.br\/site\/2021\/05\/31a-conferencia-anprotec-trilha4\/\" target=\"_blank\" rel=\"noopener\">Saiba mais neste link.<\/a><\/li>\n<\/ul>\n<p><a href=\"https:\/\/anprotec.org.br\/conferencia2021\/wp-content\/uploads\/2021\/11\/Trabalhos-te%CC%81cnicos.pdf\"><strong>CONFIRA OS ARTIGOS SELECIONADOS NESTE LINK.<\/strong><\/a><\/p>\n<p><a href=\"https:\/\/anprotec.org.br\/conferencia2021\/wp-content\/uploads\/2021\/11\/Relatos.pdf\"><strong>CONFIRA OS RELATOS SELECIONADOS NESTE LINK.<\/strong><\/a><\/p>\n","protected":false},"excerpt":{"rendered":"<p>A Anprotec tem a satisfa\u00e7\u00e3o de convid\u00e1-lo a submeter seu(s) trabalho(s) para a 31\u00aa Confer\u00eancia Anprotec de Empreendedorismo e Ambientes de Inova\u00e7\u00e3o, que acontecer\u00e1 de 9<span class=\"excerpt-hellip\"> [\u2026]<\/span><\/p>\n","protected":false},"author":1,"featured_media":0,"parent":0,"menu_order":0,"comment_status":"closed","ping_status":"closed","template":"","meta":{"footnotes":""},"class_list":["post-547","page","type-page","status-publish","hentry"],"yoast_head":"<!-- This site is optimized with the Yoast SEO plugin v17.0 - https:\/\/yoast.com\/wordpress\/plugins\/seo\/ -->\n<title>Chamada de Trabalhos - Confer\u00eancia Anprotec 2021<\/title>\n<meta name=\"robots\" content=\"index, follow, max-snippet:-1, max-image-preview:large, max-video-preview:-1\" \/>\n<link rel=\"canonical\" href=\"https:\/\/anprotec.org.br\/conferencia2021\/chamada-de-trabalhos\/\" \/>\n<meta property=\"og:locale\" content=\"pt_BR\" \/>\n<meta property=\"og:type\" content=\"article\" \/>\n<meta property=\"og:title\" content=\"Chamada de Trabalhos - Confer\u00eancia Anprotec 2021\" \/>\n<meta property=\"og:description\" content=\"A Anprotec tem a satisfa\u00e7\u00e3o de convid\u00e1-lo a submeter seu(s) trabalho(s) para a 31\u00aa Confer\u00eancia Anprotec de Empreendedorismo e Ambientes de Inova\u00e7\u00e3o, que acontecer\u00e1 de 9 [\u2026]\" \/>\n<meta property=\"og:url\" content=\"https:\/\/anprotec.org.br\/conferencia2021\/chamada-de-trabalhos\/\" \/>\n<meta property=\"og:site_name\" content=\"Confer\u00eancia Anprotec 2021\" \/>\n<meta property=\"article:modified_time\" content=\"2021-11-10T15:15:28+00:00\" \/>\n<meta name=\"twitter:card\" content=\"summary_large_image\" \/>\n<meta name=\"twitter:label1\" content=\"Est. tempo de leitura\" \/>\n\t<meta name=\"twitter:data1\" content=\"1 minuto\" \/>\n<script type=\"application\/ld+json\" class=\"yoast-schema-graph\">{\"@context\":\"https:\/\/schema.org\",\"@graph\":[{\"@type\":\"WebSite\",\"@id\":\"https:\/\/anprotec.org.br\/conferencia2021\/#website\",\"url\":\"https:\/\/anprotec.org.br\/conferencia2021\/\",\"name\":\"Confer\\u00eancia Anprotec 2021\",\"description\":\"\",\"potentialAction\":[{\"@type\":\"SearchAction\",\"target\":{\"@type\":\"EntryPoint\",\"urlTemplate\":\"https:\/\/anprotec.org.br\/conferencia2021\/?s={search_term_string}\"},\"query-input\":\"required name=search_term_string\"}],\"inLanguage\":\"pt-BR\"},{\"@type\":\"WebPage\",\"@id\":\"https:\/\/anprotec.org.br\/conferencia2021\/chamada-de-trabalhos\/#webpage\",\"url\":\"https:\/\/anprotec.org.br\/conferencia2021\/chamada-de-trabalhos\/\",\"name\":\"Chamada de Trabalhos - Confer\\u00eancia Anprotec 2021\",\"isPartOf\":{\"@id\":\"https:\/\/anprotec.org.br\/conferencia2021\/#website\"},\"datePublished\":\"2021-08-04T00:51:35+00:00\",\"dateModified\":\"2021-11-10T15:15:28+00:00\",\"breadcrumb\":{\"@id\":\"https:\/\/anprotec.org.br\/conferencia2021\/chamada-de-trabalhos\/#breadcrumb\"},\"inLanguage\":\"pt-BR\",\"potentialAction\":[{\"@type\":\"ReadAction\",\"target\":[\"https:\/\/anprotec.org.br\/conferencia2021\/chamada-de-trabalhos\/\"]}]},{\"@type\":\"BreadcrumbList\",\"@id\":\"https:\/\/anprotec.org.br\/conferencia2021\/chamada-de-trabalhos\/#breadcrumb\",\"itemListElement\":[{\"@type\":\"ListItem\",\"position\":1,\"name\":\"In\\u00edcio\",\"item\":\"https:\/\/anprotec.org.br\/conferencia2021\/\"},{\"@type\":\"ListItem\",\"position\":2,\"name\":\"Chamada de Trabalhos\"}]}]}<\/script>\n<!-- \/ Yoast SEO plugin. -->","yoast_head_json":{"title":"Chamada de Trabalhos - Confer\u00eancia Anprotec 2021","robots":{"index":"index","follow":"follow","max-snippet":"max-snippet:-1","max-image-preview":"max-image-preview:large","max-video-preview":"max-video-preview:-1"},"canonical":"https:\/\/anprotec.org.br\/conferencia2021\/chamada-de-trabalhos\/","og_locale":"pt_BR","og_type":"article","og_title":"Chamada de Trabalhos - Confer\u00eancia Anprotec 2021","og_description":"A Anprotec tem a satisfa\u00e7\u00e3o de convid\u00e1-lo a submeter seu(s) trabalho(s) para a 31\u00aa Confer\u00eancia Anprotec de Empreendedorismo e Ambientes de Inova\u00e7\u00e3o, que acontecer\u00e1 de 9 [\u2026]","og_url":"https:\/\/anprotec.org.br\/conferencia2021\/chamada-de-trabalhos\/","og_site_name":"Confer\u00eancia Anprotec 2021","article_modified_time":"2021-11-10T15:15:28+00:00","twitter_card":"summary_large_image","twitter_misc":{"Est. tempo de leitura":"1 minuto"},"schema":{"@context":"https:\/\/schema.org","@graph":[{"@type":"WebSite","@id":"https:\/\/anprotec.org.br\/conferencia2021\/#website","url":"https:\/\/anprotec.org.br\/conferencia2021\/","name":"Confer\u00eancia Anprotec 2021","description":"","potentialAction":[{"@type":"SearchAction","target":{"@type":"EntryPoint","urlTemplate":"https:\/\/anprotec.org.br\/conferencia2021\/?s={search_term_string}"},"query-input":"required name=search_term_string"}],"inLanguage":"pt-BR"},{"@type":"WebPage","@id":"https:\/\/anprotec.org.br\/conferencia2021\/chamada-de-trabalhos\/#webpage","url":"https:\/\/anprotec.org.br\/conferencia2021\/chamada-de-trabalhos\/","name":"Chamada de Trabalhos - Confer\u00eancia Anprotec 2021","isPartOf":{"@id":"https:\/\/anprotec.org.br\/conferencia2021\/#website"},"datePublished":"2021-08-04T00:51:35+00:00","dateModified":"2021-11-10T15:15:28+00:00","breadcrumb":{"@id":"https:\/\/anprotec.org.br\/conferencia2021\/chamada-de-trabalhos\/#breadcrumb"},"inLanguage":"pt-BR","potentialAction":[{"@type":"ReadAction","target":["https:\/\/anprotec.org.br\/conferencia2021\/chamada-de-trabalhos\/"]}]},{"@type":"BreadcrumbList","@id":"https:\/\/anprotec.org.br\/conferencia2021\/chamada-de-trabalhos\/#breadcrumb","itemListElement":[{"@type":"ListItem","position":1,"name":"In\u00edcio","item":"https:\/\/anprotec.org.br\/conferencia2021\/"},{"@type":"ListItem","position":2,"name":"Chamada de Trabalhos"}]}]}},"_links":{"self":[{"href":"https:\/\/anprotec.org.br\/conferencia2021\/wp-json\/wp\/v2\/pages\/547","targetHints":{"allow":["GET"]}}],"collection":[{"href":"https:\/\/anprotec.org.br\/conferencia2021\/wp-json\/wp\/v2\/pages"}],"about":[{"href":"https:\/\/anprotec.org.br\/conferencia2021\/wp-json\/wp\/v2\/types\/page"}],"author":[{"embeddable":true,"href":"https:\/\/anprotec.org.br\/conferencia2021\/wp-json\/wp\/v2\/users\/1"}],"replies":[{"embeddable":true,"href":"https:\/\/anprotec.org.br\/conferencia2021\/wp-json\/wp\/v2\/comments?post=547"}],"version-history":[{"count":14,"href":"https:\/\/anprotec.org.br\/conferencia2021\/wp-json\/wp\/v2\/pages\/547\/revisions"}],"predecessor-version":[{"id":1810,"href":"https:\/\/anprotec.org.br\/conferencia2021\/wp-json\/wp\/v2\/pages\/547\/revisions\/1810"}],"wp:attachment":[{"href":"https:\/\/anprotec.org.br\/conferencia2021\/wp-json\/wp\/v2\/media?parent=547"}],"curies":[{"name":"wp","href":"https:\/\/api.w.org\/{rel}","templated":true}]}}