{"id":545,"date":"2021-08-03T21:51:21","date_gmt":"2021-08-04T00:51:21","guid":{"rendered":"https:\/\/anprotec.org.br\/conferencia2021\/?page_id=545"},"modified":"2021-10-13T13:05:00","modified_gmt":"2021-10-13T16:05:00","slug":"o-evento","status":"publish","type":"page","link":"https:\/\/anprotec.org.br\/conferencia2021\/o-evento\/","title":{"rendered":"O Evento"},"content":{"rendered":"\t\t<div data-elementor-type=\"wp-page\" data-elementor-id=\"545\" class=\"elementor elementor-545\" data-elementor-settings=\"[]\">\n\t\t\t\t\t\t\t<div class=\"elementor-section-wrap\">\n\t\t\t\t\t\t\t<section class=\"elementor-section elementor-top-section elementor-element elementor-element-0b8e4bb elementor-section-content-top elementor-section-boxed elementor-section-height-default elementor-section-height-default\" data-id=\"0b8e4bb\" data-element_type=\"section\">\n\t\t\t\t\t\t<div class=\"elementor-container elementor-column-gap-default\">\n\t\t\t\t\t<div class=\"elementor-column elementor-col-100 elementor-top-column elementor-element elementor-element-f9b0397\" data-id=\"f9b0397\" data-element_type=\"column\">\n\t\t\t<div class=\"elementor-widget-wrap elementor-element-populated\">\n\t\t\t\t\t\t\t\t<div class=\"elementor-element elementor-element-4ce5d24 elementor-widget elementor-widget-text-editor\" data-id=\"4ce5d24\" data-element_type=\"widget\" data-widget_type=\"text-editor.default\">\n\t\t\t\t<div class=\"elementor-widget-container\">\n\t\t\t\t\t\t\t\t<p>A Confer\u00eancia Anprotec \u00e9 um grande evento de empreendedorismo inovador no Brasil. Em sua 31\u00aa edi\u00e7\u00e3o, o evento ter\u00e1 como tema \u2018<b>The Great Reset: A Redefini\u00e7\u00e3o dos Ambientes de Inova\u00e7\u00e3o<\/b>\u2019. O conceito foi criado pelo F\u00f3rum Mundial Econ\u00f4mico como uma iniciativa que pressup\u00f5e a pandemia como um ponto de partida para a <b>reestrutura\u00e7\u00e3o da economia mundial de forma mais sustent\u00e1vel<\/b>.<\/p><p>N\u00e3o \u00e9 novidade que a pandemia do novo Coronav\u00edrus alterou drasticamente a forma como as pessoas convivem, trabalham, estudam, consomem e ocupam espa\u00e7os, criando uma necessidade muito grande de adapta\u00e7\u00e3o em todo mundo. Mas esse cen\u00e1rio, a princ\u00edpio ca\u00f3tico, tamb\u00e9m permite a <b>oportunidade para a cria\u00e7\u00e3o de um legado para as pr\u00f3ximas gera\u00e7\u00f5es<\/b>, j\u00e1 que h\u00e1 uma urg\u00eancia por parte dos stakeholders globais para a coopera\u00e7\u00e3o na solu\u00e7\u00e3o das consequ\u00eancias diretas da crise de Covid-19.<\/p><p>A iniciativa &#8216;The Great Reset&#8217; admite um conjunto de dimens\u00f5es para construir um novo contrato social que <b>priorize o revigoramento da ci\u00eancia, tecnologia e inova\u00e7\u00e3o<\/b>, um movimento global para redu\u00e7\u00e3o das emiss\u00f5es e implementa\u00e7\u00e3o de m\u00e9todos de absor\u00e7\u00e3o de di\u00f3xido de carbono da atmosfera, e a precifica\u00e7\u00e3o de carbono, reinventando estruturas de incentivo de longa data, reequilibrando fomentos para incluir mais investimentos verdes e encorajando projetos de infraestrutura p\u00fablica verde.<\/p><p>Tendo como base o tema The Great Reset: a redefini\u00e7\u00e3o dos ambientes de inova\u00e7\u00e3o, a 31\u00aa edi\u00e7\u00e3o da Confer\u00eancia Anprotec de Empreendedorismo e Ambientes de Inova\u00e7\u00e3o abordar\u00e1 sobre o conte\u00fado separando-o em <b>quatro trilhas<\/b> que abordar\u00e3o quest\u00f5es espec\u00edficas dentro desse panorama geral.<\/p><p style=\"color: 8b369d;\"><b>Trilha 1 &#8211; Omnichannel: a entrega de valor on e off-line<\/b><\/p><ul><li aria-level=\"1\">Como ambientes de inova\u00e7\u00e3o v\u00e3o agregar valor para seus residentes, incubados e acelerados mesmo \u00e0 dist\u00e2ncia?<\/li><\/ul><p><b>Trilha 2 &#8211; Transformando pesquisa em solu\u00e7\u00f5es para a sociedade<\/b><\/p><ul><li aria-level=\"1\">Como impulsionar neg\u00f3cios baseados em ci\u00eancia?<\/li><\/ul><p><b>Trilha 3 &#8211; Ambientes de inova\u00e7\u00e3o como Living Labs<\/b><\/p><ul><li aria-level=\"1\">Os ambientes de inova\u00e7\u00e3o podem assumir o papel de living labs, promovendo um local de encontro e densidade que catalisam a inova\u00e7\u00e3o no contexto de p\u00f3s-pandemia?<\/li><\/ul><p><b>Trilha 4 &#8211; Gest\u00e3o do capital humano em um mundo sem fronteiras<\/b><\/p><ul><li aria-level=\"1\">Como lidar com a atra\u00e7\u00e3o e reten\u00e7\u00e3o de talentos em um contexto em que cada vez menos existem fronteiras f\u00edsicas?<\/li><\/ul>\t\t\t\t\t\t<\/div>\n\t\t\t\t<\/div>\n\t\t\t\t\t<\/div>\n\t\t<\/div>\n\t\t\t\t\t\t\t<\/div>\n\t\t<\/section>\n\t\t\t\t\t\t<\/div>\n\t\t\t\t\t<\/div>\n\t\t","protected":false},"excerpt":{"rendered":"<p>A Confer\u00eancia Anprotec \u00e9 um grande evento de empreendedorismo inovador no Brasil. Em sua 31\u00aa edi\u00e7\u00e3o, o evento ter\u00e1 como tema \u2018The Great Reset: A Redefini\u00e7\u00e3o<span class=\"excerpt-hellip\"> [\u2026]<\/span><\/p>\n","protected":false},"author":1,"featured_media":0,"parent":0,"menu_order":0,"comment_status":"closed","ping_status":"closed","template":"","meta":{"footnotes":""},"class_list":["post-545","page","type-page","status-publish","hentry"],"yoast_head":"<!-- This site is optimized with the Yoast SEO plugin v17.0 - https:\/\/yoast.com\/wordpress\/plugins\/seo\/ -->\n<title>O Evento - Confer\u00eancia Anprotec 2021<\/title>\n<meta name=\"robots\" content=\"index, follow, max-snippet:-1, max-image-preview:large, max-video-preview:-1\" \/>\n<link rel=\"canonical\" href=\"https:\/\/anprotec.org.br\/conferencia2021\/o-evento\/\" \/>\n<meta property=\"og:locale\" content=\"pt_BR\" \/>\n<meta property=\"og:type\" content=\"article\" \/>\n<meta property=\"og:title\" content=\"O Evento - Confer\u00eancia Anprotec 2021\" \/>\n<meta property=\"og:description\" content=\"A Confer\u00eancia Anprotec \u00e9 um grande evento de empreendedorismo inovador no Brasil. Em sua 31\u00aa edi\u00e7\u00e3o, o evento ter\u00e1 como tema \u2018The Great Reset: A Redefini\u00e7\u00e3o [\u2026]\" \/>\n<meta property=\"og:url\" content=\"https:\/\/anprotec.org.br\/conferencia2021\/o-evento\/\" \/>\n<meta property=\"og:site_name\" content=\"Confer\u00eancia Anprotec 2021\" \/>\n<meta property=\"article:modified_time\" content=\"2021-10-13T16:05:00+00:00\" \/>\n<meta name=\"twitter:card\" content=\"summary_large_image\" \/>\n<meta name=\"twitter:label1\" content=\"Est. tempo de leitura\" \/>\n\t<meta name=\"twitter:data1\" content=\"2 minutos\" \/>\n<script type=\"application\/ld+json\" class=\"yoast-schema-graph\">{\"@context\":\"https:\/\/schema.org\",\"@graph\":[{\"@type\":\"WebSite\",\"@id\":\"https:\/\/anprotec.org.br\/conferencia2021\/#website\",\"url\":\"https:\/\/anprotec.org.br\/conferencia2021\/\",\"name\":\"Confer\\u00eancia Anprotec 2021\",\"description\":\"\",\"potentialAction\":[{\"@type\":\"SearchAction\",\"target\":{\"@type\":\"EntryPoint\",\"urlTemplate\":\"https:\/\/anprotec.org.br\/conferencia2021\/?s={search_term_string}\"},\"query-input\":\"required name=search_term_string\"}],\"inLanguage\":\"pt-BR\"},{\"@type\":\"WebPage\",\"@id\":\"https:\/\/anprotec.org.br\/conferencia2021\/o-evento\/#webpage\",\"url\":\"https:\/\/anprotec.org.br\/conferencia2021\/o-evento\/\",\"name\":\"O Evento - Confer\\u00eancia Anprotec 2021\",\"isPartOf\":{\"@id\":\"https:\/\/anprotec.org.br\/conferencia2021\/#website\"},\"datePublished\":\"2021-08-04T00:51:21+00:00\",\"dateModified\":\"2021-10-13T16:05:00+00:00\",\"breadcrumb\":{\"@id\":\"https:\/\/anprotec.org.br\/conferencia2021\/o-evento\/#breadcrumb\"},\"inLanguage\":\"pt-BR\",\"potentialAction\":[{\"@type\":\"ReadAction\",\"target\":[\"https:\/\/anprotec.org.br\/conferencia2021\/o-evento\/\"]}]},{\"@type\":\"BreadcrumbList\",\"@id\":\"https:\/\/anprotec.org.br\/conferencia2021\/o-evento\/#breadcrumb\",\"itemListElement\":[{\"@type\":\"ListItem\",\"position\":1,\"name\":\"In\\u00edcio\",\"item\":\"https:\/\/anprotec.org.br\/conferencia2021\/\"},{\"@type\":\"ListItem\",\"position\":2,\"name\":\"O Evento\"}]}]}<\/script>\n<!-- \/ Yoast SEO plugin. -->","yoast_head_json":{"title":"O Evento - Confer\u00eancia Anprotec 2021","robots":{"index":"index","follow":"follow","max-snippet":"max-snippet:-1","max-image-preview":"max-image-preview:large","max-video-preview":"max-video-preview:-1"},"canonical":"https:\/\/anprotec.org.br\/conferencia2021\/o-evento\/","og_locale":"pt_BR","og_type":"article","og_title":"O Evento - Confer\u00eancia Anprotec 2021","og_description":"A Confer\u00eancia Anprotec \u00e9 um grande evento de empreendedorismo inovador no Brasil. Em sua 31\u00aa edi\u00e7\u00e3o, o evento ter\u00e1 como tema \u2018The Great Reset: A Redefini\u00e7\u00e3o [\u2026]","og_url":"https:\/\/anprotec.org.br\/conferencia2021\/o-evento\/","og_site_name":"Confer\u00eancia Anprotec 2021","article_modified_time":"2021-10-13T16:05:00+00:00","twitter_card":"summary_large_image","twitter_misc":{"Est. tempo de leitura":"2 minutos"},"schema":{"@context":"https:\/\/schema.org","@graph":[{"@type":"WebSite","@id":"https:\/\/anprotec.org.br\/conferencia2021\/#website","url":"https:\/\/anprotec.org.br\/conferencia2021\/","name":"Confer\u00eancia Anprotec 2021","description":"","potentialAction":[{"@type":"SearchAction","target":{"@type":"EntryPoint","urlTemplate":"https:\/\/anprotec.org.br\/conferencia2021\/?s={search_term_string}"},"query-input":"required name=search_term_string"}],"inLanguage":"pt-BR"},{"@type":"WebPage","@id":"https:\/\/anprotec.org.br\/conferencia2021\/o-evento\/#webpage","url":"https:\/\/anprotec.org.br\/conferencia2021\/o-evento\/","name":"O Evento - Confer\u00eancia Anprotec 2021","isPartOf":{"@id":"https:\/\/anprotec.org.br\/conferencia2021\/#website"},"datePublished":"2021-08-04T00:51:21+00:00","dateModified":"2021-10-13T16:05:00+00:00","breadcrumb":{"@id":"https:\/\/anprotec.org.br\/conferencia2021\/o-evento\/#breadcrumb"},"inLanguage":"pt-BR","potentialAction":[{"@type":"ReadAction","target":["https:\/\/anprotec.org.br\/conferencia2021\/o-evento\/"]}]},{"@type":"BreadcrumbList","@id":"https:\/\/anprotec.org.br\/conferencia2021\/o-evento\/#breadcrumb","itemListElement":[{"@type":"ListItem","position":1,"name":"In\u00edcio","item":"https:\/\/anprotec.org.br\/conferencia2021\/"},{"@type":"ListItem","position":2,"name":"O Evento"}]}]}},"_links":{"self":[{"href":"https:\/\/anprotec.org.br\/conferencia2021\/wp-json\/wp\/v2\/pages\/545","targetHints":{"allow":["GET"]}}],"collection":[{"href":"https:\/\/anprotec.org.br\/conferencia2021\/wp-json\/wp\/v2\/pages"}],"about":[{"href":"https:\/\/anprotec.org.br\/conferencia2021\/wp-json\/wp\/v2\/types\/page"}],"author":[{"embeddable":true,"href":"https:\/\/anprotec.org.br\/conferencia2021\/wp-json\/wp\/v2\/users\/1"}],"replies":[{"embeddable":true,"href":"https:\/\/anprotec.org.br\/conferencia2021\/wp-json\/wp\/v2\/comments?post=545"}],"version-history":[{"count":25,"href":"https:\/\/anprotec.org.br\/conferencia2021\/wp-json\/wp\/v2\/pages\/545\/revisions"}],"predecessor-version":[{"id":1003,"href":"https:\/\/anprotec.org.br\/conferencia2021\/wp-json\/wp\/v2\/pages\/545\/revisions\/1003"}],"wp:attachment":[{"href":"https:\/\/anprotec.org.br\/conferencia2021\/wp-json\/wp\/v2\/media?parent=545"}],"curies":[{"name":"wp","href":"https:\/\/api.w.org\/{rel}","templated":true}]}}