{"id":909,"date":"2022-05-10T20:12:36","date_gmt":"2022-05-10T20:12:36","guid":{"rendered":"https:\/\/projetos.lacom.ag\/cerne\/?page_id=909"},"modified":"2022-05-10T20:52:28","modified_gmt":"2022-05-10T20:52:28","slug":"niveis","status":"publish","type":"page","link":"https:\/\/anprotec.org.br\/cerne\/conceito\/niveis\/","title":{"rendered":"N\u00edveis"},"content":{"rendered":"\t\t<div data-elementor-type=\"wp-page\" data-elementor-id=\"909\" data-post-id=\"909\" data-obj-id=\"909\" class=\"elementor elementor-909 dce-elementor-post-909\">\n\t\t\t\t\t\t<div class=\"elementor-inner\">\n\t\t\t\t<div class=\"elementor-section-wrap\">\n\t\t\t\t\t\t\t<div class=\"elementor-element elementor-element-45b8e00 e-container--column e-container\" data-id=\"45b8e00\" data-element_type=\"container\">\t\t\t\t<div class=\"elementor-element elementor-element-10fc766 elementor-widget elementor-widget-heading\" data-id=\"10fc766\" data-element_type=\"widget\" data-widget_type=\"heading.default\">\n\t\t\t\t<div class=\"elementor-widget-container\">\n\t\t\t<h2 class=\"elementor-heading-title elementor-size-default\">N\u00edveis<\/h2>\t\t<\/div>\n\t\t\t\t<\/div>\n\t\t\t\t<div class=\"elementor-element elementor-element-0c513e1 elementor-widget elementor-widget-text-editor\" data-id=\"0c513e1\" data-element_type=\"widget\" data-widget_type=\"text-editor.default\">\n\t\t\t\t<div class=\"elementor-widget-container\">\n\t\t\t\t\t\t\t\t<div class=\"elementor-text-editor elementor-clearfix\">\n\t\t\t\t<p><b>Cerne 1: <\/b>neste primeiro n\u00edvel, todos os processos-chave e pr\u00e1ticas-chave est\u00e3o diretamente relacionados ao desenvolvimento dos empreendimentos. Nesse sentido, al\u00e9m de sistemas como qualifica\u00e7\u00e3o, assessoria e sele\u00e7\u00e3o, foram inclu\u00eddos aspectos relacionados \u00e0 gest\u00e3o da incubadora, os quais, por sua vez, mant\u00eam uma rela\u00e7\u00e3o muito estreita com o desenvolvimento dos empreendimentos, a exemplo da gest\u00e3o financeira e a gest\u00e3o da infraestrutura f\u00edsica e tecnol\u00f3gica. Ao atingir esse n\u00edvel, o ambiente de inova\u00e7\u00e3o demonstra que tem capacidade para prospectar e selecionar boas ideais e transform\u00e1-las em neg\u00f3cios inovadores bem sucedidos, sistem\u00e1tica e repetidamente.<\/p>\n<p><b>Cerne 2: <\/b>o foco deste n\u00edvel \u00e9 garantir uma gest\u00e3o efetiva do ambiente de inova\u00e7\u00e3o como uma organiza\u00e7\u00e3o. Assim, al\u00e9m de garantir a gera\u00e7\u00e3o sistem\u00e1tica de empreendimentos inovadores (foco do Cerne 1), a incubadora utiliza todos os processos e pr\u00e1ticas para uma gest\u00e3o focada em resultados.<\/p>\n<p><b>Cerne 3:<\/b> o objetivo deste n\u00edvel \u00e9 consolidar uma rede de parceiros, com vistas a ampliar a probabilidade de sucesso dos empreendimentos apoiados. Assim, nesse n\u00edvel, o ambiente de inova\u00e7\u00e3o refor\u00e7a sua atua\u00e7\u00e3o como um dos \u201celos\u201d da rede de atores envolvidos no processo de inova\u00e7\u00e3o.<\/p>\n<p><b>Cerne 4:<\/b> neste n\u00edvel, a partir da estrutura implantada nos n\u00edveis anteriores, o ambiente de inova\u00e7\u00e3o possui maturidade suficiente para consolidar seu sistema de gest\u00e3o da inova\u00e7\u00e3o. Com isso, al\u00e9m de gerar empreendimentos inovadores, gerir de forma efetiva a incubadora como organiza\u00e7\u00e3o e participar ativamente da rede de atores envolvidos no processo de inova\u00e7\u00e3o, o ambiente de inova\u00e7\u00e3o passa a gerar, sistematicamente, inova\u00e7\u00f5es em seus pr\u00f3prios processos.<\/p>\n<p>Cada n\u00edvel de maturidade (Cerne 1, Cerne 2, Cerne 3 e Cerne 4) representa um passo do o ambiente de inova\u00e7\u00e3o em dire\u00e7\u00e3o \u00e0 melhoria cont\u00ednua, ampliando sua capacidade em gerar empreendimentos de sucesso.<\/p>\n<p>Cada n\u00edvel de maturidade cont\u00e9m um conjunto de processos-chave que procuram garantir que a incubadora esteja utilizando todas as boas pr\u00e1ticas relacionadas \u00e0quele n\u00edvel de maturidade.<\/p>\t\t\t\t\t<\/div>\n\t\t\t\t\t\t<\/div>\n\t\t\t\t<\/div>\n\t\t<\/div>\t\t\t\t\t\t\t<\/div>\n\t\t\t<\/div>\n\t\t\t\t\t<\/div>\n\t\t","protected":false},"excerpt":{"rendered":"<p>N\u00edveis Cerne 1: neste primeiro n\u00edvel, todos os processos-chave e pr\u00e1ticas-chave est\u00e3o diretamente relacionados ao desenvolvimento dos empreendimentos. Nesse sentido, al\u00e9m de sistemas como qualifica\u00e7\u00e3o, assessoria e sele\u00e7\u00e3o, foram inclu\u00eddos aspectos relacionados \u00e0 gest\u00e3o da incubadora, os quais, por sua vez, mant\u00eam uma rela\u00e7\u00e3o muito estreita com o desenvolvimento dos empreendimentos, a exemplo da gest\u00e3o &hellip;<\/p>\n<p class=\"read-more\"> <a class=\"\" href=\"https:\/\/anprotec.org.br\/cerne\/conceito\/niveis\/\"> <span class=\"screen-reader-text\">N\u00edveis<\/span> Leia mais &raquo;<\/a><\/p>\n","protected":false},"author":1,"featured_media":0,"parent":890,"menu_order":0,"comment_status":"closed","ping_status":"closed","template":"","meta":{"footnotes":""},"class_list":["post-909","page","type-page","status-publish","hentry"],"_links":{"self":[{"href":"https:\/\/anprotec.org.br\/cerne\/wp-json\/wp\/v2\/pages\/909","targetHints":{"allow":["GET"]}}],"collection":[{"href":"https:\/\/anprotec.org.br\/cerne\/wp-json\/wp\/v2\/pages"}],"about":[{"href":"https:\/\/anprotec.org.br\/cerne\/wp-json\/wp\/v2\/types\/page"}],"author":[{"embeddable":true,"href":"https:\/\/anprotec.org.br\/cerne\/wp-json\/wp\/v2\/users\/1"}],"replies":[{"embeddable":true,"href":"https:\/\/anprotec.org.br\/cerne\/wp-json\/wp\/v2\/comments?post=909"}],"version-history":[{"count":10,"href":"https:\/\/anprotec.org.br\/cerne\/wp-json\/wp\/v2\/pages\/909\/revisions"}],"predecessor-version":[{"id":987,"href":"https:\/\/anprotec.org.br\/cerne\/wp-json\/wp\/v2\/pages\/909\/revisions\/987"}],"up":[{"embeddable":true,"href":"https:\/\/anprotec.org.br\/cerne\/wp-json\/wp\/v2\/pages\/890"}],"wp:attachment":[{"href":"https:\/\/anprotec.org.br\/cerne\/wp-json\/wp\/v2\/media?parent=909"}],"curies":[{"name":"wp","href":"https:\/\/api.w.org\/{rel}","templated":true}]}}