{"id":899,"date":"2022-05-10T20:05:53","date_gmt":"2022-05-10T20:05:53","guid":{"rendered":"https:\/\/projetos.lacom.ag\/cerne\/?page_id=899"},"modified":"2022-05-10T20:53:03","modified_gmt":"2022-05-10T20:53:03","slug":"historico","status":"publish","type":"page","link":"https:\/\/anprotec.org.br\/cerne\/conceito\/historico\/","title":{"rendered":"Hist\u00f3rico"},"content":{"rendered":"\t\t<div data-elementor-type=\"wp-page\" data-elementor-id=\"899\" data-post-id=\"899\" data-obj-id=\"899\" class=\"elementor elementor-899 dce-elementor-post-899\">\n\t\t\t\t\t\t<div class=\"elementor-inner\">\n\t\t\t\t<div class=\"elementor-section-wrap\">\n\t\t\t\t\t\t\t<div class=\"elementor-element elementor-element-45b8e00 e-container--column e-container\" data-id=\"45b8e00\" data-element_type=\"container\">\t\t\t\t<div class=\"elementor-element elementor-element-10fc766 elementor-widget elementor-widget-heading\" data-id=\"10fc766\" data-element_type=\"widget\" data-widget_type=\"heading.default\">\n\t\t\t\t<div class=\"elementor-widget-container\">\n\t\t\t<h2 class=\"elementor-heading-title elementor-size-default\">Hist\u00f3rico<\/h2>\t\t<\/div>\n\t\t\t\t<\/div>\n\t\t\t\t<div class=\"elementor-element elementor-element-0c513e1 elementor-widget elementor-widget-text-editor\" data-id=\"0c513e1\" data-element_type=\"widget\" data-widget_type=\"text-editor.default\">\n\t\t\t\t<div class=\"elementor-widget-container\">\n\t\t\t\t\t\t\t\t<div class=\"elementor-text-editor elementor-clearfix\">\n\t\t\t\t<p>O movimento brasileiro de ambientes de inova\u00e7\u00e3o registrou \u00edndices expressivos de crescimento na \u00faltima d\u00e9cada, alcan\u00e7ando m\u00e9dia superior a 25% ao ano. Atualmente, o ecossistema de inova\u00e7\u00e3o do Brasil conta com 363 incubadoras de empresas, 43 parques tecnol\u00f3gicos em opera\u00e7\u00e3o e 60 em implanta\u00e7\u00e3o e projeto, e 57 aceleradoras.<\/p><p>Reconhecidos como importantes ferramentas de desenvolvimento socioecon\u00f4mico, por meio de sua contribui\u00e7\u00e3o \u00e0 melhoria da competitividade dos neg\u00f3cios apoiados, os ambientes de inova\u00e7\u00e3o brasileiros agora se deparam com novos desafios.<\/p><p>\u00c9 preciso adaptar a estrutura e os servi\u00e7os oferecidos \u00e0s demandas atuais do mercado e da sociedade, ampliando quantitativa e qualitativamente seus resultados para estender seus benef\u00edcios a uma parcela cada vez maior da popula\u00e7\u00e3o.<\/p><p>Para se manterem como agentes do desenvolvimento nas regi\u00f5es onde est\u00e3o inseridas, \u00e9 essencial que os ambientes de inova\u00e7\u00e3o estejam preparados para atuar nesse novo cen\u00e1rio.<\/p><p>Diante desse contexto, o Servi\u00e7o Brasileiro de Apoio \u00e0s Micro e Pequenas Empresas \u2013 Sebrae e a Associa\u00e7\u00e3o Nacional de Entidades Promotoras de Empreendimentos Inovadores \u2013 Anprotec trabalharam juntos para construir um novo modelo de atua\u00e7\u00e3o para os ambientes de inova\u00e7\u00e3o brasileiros.<\/p><p>Esse modelo prop\u00f5e um conjunto de processos e pr\u00e1ticas que s\u00e3o cr\u00edticos para ampliar a capacidade de gera\u00e7\u00e3o sistem\u00e1tica de empreendimentos de sucesso. Com a implanta\u00e7\u00e3o do Cerne, os ambientes de inova\u00e7\u00e3o passam a atuar de forma proativa na promo\u00e7\u00e3o do desenvolvimento sustent\u00e1vel, com base na inova\u00e7\u00e3o.<\/p>\t\t\t\t\t<\/div>\n\t\t\t\t\t\t<\/div>\n\t\t\t\t<\/div>\n\t\t<\/div>\t\t\t\t\t\t\t<\/div>\n\t\t\t<\/div>\n\t\t\t\t\t<\/div>\n\t\t","protected":false},"excerpt":{"rendered":"<p>Hist\u00f3rico O movimento brasileiro de ambientes de inova\u00e7\u00e3o registrou \u00edndices expressivos de crescimento na \u00faltima d\u00e9cada, alcan\u00e7ando m\u00e9dia superior a 25% ao ano. Atualmente, o ecossistema de inova\u00e7\u00e3o do Brasil conta com 363 incubadoras de empresas, 43 parques tecnol\u00f3gicos em opera\u00e7\u00e3o e 60 em implanta\u00e7\u00e3o e projeto, e 57 aceleradoras. Reconhecidos como importantes ferramentas de &hellip;<\/p>\n<p class=\"read-more\"> <a class=\"\" href=\"https:\/\/anprotec.org.br\/cerne\/conceito\/historico\/\"> <span class=\"screen-reader-text\">Hist\u00f3rico<\/span> Leia mais &raquo;<\/a><\/p>\n","protected":false},"author":1,"featured_media":0,"parent":890,"menu_order":0,"comment_status":"closed","ping_status":"closed","template":"","meta":{"footnotes":""},"class_list":["post-899","page","type-page","status-publish","hentry"],"_links":{"self":[{"href":"https:\/\/anprotec.org.br\/cerne\/wp-json\/wp\/v2\/pages\/899","targetHints":{"allow":["GET"]}}],"collection":[{"href":"https:\/\/anprotec.org.br\/cerne\/wp-json\/wp\/v2\/pages"}],"about":[{"href":"https:\/\/anprotec.org.br\/cerne\/wp-json\/wp\/v2\/types\/page"}],"author":[{"embeddable":true,"href":"https:\/\/anprotec.org.br\/cerne\/wp-json\/wp\/v2\/users\/1"}],"replies":[{"embeddable":true,"href":"https:\/\/anprotec.org.br\/cerne\/wp-json\/wp\/v2\/comments?post=899"}],"version-history":[{"count":12,"href":"https:\/\/anprotec.org.br\/cerne\/wp-json\/wp\/v2\/pages\/899\/revisions"}],"predecessor-version":[{"id":990,"href":"https:\/\/anprotec.org.br\/cerne\/wp-json\/wp\/v2\/pages\/899\/revisions\/990"}],"up":[{"embeddable":true,"href":"https:\/\/anprotec.org.br\/cerne\/wp-json\/wp\/v2\/pages\/890"}],"wp:attachment":[{"href":"https:\/\/anprotec.org.br\/cerne\/wp-json\/wp\/v2\/media?parent=899"}],"curies":[{"name":"wp","href":"https:\/\/api.w.org\/{rel}","templated":true}]}}