{"id":898,"date":"2022-05-10T20:05:40","date_gmt":"2022-05-10T20:05:40","guid":{"rendered":"https:\/\/projetos.lacom.ag\/cerne\/?page_id=898"},"modified":"2022-05-10T20:52:07","modified_gmt":"2022-05-10T20:52:07","slug":"principios","status":"publish","type":"page","link":"https:\/\/anprotec.org.br\/cerne\/conceito\/principios\/","title":{"rendered":"Princ\u00edpios"},"content":{"rendered":"\t\t<div data-elementor-type=\"wp-page\" data-elementor-id=\"898\" data-post-id=\"898\" data-obj-id=\"898\" class=\"elementor elementor-898 dce-elementor-post-898\">\n\t\t\t\t\t\t<div class=\"elementor-inner\">\n\t\t\t\t<div class=\"elementor-section-wrap\">\n\t\t\t\t\t\t\t<div class=\"elementor-element elementor-element-45b8e00 e-container--column e-container\" data-id=\"45b8e00\" data-element_type=\"container\">\t\t\t\t<div class=\"elementor-element elementor-element-10fc766 elementor-widget elementor-widget-heading\" data-id=\"10fc766\" data-element_type=\"widget\" data-widget_type=\"heading.default\">\n\t\t\t\t<div class=\"elementor-widget-container\">\n\t\t\t<h2 class=\"elementor-heading-title elementor-size-default\">Princ\u00edpios<\/h2>\t\t<\/div>\n\t\t\t\t<\/div>\n\t\t\t\t<div class=\"elementor-element elementor-element-0c513e1 elementor-widget elementor-widget-text-editor\" data-id=\"0c513e1\" data-element_type=\"widget\" data-widget_type=\"text-editor.default\">\n\t\t\t\t<div class=\"elementor-widget-container\">\n\t\t\t\t\t\t\t\t<div class=\"elementor-text-editor elementor-clearfix\">\n\t\t\t\t<p>A defini\u00e7\u00e3o e o detalhamento dos sistemas relativos aos processos-chave a serem implantados s\u00e3o muito importantes para que os ambientes de inova\u00e7\u00e3o obtenham melhorias significativas na gera\u00e7\u00e3o de empreendimentos inovadores bem-sucedidos. Antes disso, entretanto, \u00e9 importante compreender o conjunto de princ\u00edpios sobre os quais os processos e pr\u00e1ticas est\u00e3o estruturados.<\/p>\n<p><b>&#8211; Foco nos empreendimentos:<\/b> a a\u00e7\u00e3o do ambiente de inova\u00e7\u00e3o deve ser focada na agrega\u00e7\u00e3o de valor para os empreendimentos apoiados. Assim, toda a aten\u00e7\u00e3o da equipe de gest\u00e3o deve ser no sentido de identificar dificuldades e oportunidades, de forma a acelerar e ampliar o sucesso dos empreendimentos.<\/p>\n<p><b>&#8211; Foco nos processos:<\/b> os processos utilizados pelo ambiente de inova\u00e7\u00e3o influenciam os resultados obtidos. Dessa forma, para melhorar seus resultados (n\u00famero de empresas apoiadas, taxa de sucesso, entre outros) o ambiente de inova\u00e7\u00e3o deve focar nos processos que definem esses resultados.<\/p>\n<p><b>&#8211; \u00c9tica: <\/b>as a\u00e7\u00f5es do ambiente de inova\u00e7\u00e3o e das empresas apoiadas devem estar em sintonia com os valores da sociedade.<\/p>\n<p><b>&#8211; Sustentabilidade: <\/b>o ambiente de inova\u00e7\u00e3o deve ser economicamente vi\u00e1vel, socialmente justa e ambientalmente correta.<\/p>\n<p><b>&#8211; Responsabilidade:<\/b> o ambiente de inova\u00e7\u00e3o deve responder por suas a\u00e7\u00f5es e omiss\u00f5es, agindo de maneira ativa para melhorar a sociedade da qual faz parte.<\/p>\n<p><b>&#8211; Melhoria cont\u00ednua:<\/b> este princ\u00edpio implica que o ambiente de inova\u00e7\u00e3o deve aprimorar, continuamente, seus processos e resultados.<\/p>\n<p><b>&#8211; Desenvolvimento humano: <\/b>o ambiente de inova\u00e7\u00e3o deve dar prioridade \u00e0 evolu\u00e7\u00e3o pessoal e profissional dos membros da equipe de gest\u00e3o, enfatizando a autogest\u00e3o e o autocontrole.<\/p>\n<p><b>&#8211; Gest\u00e3o transparente e participativa:<\/b> as a\u00e7\u00f5es da incubadora devem ser realizadas de forma colaborativa. Adicionalmente, todos os processos e resultados devem ser informados de forma transparente aos diferentes atores do processo de inova\u00e7\u00e3o.<\/p>\t\t\t\t\t<\/div>\n\t\t\t\t\t\t<\/div>\n\t\t\t\t<\/div>\n\t\t<\/div>\t\t\t\t\t\t\t<\/div>\n\t\t\t<\/div>\n\t\t\t\t\t<\/div>\n\t\t","protected":false},"excerpt":{"rendered":"<p>Princ\u00edpios A defini\u00e7\u00e3o e o detalhamento dos sistemas relativos aos processos-chave a serem implantados s\u00e3o muito importantes para que os ambientes de inova\u00e7\u00e3o obtenham melhorias significativas na gera\u00e7\u00e3o de empreendimentos inovadores bem-sucedidos. Antes disso, entretanto, \u00e9 importante compreender o conjunto de princ\u00edpios sobre os quais os processos e pr\u00e1ticas est\u00e3o estruturados. &#8211; Foco nos empreendimentos: &hellip;<\/p>\n<p class=\"read-more\"> <a class=\"\" href=\"https:\/\/anprotec.org.br\/cerne\/conceito\/principios\/\"> <span class=\"screen-reader-text\">Princ\u00edpios<\/span> Leia mais &raquo;<\/a><\/p>\n","protected":false},"author":1,"featured_media":0,"parent":890,"menu_order":0,"comment_status":"closed","ping_status":"closed","template":"","meta":{"footnotes":""},"class_list":["post-898","page","type-page","status-publish","hentry"],"_links":{"self":[{"href":"https:\/\/anprotec.org.br\/cerne\/wp-json\/wp\/v2\/pages\/898","targetHints":{"allow":["GET"]}}],"collection":[{"href":"https:\/\/anprotec.org.br\/cerne\/wp-json\/wp\/v2\/pages"}],"about":[{"href":"https:\/\/anprotec.org.br\/cerne\/wp-json\/wp\/v2\/types\/page"}],"author":[{"embeddable":true,"href":"https:\/\/anprotec.org.br\/cerne\/wp-json\/wp\/v2\/users\/1"}],"replies":[{"embeddable":true,"href":"https:\/\/anprotec.org.br\/cerne\/wp-json\/wp\/v2\/comments?post=898"}],"version-history":[{"count":14,"href":"https:\/\/anprotec.org.br\/cerne\/wp-json\/wp\/v2\/pages\/898\/revisions"}],"predecessor-version":[{"id":984,"href":"https:\/\/anprotec.org.br\/cerne\/wp-json\/wp\/v2\/pages\/898\/revisions\/984"}],"up":[{"embeddable":true,"href":"https:\/\/anprotec.org.br\/cerne\/wp-json\/wp\/v2\/pages\/890"}],"wp:attachment":[{"href":"https:\/\/anprotec.org.br\/cerne\/wp-json\/wp\/v2\/media?parent=898"}],"curies":[{"name":"wp","href":"https:\/\/api.w.org\/{rel}","templated":true}]}}