{"id":890,"date":"2022-05-10T19:35:06","date_gmt":"2022-05-10T19:35:06","guid":{"rendered":"https:\/\/projetos.lacom.ag\/cerne\/?page_id=890"},"modified":"2022-05-10T21:11:43","modified_gmt":"2022-05-10T21:11:43","slug":"conceito","status":"publish","type":"page","link":"https:\/\/anprotec.org.br\/cerne\/conceito\/","title":{"rendered":"Conceito"},"content":{"rendered":"\t\t<div data-elementor-type=\"wp-page\" data-elementor-id=\"890\" data-post-id=\"890\" data-obj-id=\"890\" class=\"elementor elementor-890 dce-elementor-post-890\">\n\t\t\t\t\t\t<div class=\"elementor-inner\">\n\t\t\t\t<div class=\"elementor-section-wrap\">\n\t\t\t\t\t\t\t<div class=\"elementor-element elementor-element-45b8e00 e-container--column e-container\" data-id=\"45b8e00\" data-element_type=\"container\">\t\t\t\t<div class=\"elementor-element elementor-element-10fc766 elementor-widget elementor-widget-heading\" data-id=\"10fc766\" data-element_type=\"widget\" data-widget_type=\"heading.default\">\n\t\t\t\t<div class=\"elementor-widget-container\">\n\t\t\t<h2 class=\"elementor-heading-title elementor-size-default\">Conceito<\/h2>\t\t<\/div>\n\t\t\t\t<\/div>\n\t\t\t\t<div class=\"elementor-element elementor-element-0c513e1 elementor-widget elementor-widget-text-editor\" data-id=\"0c513e1\" data-element_type=\"widget\" data-widget_type=\"text-editor.default\">\n\t\t\t\t<div class=\"elementor-widget-container\">\n\t\t\t\t\t\t\t\t<div class=\"elementor-text-editor elementor-clearfix\">\n\t\t\t\t<p>O Centro de Refer\u00eancia para Apoio a Novos Empreendimentos (Cerne) \u00e9 uma plataforma que visa promover a melhoria expressiva nos resultados dos ambientes de inova\u00e7\u00e3o (incubadoras, pr\u00e9-incubadoras, aceleradoras, hubs de inova\u00e7\u00e3o, dentre outros)de diferentes setores de atua\u00e7\u00e3o.<\/p><p>Para isso, o CERNE foi estruturado como um modelo de maturidade da capacidade do ambiente de inova\u00e7\u00e3o em gerar, sistematicamente, empreendimentos inovadores de sucesso.<\/p><p>Dessa forma, cria-se uma base de refer\u00eancia para que os ambientes de inova\u00e7\u00e3o de diferentes \u00e1reas e portes possam reduzir o n\u00edvel de variabilidade na gera\u00e7\u00e3o de empreendimentos bem-sucedidos.<\/p>\t\t\t\t\t<\/div>\n\t\t\t\t\t\t<\/div>\n\t\t\t\t<\/div>\n\t\t<\/div>\t\t\t\t\t\t\t<\/div>\n\t\t\t<\/div>\n\t\t\t\t\t<\/div>\n\t\t","protected":false},"excerpt":{"rendered":"<p>Conceito O Centro de Refer\u00eancia para Apoio a Novos Empreendimentos (Cerne) \u00e9 uma plataforma que visa promover a melhoria expressiva nos resultados dos ambientes de inova\u00e7\u00e3o (incubadoras, pr\u00e9-incubadoras, aceleradoras, hubs de inova\u00e7\u00e3o, dentre outros)de diferentes setores de atua\u00e7\u00e3o. Para isso, o CERNE foi estruturado como um modelo de maturidade da capacidade do ambiente de inova\u00e7\u00e3o &hellip;<\/p>\n<p class=\"read-more\"> <a class=\"\" href=\"https:\/\/anprotec.org.br\/cerne\/conceito\/\"> <span class=\"screen-reader-text\">Conceito<\/span> Leia mais &raquo;<\/a><\/p>\n","protected":false},"author":1,"featured_media":0,"parent":0,"menu_order":0,"comment_status":"closed","ping_status":"closed","template":"","meta":{"footnotes":""},"class_list":["post-890","page","type-page","status-publish","hentry"],"_links":{"self":[{"href":"https:\/\/anprotec.org.br\/cerne\/wp-json\/wp\/v2\/pages\/890","targetHints":{"allow":["GET"]}}],"collection":[{"href":"https:\/\/anprotec.org.br\/cerne\/wp-json\/wp\/v2\/pages"}],"about":[{"href":"https:\/\/anprotec.org.br\/cerne\/wp-json\/wp\/v2\/types\/page"}],"author":[{"embeddable":true,"href":"https:\/\/anprotec.org.br\/cerne\/wp-json\/wp\/v2\/users\/1"}],"replies":[{"embeddable":true,"href":"https:\/\/anprotec.org.br\/cerne\/wp-json\/wp\/v2\/comments?post=890"}],"version-history":[{"count":17,"href":"https:\/\/anprotec.org.br\/cerne\/wp-json\/wp\/v2\/pages\/890\/revisions"}],"predecessor-version":[{"id":1010,"href":"https:\/\/anprotec.org.br\/cerne\/wp-json\/wp\/v2\/pages\/890\/revisions\/1010"}],"wp:attachment":[{"href":"https:\/\/anprotec.org.br\/cerne\/wp-json\/wp\/v2\/media?parent=890"}],"curies":[{"name":"wp","href":"https:\/\/api.w.org\/{rel}","templated":true}]}}