{"id":876,"date":"2022-05-10T18:40:52","date_gmt":"2022-05-10T18:40:52","guid":{"rendered":"https:\/\/projetos.lacom.ag\/cerne\/?page_id=876"},"modified":"2022-05-10T21:16:04","modified_gmt":"2022-05-10T21:16:04","slug":"planejamento-e-implantacao-de-ambientes-de-inovacao","status":"publish","type":"page","link":"https:\/\/anprotec.org.br\/cerne\/agenda-de-cursos\/planejamento-e-implantacao-de-ambientes-de-inovacao\/","title":{"rendered":"Planejamento e Implanta\u00e7\u00e3o de Ambientes de Inova\u00e7\u00e3o"},"content":{"rendered":"\t\t<div data-elementor-type=\"wp-page\" data-elementor-id=\"876\" data-post-id=\"876\" data-obj-id=\"876\" class=\"elementor elementor-876 dce-elementor-post-876\">\n\t\t\t\t\t\t<div class=\"elementor-inner\">\n\t\t\t\t<div class=\"elementor-section-wrap\">\n\t\t\t\t\t\t\t<div class=\"elementor-element elementor-element-2c75138 e-container--column e-container\" data-id=\"2c75138\" data-element_type=\"container\">\t\t\t\t<div class=\"elementor-element elementor-element-ec90ae7 elementor-widget elementor-widget-heading\" data-id=\"ec90ae7\" data-element_type=\"widget\" data-widget_type=\"heading.default\">\n\t\t\t\t<div class=\"elementor-widget-container\">\n\t\t\t<h2 class=\"elementor-heading-title elementor-size-default\">Planejamento e Implanta\u00e7\u00e3o de Ambientes de Inova\u00e7\u00e3o<\/h2>\t\t<\/div>\n\t\t\t\t<\/div>\n\t\t\t\t<div class=\"elementor-element elementor-element-e1c3889 elementor-widget elementor-widget-text-editor\" data-id=\"e1c3889\" data-element_type=\"widget\" data-widget_type=\"text-editor.default\">\n\t\t\t\t<div class=\"elementor-widget-container\">\n\t\t\t\t\t\t\t\t<div class=\"elementor-text-editor elementor-clearfix\">\n\t\t\t\t<p>Objetivo: Capacitar os participantes para planejar a implanta\u00e7\u00e3o de um ambiente ou mecanismo de inova\u00e7\u00e3o (incubadora, aceleradora, coworking etc.) e gerar um efeito positivo em sua regi\u00e3o de atua\u00e7\u00e3o, a Anprotec abre mais uma turma do curso digital de Planejamento e Implanta\u00e7\u00e3o de Ambientes de Inova\u00e7\u00e3o, que, assim como nas edi\u00e7\u00f5es do ano passado, tamb\u00e9m ser\u00e1 realizado a partir de lives e exerc\u00edcios.<\/p><p>Ao final, cada participante ter\u00e1 um plano de implanta\u00e7\u00e3o definido do ambiente ou mecanismo de inova\u00e7\u00e3o, constru\u00eddo a partir da intera\u00e7\u00e3o com os demais atores do ecossistema de inova\u00e7\u00e3o e avaliado pela equipe da Anprotec.<\/p><p><a href=\"https:\/\/anprotec.org.br\/site\/wp-content\/uploads\/2021\/01\/Ambientes_Inovacao_Anprotec2021.pdf\">Confira a metodologia.<\/a><\/p>\t\t\t\t\t<\/div>\n\t\t\t\t\t\t<\/div>\n\t\t\t\t<\/div>\n\t\t<\/div>\t\t\t\t\t\t\t<\/div>\n\t\t\t<\/div>\n\t\t\t\t\t<\/div>\n\t\t","protected":false},"excerpt":{"rendered":"<p>Planejamento e Implanta\u00e7\u00e3o de Ambientes de Inova\u00e7\u00e3o Objetivo: Capacitar os participantes para planejar a implanta\u00e7\u00e3o de um ambiente ou mecanismo de inova\u00e7\u00e3o (incubadora, aceleradora, coworking etc.) e gerar um efeito positivo em sua regi\u00e3o de atua\u00e7\u00e3o, a Anprotec abre mais uma turma do curso digital de Planejamento e Implanta\u00e7\u00e3o de Ambientes de Inova\u00e7\u00e3o, que, assim &hellip;<\/p>\n<p class=\"read-more\"> <a class=\"\" href=\"https:\/\/anprotec.org.br\/cerne\/agenda-de-cursos\/planejamento-e-implantacao-de-ambientes-de-inovacao\/\"> <span class=\"screen-reader-text\">Planejamento e Implanta\u00e7\u00e3o de Ambientes de Inova\u00e7\u00e3o<\/span> Leia mais &raquo;<\/a><\/p>\n","protected":false},"author":1,"featured_media":0,"parent":730,"menu_order":0,"comment_status":"closed","ping_status":"closed","template":"","meta":{"footnotes":""},"class_list":["post-876","page","type-page","status-publish","hentry"],"_links":{"self":[{"href":"https:\/\/anprotec.org.br\/cerne\/wp-json\/wp\/v2\/pages\/876","targetHints":{"allow":["GET"]}}],"collection":[{"href":"https:\/\/anprotec.org.br\/cerne\/wp-json\/wp\/v2\/pages"}],"about":[{"href":"https:\/\/anprotec.org.br\/cerne\/wp-json\/wp\/v2\/types\/page"}],"author":[{"embeddable":true,"href":"https:\/\/anprotec.org.br\/cerne\/wp-json\/wp\/v2\/users\/1"}],"replies":[{"embeddable":true,"href":"https:\/\/anprotec.org.br\/cerne\/wp-json\/wp\/v2\/comments?post=876"}],"version-history":[{"count":7,"href":"https:\/\/anprotec.org.br\/cerne\/wp-json\/wp\/v2\/pages\/876\/revisions"}],"predecessor-version":[{"id":1031,"href":"https:\/\/anprotec.org.br\/cerne\/wp-json\/wp\/v2\/pages\/876\/revisions\/1031"}],"up":[{"embeddable":true,"href":"https:\/\/anprotec.org.br\/cerne\/wp-json\/wp\/v2\/pages\/730"}],"wp:attachment":[{"href":"https:\/\/anprotec.org.br\/cerne\/wp-json\/wp\/v2\/media?parent=876"}],"curies":[{"name":"wp","href":"https:\/\/api.w.org\/{rel}","templated":true}]}}