{"id":875,"date":"2022-05-10T18:40:50","date_gmt":"2022-05-10T18:40:50","guid":{"rendered":"https:\/\/projetos.lacom.ag\/cerne\/?page_id=875"},"modified":"2022-05-10T21:16:19","modified_gmt":"2022-05-10T21:16:19","slug":"curso-de-implantacao-cerne","status":"publish","type":"page","link":"https:\/\/anprotec.org.br\/cerne\/agenda-de-cursos\/curso-de-implantacao-cerne\/","title":{"rendered":"Curso de Implanta\u00e7\u00e3o Cerne"},"content":{"rendered":"\t\t<div data-elementor-type=\"wp-page\" data-elementor-id=\"875\" data-post-id=\"875\" data-obj-id=\"875\" class=\"elementor elementor-875 dce-elementor-post-875\">\n\t\t\t\t\t\t<div class=\"elementor-inner\">\n\t\t\t\t<div class=\"elementor-section-wrap\">\n\t\t\t\t\t\t\t<div class=\"elementor-element elementor-element-2c75138 e-container--column e-container\" data-id=\"2c75138\" data-element_type=\"container\">\t\t\t\t<div class=\"elementor-element elementor-element-d78c9ab elementor-widget elementor-widget-heading\" data-id=\"d78c9ab\" data-element_type=\"widget\" data-widget_type=\"heading.default\">\n\t\t\t\t<div class=\"elementor-widget-container\">\n\t\t\t<h2 class=\"elementor-heading-title elementor-size-default\">Curso de Implanta\u00e7\u00e3o Cerne<\/h2>\t\t<\/div>\n\t\t\t\t<\/div>\n\t\t\t\t<div class=\"elementor-element elementor-element-133289f elementor-widget elementor-widget-text-editor\" data-id=\"133289f\" data-element_type=\"widget\" data-widget_type=\"text-editor.default\">\n\t\t\t\t<div class=\"elementor-widget-container\">\n\t\t\t\t\t\t\t\t<div class=\"elementor-text-editor elementor-clearfix\">\n\t\t\t\t<p><strong>Objetivo:<\/strong> Tornar os participantes capazes de planejar e implantar os processos e pr\u00e1ticas propostos pelo Modelo CERNE<\/p><p><strong>Conte\u00fado:<\/strong> Cada m\u00f3dulo do curso come\u00e7ar\u00e1 com uma \u201clive\u201d que apresentar\u00e1 os conte\u00fados a serem trabalhados e que formam o conhecimento b\u00e1sico para o planejamento e implanta\u00e7\u00e3o dos processos e pr\u00e1ticas chaves do CERNE. Essa apresenta\u00e7\u00e3o ser\u00e1 feita por meio de videoconfer\u00eancia (Zoom), de maneira dialogada, em que os participantes ser\u00e3o estimulados a interagirem, aplicando os conte\u00fados \u00e0 sua pr\u00f3pria realidade.<\/p><p>A partir do que foi apresentado durante a live, as equipes ir\u00e3o aplicar os conte\u00fados para o caso espec\u00edfico da incubadora definido pela equipe. Cada tarefa \u00e9 um passo na dire\u00e7\u00e3o do planejamento e implanta\u00e7\u00e3o do CERNE.<\/p><p>As tarefas realizadas pelas equipes ser\u00e3o apresentadas em uma live, onde os demais participantes poder\u00e3o interagir, contribuindo para a melhoria do projeto. Adicionalmente, cada equipe receber\u00e1 o feedback dos professores para tornar o projeto mais adequado \u00e0 realidade da incubadora definida.<\/p><p><a href=\"https:\/\/anprotec.org.br\/cerne\/wp-content\/uploads\/2021\/12\/Cerne-Digital-2021_Ementa-Metodologia.pdf\">Confira a metodologia<\/a><\/p>\t\t\t\t\t<\/div>\n\t\t\t\t\t\t<\/div>\n\t\t\t\t<\/div>\n\t\t<\/div>\t\t\t\t\t\t\t<\/div>\n\t\t\t<\/div>\n\t\t\t\t\t<\/div>\n\t\t","protected":false},"excerpt":{"rendered":"<p>Curso de Implanta\u00e7\u00e3o Cerne Objetivo: Tornar os participantes capazes de planejar e implantar os processos e pr\u00e1ticas propostos pelo Modelo CERNE Conte\u00fado: Cada m\u00f3dulo do curso come\u00e7ar\u00e1 com uma \u201clive\u201d que apresentar\u00e1 os conte\u00fados a serem trabalhados e que formam o conhecimento b\u00e1sico para o planejamento e implanta\u00e7\u00e3o dos processos e pr\u00e1ticas chaves do CERNE. &hellip;<\/p>\n<p class=\"read-more\"> <a class=\"\" href=\"https:\/\/anprotec.org.br\/cerne\/agenda-de-cursos\/curso-de-implantacao-cerne\/\"> <span class=\"screen-reader-text\">Curso de Implanta\u00e7\u00e3o Cerne<\/span> Leia mais &raquo;<\/a><\/p>\n","protected":false},"author":1,"featured_media":0,"parent":730,"menu_order":0,"comment_status":"closed","ping_status":"closed","template":"","meta":{"footnotes":""},"class_list":["post-875","page","type-page","status-publish","hentry"],"_links":{"self":[{"href":"https:\/\/anprotec.org.br\/cerne\/wp-json\/wp\/v2\/pages\/875","targetHints":{"allow":["GET"]}}],"collection":[{"href":"https:\/\/anprotec.org.br\/cerne\/wp-json\/wp\/v2\/pages"}],"about":[{"href":"https:\/\/anprotec.org.br\/cerne\/wp-json\/wp\/v2\/types\/page"}],"author":[{"embeddable":true,"href":"https:\/\/anprotec.org.br\/cerne\/wp-json\/wp\/v2\/users\/1"}],"replies":[{"embeddable":true,"href":"https:\/\/anprotec.org.br\/cerne\/wp-json\/wp\/v2\/comments?post=875"}],"version-history":[{"count":7,"href":"https:\/\/anprotec.org.br\/cerne\/wp-json\/wp\/v2\/pages\/875\/revisions"}],"predecessor-version":[{"id":1034,"href":"https:\/\/anprotec.org.br\/cerne\/wp-json\/wp\/v2\/pages\/875\/revisions\/1034"}],"up":[{"embeddable":true,"href":"https:\/\/anprotec.org.br\/cerne\/wp-json\/wp\/v2\/pages\/730"}],"wp:attachment":[{"href":"https:\/\/anprotec.org.br\/cerne\/wp-json\/wp\/v2\/media?parent=875"}],"curies":[{"name":"wp","href":"https:\/\/api.w.org\/{rel}","templated":true}]}}