{"id":865,"date":"2022-05-10T18:33:54","date_gmt":"2022-05-10T18:33:54","guid":{"rendered":"https:\/\/projetos.lacom.ag\/cerne\/?page_id=865"},"modified":"2022-05-10T21:13:48","modified_gmt":"2022-05-10T21:13:48","slug":"documentos-cerne","status":"publish","type":"page","link":"https:\/\/anprotec.org.br\/cerne\/artigos\/documentos-cerne\/","title":{"rendered":"Documentos Cerne"},"content":{"rendered":"\t\t<div data-elementor-type=\"wp-page\" data-elementor-id=\"865\" data-post-id=\"865\" data-obj-id=\"865\" class=\"elementor elementor-865 dce-elementor-post-865\">\n\t\t\t\t\t\t<div class=\"elementor-inner\">\n\t\t\t\t<div class=\"elementor-section-wrap\">\n\t\t\t\t\t\t\t<div class=\"elementor-element elementor-element-45b8e00 e-container--column e-container\" data-id=\"45b8e00\" data-element_type=\"container\">\t\t\t\t<div class=\"elementor-element elementor-element-676e435 elementor-widget elementor-widget-heading\" data-id=\"676e435\" data-element_type=\"widget\" data-widget_type=\"heading.default\">\n\t\t\t\t<div class=\"elementor-widget-container\">\n\t\t\t<h2 class=\"elementor-heading-title elementor-size-default\">Documentos Cerne<\/h2>\t\t<\/div>\n\t\t\t\t<\/div>\n\t\t\t\t<div class=\"elementor-element elementor-element-465ace3 elementor-widget elementor-widget-text-editor\" data-id=\"465ace3\" data-element_type=\"widget\" data-widget_type=\"text-editor.default\">\n\t\t\t\t<div class=\"elementor-widget-container\">\n\t\t\t\t\t\t\t\t<div class=\"elementor-text-editor elementor-clearfix\">\n\t\t\t\t<p>Diferentes documentos apresentam o modelo Cerne, em tr\u00eas n\u00edveis.<\/p><ul><li><a href=\"https:\/\/anprotec.org.br\/site\/wp-content\/uploads\/2018\/09\/CERNE_2018_Sumario_Executivo_Revis%C3%A3o-19.07.pdf\">Sum\u00e1rio Executivo<\/a>: Destinado a dirigentes de incubadoras. Apresenta a vis\u00e3o geral, princ\u00edpios e vantagens da implanta\u00e7\u00e3o do modelo.<\/li><li>Termo de Refer\u00eancia: Destinado a gerentes, consultores e auditores. Apresenta princ\u00edpios, estrutura e o detalhamento do modelo, incluindo todos os processos-chave e as pr\u00e1ticas-chave que devem ser adotados pelas incubadoras.<\/li><li>Manual de Implanta\u00e7\u00e3o: Destinado a gerentes, consultores e auditores. Apresenta a log\u00edstica da implanta\u00e7\u00e3o, planejamento da implanta\u00e7\u00e3o e detalhamento das pr\u00e1ticas. Esse documento busca esclarecer e facilitar o processo de implanta\u00e7\u00e3o do Cerne, incluindo as evid\u00eancias a serem apresentadas durante o processo de certifica\u00e7\u00e3o.<\/li><\/ul>\t\t\t\t\t<\/div>\n\t\t\t\t\t\t<\/div>\n\t\t\t\t<\/div>\n\t\t<\/div>\t\t\t\t\t\t\t<\/div>\n\t\t\t<\/div>\n\t\t\t\t\t<\/div>\n\t\t","protected":false},"excerpt":{"rendered":"<p>Documentos Cerne Diferentes documentos apresentam o modelo Cerne, em tr\u00eas n\u00edveis. Sum\u00e1rio Executivo: Destinado a dirigentes de incubadoras. Apresenta a vis\u00e3o geral, princ\u00edpios e vantagens da implanta\u00e7\u00e3o do modelo. Termo de Refer\u00eancia: Destinado a gerentes, consultores e auditores. Apresenta princ\u00edpios, estrutura e o detalhamento do modelo, incluindo todos os processos-chave e as pr\u00e1ticas-chave que devem &hellip;<\/p>\n<p class=\"read-more\"> <a class=\"\" href=\"https:\/\/anprotec.org.br\/cerne\/artigos\/documentos-cerne\/\"> <span class=\"screen-reader-text\">Documentos Cerne<\/span> Leia mais &raquo;<\/a><\/p>\n","protected":false},"author":1,"featured_media":0,"parent":19,"menu_order":0,"comment_status":"closed","ping_status":"closed","template":"","meta":{"footnotes":""},"class_list":["post-865","page","type-page","status-publish","hentry"],"_links":{"self":[{"href":"https:\/\/anprotec.org.br\/cerne\/wp-json\/wp\/v2\/pages\/865","targetHints":{"allow":["GET"]}}],"collection":[{"href":"https:\/\/anprotec.org.br\/cerne\/wp-json\/wp\/v2\/pages"}],"about":[{"href":"https:\/\/anprotec.org.br\/cerne\/wp-json\/wp\/v2\/types\/page"}],"author":[{"embeddable":true,"href":"https:\/\/anprotec.org.br\/cerne\/wp-json\/wp\/v2\/users\/1"}],"replies":[{"embeddable":true,"href":"https:\/\/anprotec.org.br\/cerne\/wp-json\/wp\/v2\/comments?post=865"}],"version-history":[{"count":7,"href":"https:\/\/anprotec.org.br\/cerne\/wp-json\/wp\/v2\/pages\/865\/revisions"}],"predecessor-version":[{"id":1019,"href":"https:\/\/anprotec.org.br\/cerne\/wp-json\/wp\/v2\/pages\/865\/revisions\/1019"}],"up":[{"embeddable":true,"href":"https:\/\/anprotec.org.br\/cerne\/wp-json\/wp\/v2\/pages\/19"}],"wp:attachment":[{"href":"https:\/\/anprotec.org.br\/cerne\/wp-json\/wp\/v2\/media?parent=865"}],"curies":[{"name":"wp","href":"https:\/\/api.w.org\/{rel}","templated":true}]}}