{"id":849,"date":"2022-05-10T18:13:57","date_gmt":"2022-05-10T18:13:57","guid":{"rendered":"https:\/\/projetos.lacom.ag\/cerne\/?page_id=849"},"modified":"2024-06-05T18:25:23","modified_gmt":"2024-06-05T18:25:23","slug":"certificadoras","status":"publish","type":"page","link":"https:\/\/anprotec.org.br\/cerne\/consultores\/certificadoras\/","title":{"rendered":"Certificadoras"},"content":{"rendered":"\t\t<div data-elementor-type=\"wp-page\" data-elementor-id=\"849\" data-post-id=\"849\" data-obj-id=\"849\" class=\"elementor elementor-849 dce-elementor-post-849\">\n\t\t\t\t\t\t<div class=\"elementor-inner\">\n\t\t\t\t<div class=\"elementor-section-wrap\">\n\t\t\t\t\t\t\t\t\t<section class=\"elementor-section elementor-top-section elementor-element elementor-element-45d7ff7 elementor-section-boxed elementor-section-height-default elementor-section-height-default\" data-id=\"45d7ff7\" data-element_type=\"section\" data-settings=\"{&quot;jet_parallax_layout_list&quot;:[]}\">\n\t\t\t\t\t\t<div class=\"elementor-container elementor-column-gap-default\">\n\t\t\t\t\t\t\t<div class=\"elementor-row\">\n\t\t\t\t\t<div class=\"elementor-column elementor-col-100 elementor-top-column elementor-element elementor-element-fecba3a\" data-id=\"fecba3a\" data-element_type=\"column\">\n\t\t\t<div class=\"elementor-column-wrap elementor-element-populated\">\n\t\t\t\t\t\t\t<div class=\"elementor-widget-wrap\">\n\t\t\t\t\t\t<div class=\"elementor-element elementor-element-d2449cb elementor-widget elementor-widget-heading\" data-id=\"d2449cb\" data-element_type=\"widget\" data-widget_type=\"heading.default\">\n\t\t\t\t<div class=\"elementor-widget-container\">\n\t\t\t<h2 class=\"elementor-heading-title elementor-size-default\">Certificadoras<\/h2>\t\t<\/div>\n\t\t\t\t<\/div>\n\t\t\t\t<div class=\"elementor-element elementor-element-ccb1945 elementor-widget elementor-widget-text-editor\" data-id=\"ccb1945\" data-element_type=\"widget\" data-widget_type=\"text-editor.default\">\n\t\t\t\t<div class=\"elementor-widget-container\">\n\t\t\t\t\t\t\t\t<div class=\"elementor-text-editor elementor-clearfix\">\n\t\t\t\t<p><b>ICV Brasil, Inspe\u00e7\u00e3o, Certifica\u00e7\u00e3o e Vistoria Ltda.<br><\/b>Nome Fantasia: ICV BRASIL<br>Telefone:(11) 3150-0663\/ (61) 993702544<br>Rua General Jardim, 633, G1, Conj. 12, Vila Buarque, S\u00e3o Paulo, SP<br>Avaliador credenciado: Marly Kotani<br>Vig\u00eancia do credenciamento: 26\/09\/2023<br>comercial2@icvbrasil.com<br>Vig\u00eancia: 30\/04\/2025<br><\/p>\n<p><b>Valor e Foco Consultoria em Engenharia S\/S EPP V&amp;F<br><\/b>Nome Fantasia: VALOR &amp; FOCO<br>Telefone: (48)3234-0087<br>Rod. SC 401 Km 01, n\u00ba 600, Ed. Celta, Florian\u00f3polis, SC<br>Avaliador credenciado: Guilherme Gui\u00e3o Coelho Neubert<br>Vig\u00eancia do credenciamento: 23\/9\/2023<br>comercial@valorefoco.com.br<br>Vig\u00eancia: 30\/04\/2025<br><\/p>\n<p><b>EFL mais FBL Consultoria Empresarial Ltda<br><\/b>Nome Fantasia: EFL + FBL Consultoria Empresarial<br>Telefone: (51)99315-5579<br>Rua Buenos Aires, 583, SALA 301 \u2013 Jardim Botanico \u2013 Porto Alegre \u2013 RS CEP 90670-130<br>Avaliador credenciado: Evaristo Fernandes Lima<br>Vig\u00eancia do credenciamento: 09\/11\/2023<br>evaristo@eflmaisfbl.com \/ efl1806@gmail.com<br>Vig\u00eancia: 30\/04\/2025<br><\/p>\n<p><b>Azambuja e Gast\u00e3o LTDA<br><\/b>Nome Fantasia: F2 Gest\u00e3o Empresarial<br>Telefone: (51)99226-2734<br>Rua Eduardo Willrich, 113, Centro \u2013 Tr\u00eas Coroas \u2013 RS \u2013 CEP 95.660-000<br>Avaliador credenciado: Flaviano Gast\u00e3o J\u00fanior<br>Vig\u00eancia do credenciamento: 23\/11\/2023<br>flaviano@f2gestao.com.br<br>Vig\u00eancia: 30\/04\/2025<\/p>\n<p><b>IEITEC \u2013 Instituto Empresarial de Incuba\u00e7\u00e3o e Inova\u00e7\u00e3o Tecnol\u00f3gica<br><\/b>Nome fantasia: IEITEC<br>Telefone: (51) 2118-0900<br>AV. Ant\u00f4nio frederico Ozanan, 2019 \u2013 Canoas \u2013 RS<br>Avaliadores credenciados: Lidiane Samora de Ara\u00fajo e Mauricio Schneck<br>Vig\u00eancia do Credenciamento: 04 de fevereiro de 2024<br>daniela@ieitec.com.br<br>Vig\u00eancia: 30\/04\/2025<\/p><p><br><\/p>\n<p><b>Parceria Efetiva Consultoria e Treinamento Ltda<br><\/b>Nome Fantasia: Parceria Efetiva Consultoria<br>Telefone: (11) 99639-9141<br>e-mail: jaap1611@gmail.com; parceriaefetiva.consultoria@gmail.com<br>Endere\u00e7o: Rua Braga 266, Apto 112 \u2013 Vila Luzit\u00e2nia \u2013 S\u00e3o Bernardo do Campo\/SP<br>Avaliador Credenciado: Jos\u00e9 Antonio Alves Pereira<br>Vig\u00eancia: 30\/04\/2025<br><\/p>\n<p><b>Universidade Federal de Vi\u00e7osa<br><\/b>Nome Fantasia: UFV<br>Telefone: (31) 997040191<br>e-mail: ntg@ufv.br jucelia.lopes@ufv.br<br>Endere\u00e7o: Edif\u00edcio Sede s\/n \u2013 Campus Universit\u00e1rio \u2013 Vi\u00e7osa\/MG CEP: 36570-900<br>Avaliadora Credenciada: Juc\u00e9lia Maria Lopes Maia Roberto<br>Vig\u00eancia: 30\/04\/2025<\/p>\n<p>*Para realizar o processo de Certifica\u00e7\u00e3o, apenas o avaliador vinculado \u00e0 institui\u00e7\u00e3o credenciada poder\u00e1 realizar a auditoria, n\u00e3o sendo permitida a contrata\u00e7\u00e3o de outros auditores\/avaliadores n\u00e3o credenciados.<\/p>\t\t\t\t\t<\/div>\n\t\t\t\t\t\t<\/div>\n\t\t\t\t<\/div>\n\t\t\t\t\t\t<\/div>\n\t\t\t\t\t<\/div>\n\t\t<\/div>\n\t\t\t\t\t\t\t\t<\/div>\n\t\t\t\t\t<\/div>\n\t\t<\/section>\n\t\t\t\t\t\t\t\t\t<\/div>\n\t\t\t<\/div>\n\t\t\t\t\t<\/div>\n\t\t","protected":false},"excerpt":{"rendered":"<p>Certificadoras ICV Brasil, Inspe\u00e7\u00e3o, Certifica\u00e7\u00e3o e Vistoria Ltda.Nome Fantasia: ICV BRASILTelefone:(11) 3150-0663\/ (61) 993702544Rua General Jardim, 633, G1, Conj. 12, Vila Buarque, S\u00e3o Paulo, SPAvaliador credenciado: Marly KotaniVig\u00eancia do credenciamento: 26\/09\/2023comercial2@icvbrasil.comVig\u00eancia: 30\/04\/2025 Valor e Foco Consultoria em Engenharia S\/S EPP V&amp;FNome Fantasia: VALOR &amp; FOCOTelefone: (48)3234-0087Rod. SC 401 Km 01, n\u00ba 600, Ed. Celta, Florian\u00f3polis, &hellip;<\/p>\n<p class=\"read-more\"> <a class=\"\" href=\"https:\/\/anprotec.org.br\/cerne\/consultores\/certificadoras\/\"> <span class=\"screen-reader-text\">Certificadoras<\/span> Leia mais &raquo;<\/a><\/p>\n","protected":false},"author":1,"featured_media":0,"parent":759,"menu_order":0,"comment_status":"closed","ping_status":"closed","template":"","meta":{"footnotes":""},"class_list":["post-849","page","type-page","status-publish","hentry"],"_links":{"self":[{"href":"https:\/\/anprotec.org.br\/cerne\/wp-json\/wp\/v2\/pages\/849","targetHints":{"allow":["GET"]}}],"collection":[{"href":"https:\/\/anprotec.org.br\/cerne\/wp-json\/wp\/v2\/pages"}],"about":[{"href":"https:\/\/anprotec.org.br\/cerne\/wp-json\/wp\/v2\/types\/page"}],"author":[{"embeddable":true,"href":"https:\/\/anprotec.org.br\/cerne\/wp-json\/wp\/v2\/users\/1"}],"replies":[{"embeddable":true,"href":"https:\/\/anprotec.org.br\/cerne\/wp-json\/wp\/v2\/comments?post=849"}],"version-history":[{"count":13,"href":"https:\/\/anprotec.org.br\/cerne\/wp-json\/wp\/v2\/pages\/849\/revisions"}],"predecessor-version":[{"id":1522,"href":"https:\/\/anprotec.org.br\/cerne\/wp-json\/wp\/v2\/pages\/849\/revisions\/1522"}],"up":[{"embeddable":true,"href":"https:\/\/anprotec.org.br\/cerne\/wp-json\/wp\/v2\/pages\/759"}],"wp:attachment":[{"href":"https:\/\/anprotec.org.br\/cerne\/wp-json\/wp\/v2\/media?parent=849"}],"curies":[{"name":"wp","href":"https:\/\/api.w.org\/{rel}","templated":true}]}}