{"id":759,"date":"2022-05-10T12:42:24","date_gmt":"2022-05-10T12:42:24","guid":{"rendered":"https:\/\/projetos.lacom.ag\/cerne\/?page_id=759"},"modified":"2026-04-16T17:05:35","modified_gmt":"2026-04-16T17:05:35","slug":"consultores","status":"publish","type":"page","link":"https:\/\/anprotec.org.br\/cerne\/consultores\/","title":{"rendered":"Consultores"},"content":{"rendered":"\t\t<div data-elementor-type=\"wp-page\" data-elementor-id=\"759\" data-post-id=\"759\" data-obj-id=\"759\" class=\"elementor elementor-759 dce-elementor-post-759\">\n\t\t\t\t\t\t<div class=\"elementor-inner\">\n\t\t\t\t<div class=\"elementor-section-wrap\">\n\t\t\t\t\t\t\t<div class=\"elementor-element elementor-element-5af17ea e-container--column e-container\" data-id=\"5af17ea\" data-element_type=\"container\">\t\t\t\t<div class=\"elementor-element elementor-element-ed37f45 elementor-widget elementor-widget-heading\" data-id=\"ed37f45\" data-element_type=\"widget\" data-widget_type=\"heading.default\">\n\t\t\t\t<div class=\"elementor-widget-container\">\n\t\t\t<h2 class=\"elementor-heading-title elementor-size-default\">Estas s\u00e3o as Consultorias aprovadas no \"Edital Cerne 02\/2025 - Chamada para Credenciamento de Consultores Cerne\":<\/h2>\t\t<\/div>\n\t\t\t\t<\/div>\n\t\t<\/div><div class=\"elementor-element elementor-element-1abde52 e-container--column e-container\" data-id=\"1abde52\" data-element_type=\"container\">\t\t\t\t<div class=\"elementor-element elementor-element-4a63c9c elementor-widget__width-inherit elementor-widget elementor-widget-text-editor\" data-id=\"4a63c9c\" data-element_type=\"widget\" data-widget_type=\"text-editor.default\">\n\t\t\t\t<div class=\"elementor-widget-container\">\n\t\t\t\t\t\t\t\t<div class=\"elementor-text-editor elementor-clearfix\">\n\t\t\t\t<ul><li>Azambuja e Gast\u00e3o Ltda.<\/li><li>Funda\u00e7\u00e3o Arthur Bernardes<\/li><li>Gere Consultoria Ltda.<\/li><li>Instituto Pernambucano de Pesquisa, P\u00f3s-Gradua\u00e7\u00e3o e Empreendedorismo Ltda.<\/li><li>Innometrics Consultoria Ltda.<\/li><li>No\u00e7\u00e3os Gest\u00e3o e Inova\u00e7\u00e3o Ltda.<\/li><li>Pantone300 Sistemas Ltda.<\/li><li>Valor &amp; Foco Engenharia e Consultoria Ltda.<\/li><li>3W Intelig\u00eancia Empresarial Ltda.<\/li><\/ul>\t\t\t\t\t<\/div>\n\t\t\t\t\t\t<\/div>\n\t\t\t\t<\/div>\n\t\t<\/div>\t\t\t\t\t\t\t<\/div>\n\t\t\t<\/div>\n\t\t\t\t\t<\/div>\n\t\t","protected":false},"excerpt":{"rendered":"<p>Estas s\u00e3o as Consultorias aprovadas no &#8220;Edital Cerne 02\/2025 &#8211; Chamada para Credenciamento de Consultores Cerne&#8221;: Azambuja e Gast\u00e3o Ltda. Funda\u00e7\u00e3o Arthur Bernardes Gere Consultoria Ltda. Instituto Pernambucano de Pesquisa, P\u00f3s-Gradua\u00e7\u00e3o e Empreendedorismo Ltda. Innometrics Consultoria Ltda. No\u00e7\u00e3os Gest\u00e3o e Inova\u00e7\u00e3o Ltda. Pantone300 Sistemas Ltda. Valor &amp; Foco Engenharia e Consultoria Ltda. 3W Intelig\u00eancia Empresarial &hellip;<\/p>\n<p class=\"read-more\"> <a class=\"\" href=\"https:\/\/anprotec.org.br\/cerne\/consultores\/\"> <span class=\"screen-reader-text\">Consultores<\/span> Leia mais &raquo;<\/a><\/p>\n","protected":false},"author":1,"featured_media":0,"parent":0,"menu_order":0,"comment_status":"closed","ping_status":"closed","template":"","meta":{"footnotes":""},"class_list":["post-759","page","type-page","status-publish","hentry"],"_links":{"self":[{"href":"https:\/\/anprotec.org.br\/cerne\/wp-json\/wp\/v2\/pages\/759","targetHints":{"allow":["GET"]}}],"collection":[{"href":"https:\/\/anprotec.org.br\/cerne\/wp-json\/wp\/v2\/pages"}],"about":[{"href":"https:\/\/anprotec.org.br\/cerne\/wp-json\/wp\/v2\/types\/page"}],"author":[{"embeddable":true,"href":"https:\/\/anprotec.org.br\/cerne\/wp-json\/wp\/v2\/users\/1"}],"replies":[{"embeddable":true,"href":"https:\/\/anprotec.org.br\/cerne\/wp-json\/wp\/v2\/comments?post=759"}],"version-history":[{"count":68,"href":"https:\/\/anprotec.org.br\/cerne\/wp-json\/wp\/v2\/pages\/759\/revisions"}],"predecessor-version":[{"id":1656,"href":"https:\/\/anprotec.org.br\/cerne\/wp-json\/wp\/v2\/pages\/759\/revisions\/1656"}],"wp:attachment":[{"href":"https:\/\/anprotec.org.br\/cerne\/wp-json\/wp\/v2\/media?parent=759"}],"curies":[{"name":"wp","href":"https:\/\/api.w.org\/{rel}","templated":true}]}}