{"id":730,"date":"2022-05-09T21:01:12","date_gmt":"2022-05-09T21:01:12","guid":{"rendered":"https:\/\/projetos.lacom.ag\/cerne\/?page_id=730"},"modified":"2023-01-19T12:33:14","modified_gmt":"2023-01-19T12:33:14","slug":"agenda-de-cursos","status":"publish","type":"page","link":"https:\/\/anprotec.org.br\/cerne\/agenda-de-cursos\/","title":{"rendered":"Agenda de cursos"},"content":{"rendered":"\t\t<div data-elementor-type=\"wp-page\" data-elementor-id=\"730\" data-post-id=\"730\" data-obj-id=\"730\" class=\"elementor elementor-730 dce-elementor-post-730\">\n\t\t\t\t\t\t<div class=\"elementor-inner\">\n\t\t\t\t<div class=\"elementor-section-wrap\">\n\t\t\t\t\t\t\t<div class=\"elementor-element elementor-element-2c75138 e-container--column e-container\" data-id=\"2c75138\" data-element_type=\"container\">\t\t\t\t<div class=\"elementor-element elementor-element-2b559ec elementor-widget elementor-widget-heading\" data-id=\"2b559ec\" data-element_type=\"widget\" data-widget_type=\"heading.default\">\n\t\t\t\t<div class=\"elementor-widget-container\">\n\t\t\t<h2 class=\"elementor-heading-title elementor-size-default\">Agenda de cursos<\/h2>\t\t<\/div>\n\t\t\t\t<\/div>\n\t\t\t\t<div class=\"elementor-element elementor-element-202757a elementor-widget elementor-widget-text-editor\" data-id=\"202757a\" data-element_type=\"widget\" data-widget_type=\"text-editor.default\">\n\t\t\t\t<div class=\"elementor-widget-container\">\n\t\t\t\t\t\t\t\t<div class=\"elementor-text-editor elementor-clearfix\">\n\t\t\t\t<p>Para disseminar os processos e pr\u00e1ticas do modelo de gest\u00e3o Cerne, Anprotec e Sebrae oferecem cursos destinados a consultores e gestores de incubadoras.<\/p><p>Veja abaixo a agenda dos pr\u00f3ximos cursos.<\/p><ul><li><strong>1 a 9 de Junho de 2022<\/strong> | Curso de Planejamento e Implanta\u00e7\u00e3o de Ambientes de Inova\u00e7\u00e3o &#8211; Turma 01 | <a href=\"https:\/\/docs.google.com\/forms\/d\/e\/1FAIpQLSf44bGNCyhjpQngMEzkKvQY_nRac0Q84_1VfS0qICr4LgWaOw\/viewform\">Inscreva-se<\/a><\/li><li><strong>13 a 21 de Junho de 2022<\/strong> | Curso Digital de Implanta\u00e7\u00e3o do Modelo Cerne | <a href=\"https:\/\/docs.google.com\/forms\/d\/e\/1FAIpQLScrcfOsY9csv8DTTr3Udwv9qeTj_QgaODKwyLR-usk1SaSETw\/viewform\">Inscreva-se<\/a><\/li><li><strong>09 a 17 de Mar\u00e7o de 2023<\/strong> | Curso de Implanta\u00e7\u00e3o do Modelo Cerne de Gest\u00e3o de Incubadoras | <a href=\"https:\/\/anprotec.org.br\/cerne\/inscricoes-abertas-para-o-curso-de-implantacao-do-modelo-cerne-de-gestao-de-incubadoras-2\/\">Inscreva-se<\/a><\/li><\/ul>\t\t\t\t\t<\/div>\n\t\t\t\t\t\t<\/div>\n\t\t\t\t<\/div>\n\t\t<\/div>\t\t\t\t\t\t\t<\/div>\n\t\t\t<\/div>\n\t\t\t\t\t<\/div>\n\t\t","protected":false},"excerpt":{"rendered":"<p>Agenda de cursos Para disseminar os processos e pr\u00e1ticas do modelo de gest\u00e3o Cerne, Anprotec e Sebrae oferecem cursos destinados a consultores e gestores de incubadoras. Veja abaixo a agenda dos pr\u00f3ximos cursos. 1 a 9 de Junho de 2022 | Curso de Planejamento e Implanta\u00e7\u00e3o de Ambientes de Inova\u00e7\u00e3o &#8211; Turma 01 | Inscreva-se &hellip;<\/p>\n<p class=\"read-more\"> <a class=\"\" href=\"https:\/\/anprotec.org.br\/cerne\/agenda-de-cursos\/\"> <span class=\"screen-reader-text\">Agenda de cursos<\/span> Leia mais &raquo;<\/a><\/p>\n","protected":false},"author":1,"featured_media":0,"parent":0,"menu_order":0,"comment_status":"closed","ping_status":"closed","template":"","meta":{"footnotes":""},"class_list":["post-730","page","type-page","status-publish","hentry"],"_links":{"self":[{"href":"https:\/\/anprotec.org.br\/cerne\/wp-json\/wp\/v2\/pages\/730","targetHints":{"allow":["GET"]}}],"collection":[{"href":"https:\/\/anprotec.org.br\/cerne\/wp-json\/wp\/v2\/pages"}],"about":[{"href":"https:\/\/anprotec.org.br\/cerne\/wp-json\/wp\/v2\/types\/page"}],"author":[{"embeddable":true,"href":"https:\/\/anprotec.org.br\/cerne\/wp-json\/wp\/v2\/users\/1"}],"replies":[{"embeddable":true,"href":"https:\/\/anprotec.org.br\/cerne\/wp-json\/wp\/v2\/comments?post=730"}],"version-history":[{"count":25,"href":"https:\/\/anprotec.org.br\/cerne\/wp-json\/wp\/v2\/pages\/730\/revisions"}],"predecessor-version":[{"id":1462,"href":"https:\/\/anprotec.org.br\/cerne\/wp-json\/wp\/v2\/pages\/730\/revisions\/1462"}],"wp:attachment":[{"href":"https:\/\/anprotec.org.br\/cerne\/wp-json\/wp\/v2\/media?parent=730"}],"curies":[{"name":"wp","href":"https:\/\/api.w.org\/{rel}","templated":true}]}}