{"id":19,"date":"2022-05-03T13:47:42","date_gmt":"2022-05-03T13:47:42","guid":{"rendered":"https:\/\/projetos.lacom.ag\/cerne\/?page_id=19"},"modified":"2022-05-10T21:13:34","modified_gmt":"2022-05-10T21:13:34","slug":"artigos","status":"publish","type":"page","link":"https:\/\/anprotec.org.br\/cerne\/artigos\/","title":{"rendered":"Artigos"},"content":{"rendered":"\t\t<div data-elementor-type=\"wp-page\" data-elementor-id=\"19\" data-post-id=\"19\" data-obj-id=\"19\" class=\"elementor elementor-19 dce-elementor-post-19\">\n\t\t\t\t\t\t<div class=\"elementor-inner\">\n\t\t\t\t<div class=\"elementor-section-wrap\">\n\t\t\t\t\t\t\t<div class=\"elementor-element elementor-element-45b8e00 e-container--column e-container\" data-id=\"45b8e00\" data-element_type=\"container\">\t\t\t\t<div class=\"elementor-element elementor-element-10fc766 elementor-widget elementor-widget-heading\" data-id=\"10fc766\" data-element_type=\"widget\" data-widget_type=\"heading.default\">\n\t\t\t\t<div class=\"elementor-widget-container\">\n\t\t\t<h2 class=\"elementor-heading-title elementor-size-default\">Artigos<\/h2>\t\t<\/div>\n\t\t\t\t<\/div>\n\t\t\t\t<div class=\"elementor-element elementor-element-0c513e1 elementor-widget elementor-widget-text-editor\" data-id=\"0c513e1\" data-element_type=\"widget\" data-widget_type=\"text-editor.default\">\n\t\t\t\t<div class=\"elementor-widget-container\">\n\t\t\t\t\t\t\t\t<div class=\"elementor-text-editor elementor-clearfix\">\n\t\t\t\t<p>Artigos cient\u00edficos apresentando resultados alcan\u00e7ados com a implanta\u00e7\u00e3o do modelo Cerne.<\/p><p>\u201c<a href=\"https:\/\/anprotec.org.br\/site\/wp-content\/uploads\/2022\/05\/Reference-Center-for-Business-Incubation_-a-proposal-for-a-new-model-of-operation-PDF-Free-Download.pdf\">Reference Center for Business Incubation: a proposal for a new model of operation<\/a>\u201d \u2013 Artigo apresentado durante a 29\u00aa Confer\u00eancia da National Business Incubation Association (NBIA), em abril de 2015, na cidade de Denver, Estados Unidos. (vers\u00e3o em ingl\u00eas)<\/p>\t\t\t\t\t<\/div>\n\t\t\t\t\t\t<\/div>\n\t\t\t\t<\/div>\n\t\t<\/div>\t\t\t\t\t\t\t<\/div>\n\t\t\t<\/div>\n\t\t\t\t\t<\/div>\n\t\t","protected":false},"excerpt":{"rendered":"<p>Artigos Artigos cient\u00edficos apresentando resultados alcan\u00e7ados com a implanta\u00e7\u00e3o do modelo Cerne. \u201cReference Center for Business Incubation: a proposal for a new model of operation\u201d \u2013 Artigo apresentado durante a 29\u00aa Confer\u00eancia da National Business Incubation Association (NBIA), em abril de 2015, na cidade de Denver, Estados Unidos. (vers\u00e3o em ingl\u00eas)<\/p>\n","protected":false},"author":1,"featured_media":0,"parent":0,"menu_order":0,"comment_status":"closed","ping_status":"closed","template":"","meta":{"footnotes":""},"class_list":["post-19","page","type-page","status-publish","hentry"],"_links":{"self":[{"href":"https:\/\/anprotec.org.br\/cerne\/wp-json\/wp\/v2\/pages\/19","targetHints":{"allow":["GET"]}}],"collection":[{"href":"https:\/\/anprotec.org.br\/cerne\/wp-json\/wp\/v2\/pages"}],"about":[{"href":"https:\/\/anprotec.org.br\/cerne\/wp-json\/wp\/v2\/types\/page"}],"author":[{"embeddable":true,"href":"https:\/\/anprotec.org.br\/cerne\/wp-json\/wp\/v2\/users\/1"}],"replies":[{"embeddable":true,"href":"https:\/\/anprotec.org.br\/cerne\/wp-json\/wp\/v2\/comments?post=19"}],"version-history":[{"count":37,"href":"https:\/\/anprotec.org.br\/cerne\/wp-json\/wp\/v2\/pages\/19\/revisions"}],"predecessor-version":[{"id":1016,"href":"https:\/\/anprotec.org.br\/cerne\/wp-json\/wp\/v2\/pages\/19\/revisions\/1016"}],"wp:attachment":[{"href":"https:\/\/anprotec.org.br\/cerne\/wp-json\/wp\/v2\/media?parent=19"}],"curies":[{"name":"wp","href":"https:\/\/api.w.org\/{rel}","templated":true}]}}